{"id":9649,"date":"2022-02-17T11:41:26","date_gmt":"2022-02-17T09:41:26","guid":{"rendered":"https:\/\/www.kolibrifestivaali.org\/?page_id=9649"},"modified":"2022-02-17T11:41:30","modified_gmt":"2022-02-17T09:41:30","slug":"vi-gor-tillsammans","status":"publish","type":"page","link":"https:\/\/www.kolibrifestivaali.org\/sv\/kolibridea\/vi-gor-tillsammans\/","title":{"rendered":"Vi g\u00f6r tillsammans"},"content":{"rendered":"\n<h1 class=\"wp-block-heading\" id=\"vi-gor-tillsammans\">Vi g\u00f6r tillsammans<\/h1>\n\n\n\n<h3 class=\"kolibridea-section wp-block-heading\" id=\"motion\">Motion<\/h3>\n\n\n\n<ul class=\"wp-block-list\"><li>RIMJAM:&nbsp;Kroppen&nbsp;\u00e4r&nbsp;<a href=\"https:\/\/www.helsinkikanava.fi\/fi\/web\/helsinkikanava\/player\/vod?assetId=55518109\" target=\"_blank\" rel=\"noreferrer noopener\">toppen<\/a><\/li><li>Rymdyoga, <a rel=\"noreferrer noopener\" href=\"https:\/\/www.youtube.com\/watch?v=qNNpED8qhGY\" target=\"_blank\">yoga&nbsp;f\u00f6r&nbsp;barn.<\/a><\/li><\/ul>\n\n\n\n<h3 class=\"kolibridea-section wp-block-heading\" id=\"pyssel\">Pyssel<\/h3>\n\n\n\n<ul class=\"wp-block-list\"><li>Roliga ide\u00e9r f\u00f6r barnpyssel fr\u00e5n <a href=\"https:\/\/www.facebook.com\/groups\/222491428300581\/\" target=\"_blank\" rel=\"noreferrer noopener\">Lilla&nbsp;Luckan&nbsp;Raseborg<\/a>.<\/li><\/ul>\n\n\n\n<h3 class=\"kolibridea-section wp-block-heading\" id=\"spel\">Spel<\/h3>\n\n\n\n<ul class=\"wp-block-list\"><li>Elevspel,&nbsp;<a rel=\"noreferrer noopener\" href=\"https:\/\/www.elevspel.se\/\" target=\"_blank\">pedagogiska&nbsp;spel<\/a>&nbsp;f\u00f6r&nbsp;barn i&nbsp;skol\u00e5ldern.<\/li><li>Heureka&nbsp;<a rel=\"noreferrer noopener\" href=\"https:\/\/www.heureka.fi\/mobilspel\/?lang=sv\" target=\"_blank\">mobilspel<\/a>.<\/li><li><a rel=\"noreferrer noopener\" href=\"https:\/\/apps.apple.com\/se\/app\/schoolity-mattebollen\/id1192245855\" target=\"_blank\">Mattebollen<\/a>, en&nbsp;rolig&nbsp;app&nbsp;som&nbsp;kombinerar&nbsp;huvudr\u00e4kningar&nbsp;med&nbsp;snabba&nbsp;reflexer.<\/li><\/ul>\n\n\n\n<h3 class=\"kolibridea-section wp-block-heading\" id=\"ideer-och-forslag-for-kolibridea\">Id\u00e9er&nbsp;och&nbsp;f\u00f6rslag&nbsp;f\u00f6r Kolibr\u00cdDEA<\/h3>\n\n\n\n<p>Har du id\u00e9er du vill bidra med, kontakta g\u00e4rna oss via\u00a0<a href=\"https:\/\/www.kolibrifestivaali.org\/sv\/kolibridea\/suggestions\/\">id\u00e9er\u00a0och\u00a0f\u00f6rslag\u00a0f\u00f6r Kolibr\u00cdDEA<\/a><\/p>\n","protected":false},"excerpt":{"rendered":"<p>Vi g\u00f6r tillsammans Motion RIMJAM:&nbsp;Kroppen&nbsp;\u00e4r&nbsp;toppen Rymdyoga, yoga&nbsp;f\u00f6r&nbsp;barn. Pyssel Roliga ide\u00e9r f\u00f6r barnpyssel fr\u00e5n Lilla&nbsp;Luckan&nbsp;Raseborg. Spel Elevspel,&nbsp;pedagogiska&nbsp;spel&nbsp;f\u00f6r&nbsp;barn i&nbsp;skol\u00e5ldern. Heureka&nbsp;mobilspel. Mattebollen, en&nbsp;rolig&nbsp;app&nbsp;som&nbsp;kombinerar&nbsp;huvudr\u00e4kningar&nbsp;med&nbsp;snabba&nbsp;reflexer. [\u2026] <a href=\"https:\/\/www.kolibrifestivaali.org\/sv\/kolibridea\/vi-gor-tillsammans\/\">Lue lis\u00e4\u00e4 &raquo;<\/a><\/p>\n<div class='heateor_sss_sharing_container heateor_sss_vertical_sharing heateor_sss_bottom_sharing' style='width:34px;right: -10px;top: 100px;-webkit-box-shadow:none;box-shadow:none;' data-heateor-sss-href='https:\/\/www.kolibrifestivaali.org\/sv\/wp-json\/wp\/v2\/pages\/9649'><div class=\"heateor_sss_sharing_ul\"><a aria-label=\"Facebook\" class=\"heateor_sss_facebook\" href=\"https:\/\/www.facebook.com\/sharer\/sharer.php?u=https%3A%2F%2Fwww.kolibrifestivaali.org%2Fsv%2Fwp-json%2Fwp%2Fv2%2Fpages%2F9649\" title=\"Facebook\" rel=\"nofollow noopener\" target=\"_blank\" style=\"font-size:32px!important;box-shadow:none;display:inline-block;vertical-align:middle\"><span class=\"heateor_sss_svg\" style=\"background-color:#0765FE;width:30px;height:30px;border-radius:999px;display:inline-block;opacity:1;float:left;font-size:32px;box-shadow:none;display:inline-block;font-size:16px;padding:0 4px;vertical-align:middle;background-repeat:repeat;overflow:hidden;padding:0;cursor:pointer;box-sizing:content-box\"><svg style=\"display:block;border-radius:999px;\" focusable=\"false\" aria-hidden=\"true\" xmlns=\"http:\/\/www.w3.org\/2000\/svg\" width=\"100%\" height=\"100%\" viewBox=\"0 0 32 32\"><path fill=\"#fff\" d=\"M28 16c0-6.627-5.373-12-12-12S4 9.373 4 16c0 5.628 3.875 10.35 9.101 11.647v-7.98h-2.474V16H13.1v-1.58c0-4.085 1.849-5.978 5.859-5.978.76 0 2.072.15 2.608.298v3.325c-.283-.03-.775-.045-1.386-.045-1.967 0-2.728.745-2.728 2.683V16h3.92l-.673 3.667h-3.247v8.245C23.395 27.195 28 22.135 28 16Z\"><\/path><\/svg><\/span><\/a><a aria-label=\"X\" class=\"heateor_sss_button_x\" href=\"https:\/\/twitter.com\/intent\/tweet?text=Kolibri%20Festivaali%20-%20Kolibri%CC%81%20is%20a%20unique%20multicultural%2C%20free%20and%20open%20art%20festival%20for%20children%20and%20their%20families.&url=https%3A%2F%2Fwww.kolibrifestivaali.org%2Fsv%2Fwp-json%2Fwp%2Fv2%2Fpages%2F9649\" title=\"X\" rel=\"nofollow noopener\" target=\"_blank\" style=\"font-size:32px!important;box-shadow:none;display:inline-block;vertical-align:middle\"><span class=\"heateor_sss_svg heateor_sss_s__default heateor_sss_s_x\" style=\"background-color:#2a2a2a;width:30px;height:30px;border-radius:999px;display:inline-block;opacity:1;float:left;font-size:32px;box-shadow:none;display:inline-block;font-size:16px;padding:0 4px;vertical-align:middle;background-repeat:repeat;overflow:hidden;padding:0;cursor:pointer;box-sizing:content-box\"><svg width=\"100%\" height=\"100%\" style=\"display:block;border-radius:999px;\" focusable=\"false\" aria-hidden=\"true\" xmlns=\"http:\/\/www.w3.org\/2000\/svg\" viewBox=\"0 0 32 32\"><path fill=\"#fff\" d=\"M21.751 7h3.067l-6.7 7.658L26 25.078h-6.172l-4.833-6.32-5.531 6.32h-3.07l7.167-8.19L6 7h6.328l4.37 5.777L21.75 7Zm-1.076 16.242h1.7L11.404 8.74H9.58l11.094 14.503Z\"><\/path><\/svg><\/span><\/a><a aria-label=\"Linkedin\" class=\"heateor_sss_button_linkedin\" href=\"https:\/\/www.linkedin.com\/sharing\/share-offsite\/?url=https%3A%2F%2Fwww.kolibrifestivaali.org%2Fsv%2Fwp-json%2Fwp%2Fv2%2Fpages%2F9649\" title=\"Linkedin\" rel=\"nofollow noopener\" target=\"_blank\" style=\"font-size:32px!important;box-shadow:none;display:inline-block;vertical-align:middle\"><span class=\"heateor_sss_svg heateor_sss_s__default heateor_sss_s_linkedin\" style=\"background-color:#0077b5;width:30px;height:30px;border-radius:999px;display:inline-block;opacity:1;float:left;font-size:32px;box-shadow:none;display:inline-block;font-size:16px;padding:0 4px;vertical-align:middle;background-repeat:repeat;overflow:hidden;padding:0;cursor:pointer;box-sizing:content-box\"><svg style=\"display:block;border-radius:999px;\" focusable=\"false\" aria-hidden=\"true\" xmlns=\"http:\/\/www.w3.org\/2000\/svg\" width=\"100%\" height=\"100%\" viewBox=\"0 0 32 32\"><path d=\"M6.227 12.61h4.19v13.48h-4.19V12.61zm2.095-6.7a2.43 2.43 0 0 1 0 4.86c-1.344 0-2.428-1.09-2.428-2.43s1.084-2.43 2.428-2.43m4.72 6.7h4.02v1.84h.058c.56-1.058 1.927-2.176 3.965-2.176 4.238 0 5.02 2.792 5.02 6.42v7.395h-4.183v-6.56c0-1.564-.03-3.574-2.178-3.574-2.18 0-2.514 1.7-2.514 3.46v6.668h-4.187V12.61z\" fill=\"#fff\"><\/path><\/svg><\/span><\/a><a aria-label=\"Instagram\" class=\"heateor_sss_button_instagram\" href=\"https:\/\/www.instagram.com\/\" title=\"Instagram\" rel=\"nofollow noopener\" target=\"_blank\" style=\"font-size:32px!important;box-shadow:none;display:inline-block;vertical-align:middle\"><span class=\"heateor_sss_svg\" style=\"background-color:#53beee;width:30px;height:30px;border-radius:999px;display:inline-block;opacity:1;float:left;font-size:32px;box-shadow:none;display:inline-block;font-size:16px;padding:0 4px;vertical-align:middle;background-repeat:repeat;overflow:hidden;padding:0;cursor:pointer;box-sizing:content-box\"><svg style=\"display:block;border-radius:999px;\" version=\"1.1\" viewBox=\"-10 -10 148 148\" width=\"100%\" height=\"100%\" xml:space=\"preserve\" xmlns=\"http:\/\/www.w3.org\/2000\/svg\" xmlns:xlink=\"http:\/\/www.w3.org\/1999\/xlink\"><g><g><path d=\"M86,112H42c-14.336,0-26-11.663-26-26V42c0-14.337,11.664-26,26-26h44c14.337,0,26,11.663,26,26v44 C112,100.337,100.337,112,86,112z M42,24c-9.925,0-18,8.074-18,18v44c0,9.925,8.075,18,18,18h44c9.926,0,18-8.075,18-18V42 c0-9.926-8.074-18-18-18H42z\" fill=\"#fff\"><\/path><\/g><g><path d=\"M64,88c-13.234,0-24-10.767-24-24c0-13.234,10.766-24,24-24s24,10.766,24,24C88,77.233,77.234,88,64,88z M64,48c-8.822,0-16,7.178-16,16s7.178,16,16,16c8.822,0,16-7.178,16-16S72.822,48,64,48z\" fill=\"#fff\"><\/path><\/g><g><circle cx=\"89.5\" cy=\"38.5\" fill=\"#fff\" r=\"5.5\"><\/circle><\/g><\/g><\/svg><\/span><\/a><\/div><div class=\"heateorSssClear\"><\/div><\/div>","protected":false},"author":4,"featured_media":0,"parent":9558,"menu_order":0,"comment_status":"closed","ping_status":"closed","template":"","meta":{"_acf_changed":false,"footnotes":""},"class_list":["post-9649","page","type-page","status-publish","hentry"],"acf":[],"yoast_head":"<!-- This site is optimized with the Yoast SEO plugin v27.5 - https:\/\/yoast.com\/product\/yoast-seo-wordpress\/ -->\n<title>Vi g\u00f6r tillsammans - Kolibri Festivaali<\/title>\n<meta name=\"robots\" content=\"index, follow, max-snippet:-1, max-image-preview:large, max-video-preview:-1\" \/>\n<link rel=\"canonical\" href=\"https:\/\/www.kolibrifestivaali.org\/sv\/kolibridea\/vi-gor-tillsammans\/\" \/>\n<meta property=\"og:locale\" content=\"sv_SE\" \/>\n<meta property=\"og:type\" content=\"article\" \/>\n<meta property=\"og:title\" content=\"Vi g\u00f6r tillsammans - Kolibri Festivaali\" \/>\n<meta property=\"og:description\" content=\"Vi g\u00f6r tillsammans Motion RIMJAM:&nbsp;Kroppen&nbsp;\u00e4r&nbsp;toppen Rymdyoga, yoga&nbsp;f\u00f6r&nbsp;barn. Pyssel Roliga ide\u00e9r f\u00f6r barnpyssel fr\u00e5n Lilla&nbsp;Luckan&nbsp;Raseborg. Spel Elevspel,&nbsp;pedagogiska&nbsp;spel&nbsp;f\u00f6r&nbsp;barn i&nbsp;skol\u00e5ldern. Heureka&nbsp;mobilspel. Mattebollen, en&nbsp;rolig&nbsp;app&nbsp;som&nbsp;kombinerar&nbsp;huvudr\u00e4kningar&nbsp;med&nbsp;snabba&nbsp;reflexer. [\u2026] Lue lis\u00e4\u00e4 &raquo;\" \/>\n<meta property=\"og:url\" content=\"https:\/\/www.kolibrifestivaali.org\/sv\/kolibridea\/vi-gor-tillsammans\/\" \/>\n<meta property=\"og:site_name\" content=\"Kolibri Festivaali\" \/>\n<meta property=\"article:modified_time\" content=\"2022-02-17T09:41:30+00:00\" \/>\n<meta name=\"twitter:card\" content=\"summary_large_image\" \/>\n<meta name=\"twitter:label1\" content=\"Ber\u00e4knad l\u00e4stid\" \/>\n\t<meta name=\"twitter:data1\" content=\"1 minut\" \/>\n<script type=\"application\/ld+json\" class=\"yoast-schema-graph\">{\"@context\":\"https:\\\/\\\/schema.org\",\"@graph\":[{\"@type\":\"WebPage\",\"@id\":\"https:\\\/\\\/www.kolibrifestivaali.org\\\/sv\\\/kolibridea\\\/vi-gor-tillsammans\\\/\",\"url\":\"https:\\\/\\\/www.kolibrifestivaali.org\\\/sv\\\/kolibridea\\\/vi-gor-tillsammans\\\/\",\"name\":\"Vi g\u00f6r tillsammans - Kolibri Festivaali\",\"isPartOf\":{\"@id\":\"https:\\\/\\\/www.kolibrifestivaali.org\\\/sv\\\/#website\"},\"datePublished\":\"2022-02-17T09:41:26+00:00\",\"dateModified\":\"2022-02-17T09:41:30+00:00\",\"breadcrumb\":{\"@id\":\"https:\\\/\\\/www.kolibrifestivaali.org\\\/sv\\\/kolibridea\\\/vi-gor-tillsammans\\\/#breadcrumb\"},\"inLanguage\":\"sv-SE\",\"potentialAction\":[{\"@type\":\"ReadAction\",\"target\":[\"https:\\\/\\\/www.kolibrifestivaali.org\\\/sv\\\/kolibridea\\\/vi-gor-tillsammans\\\/\"]}]},{\"@type\":\"BreadcrumbList\",\"@id\":\"https:\\\/\\\/www.kolibrifestivaali.org\\\/sv\\\/kolibridea\\\/vi-gor-tillsammans\\\/#breadcrumb\",\"itemListElement\":[{\"@type\":\"ListItem\",\"position\":1,\"name\":\"Home\",\"item\":\"https:\\\/\\\/www.kolibrifestivaali.org\\\/sv\\\/\"},{\"@type\":\"ListItem\",\"position\":2,\"name\":\"Kolibr\u00cdDEA\",\"item\":\"https:\\\/\\\/www.kolibrifestivaali.org\\\/sv\\\/kolibridea\\\/\"},{\"@type\":\"ListItem\",\"position\":3,\"name\":\"Vi g\u00f6r tillsammans\"}]},{\"@type\":\"WebSite\",\"@id\":\"https:\\\/\\\/www.kolibrifestivaali.org\\\/sv\\\/#website\",\"url\":\"https:\\\/\\\/www.kolibrifestivaali.org\\\/sv\\\/\",\"name\":\"Kolibri Festivaali\",\"description\":\"Kolibri\u0301 is a unique multicultural, free and open art festival for children and their families.\",\"inLanguage\":\"sv-SE\"}]}<\/script>\n<!-- \/ Yoast SEO plugin. -->","yoast_head_json":{"title":"Vi g\u00f6r tillsammans - Kolibri Festivaali","robots":{"index":"index","follow":"follow","max-snippet":"max-snippet:-1","max-image-preview":"max-image-preview:large","max-video-preview":"max-video-preview:-1"},"canonical":"https:\/\/www.kolibrifestivaali.org\/sv\/kolibridea\/vi-gor-tillsammans\/","og_locale":"sv_SE","og_type":"article","og_title":"Vi g\u00f6r tillsammans - Kolibri Festivaali","og_description":"Vi g\u00f6r tillsammans Motion RIMJAM:&nbsp;Kroppen&nbsp;\u00e4r&nbsp;toppen Rymdyoga, yoga&nbsp;f\u00f6r&nbsp;barn. Pyssel Roliga ide\u00e9r f\u00f6r barnpyssel fr\u00e5n Lilla&nbsp;Luckan&nbsp;Raseborg. Spel Elevspel,&nbsp;pedagogiska&nbsp;spel&nbsp;f\u00f6r&nbsp;barn i&nbsp;skol\u00e5ldern. Heureka&nbsp;mobilspel. Mattebollen, en&nbsp;rolig&nbsp;app&nbsp;som&nbsp;kombinerar&nbsp;huvudr\u00e4kningar&nbsp;med&nbsp;snabba&nbsp;reflexer. [\u2026] Lue lis\u00e4\u00e4 &raquo;","og_url":"https:\/\/www.kolibrifestivaali.org\/sv\/kolibridea\/vi-gor-tillsammans\/","og_site_name":"Kolibri Festivaali","article_modified_time":"2022-02-17T09:41:30+00:00","twitter_card":"summary_large_image","twitter_misc":{"Ber\u00e4knad l\u00e4stid":"1 minut"},"schema":{"@context":"https:\/\/schema.org","@graph":[{"@type":"WebPage","@id":"https:\/\/www.kolibrifestivaali.org\/sv\/kolibridea\/vi-gor-tillsammans\/","url":"https:\/\/www.kolibrifestivaali.org\/sv\/kolibridea\/vi-gor-tillsammans\/","name":"Vi g\u00f6r tillsammans - Kolibri Festivaali","isPartOf":{"@id":"https:\/\/www.kolibrifestivaali.org\/sv\/#website"},"datePublished":"2022-02-17T09:41:26+00:00","dateModified":"2022-02-17T09:41:30+00:00","breadcrumb":{"@id":"https:\/\/www.kolibrifestivaali.org\/sv\/kolibridea\/vi-gor-tillsammans\/#breadcrumb"},"inLanguage":"sv-SE","potentialAction":[{"@type":"ReadAction","target":["https:\/\/www.kolibrifestivaali.org\/sv\/kolibridea\/vi-gor-tillsammans\/"]}]},{"@type":"BreadcrumbList","@id":"https:\/\/www.kolibrifestivaali.org\/sv\/kolibridea\/vi-gor-tillsammans\/#breadcrumb","itemListElement":[{"@type":"ListItem","position":1,"name":"Home","item":"https:\/\/www.kolibrifestivaali.org\/sv\/"},{"@type":"ListItem","position":2,"name":"Kolibr\u00cdDEA","item":"https:\/\/www.kolibrifestivaali.org\/sv\/kolibridea\/"},{"@type":"ListItem","position":3,"name":"Vi g\u00f6r tillsammans"}]},{"@type":"WebSite","@id":"https:\/\/www.kolibrifestivaali.org\/sv\/#website","url":"https:\/\/www.kolibrifestivaali.org\/sv\/","name":"Kolibri Festivaali","description":"Kolibri\u0301 is a unique multicultural, free and open art festival for children and their families.","inLanguage":"sv-SE"}]}},"_links":{"self":[{"href":"https:\/\/www.kolibrifestivaali.org\/sv\/wp-json\/wp\/v2\/pages\/9649","targetHints":{"allow":["GET"]}}],"collection":[{"href":"https:\/\/www.kolibrifestivaali.org\/sv\/wp-json\/wp\/v2\/pages"}],"about":[{"href":"https:\/\/www.kolibrifestivaali.org\/sv\/wp-json\/wp\/v2\/types\/page"}],"author":[{"embeddable":true,"href":"https:\/\/www.kolibrifestivaali.org\/sv\/wp-json\/wp\/v2\/users\/4"}],"replies":[{"embeddable":true,"href":"https:\/\/www.kolibrifestivaali.org\/sv\/wp-json\/wp\/v2\/comments?post=9649"}],"version-history":[{"count":1,"href":"https:\/\/www.kolibrifestivaali.org\/sv\/wp-json\/wp\/v2\/pages\/9649\/revisions"}],"predecessor-version":[{"id":9650,"href":"https:\/\/www.kolibrifestivaali.org\/sv\/wp-json\/wp\/v2\/pages\/9649\/revisions\/9650"}],"up":[{"embeddable":true,"href":"https:\/\/www.kolibrifestivaali.org\/sv\/wp-json\/wp\/v2\/pages\/9558"}],"wp:attachment":[{"href":"https:\/\/www.kolibrifestivaali.org\/sv\/wp-json\/wp\/v2\/media?parent=9649"}],"curies":[{"name":"wp","href":"https:\/\/api.w.org\/{rel}","templated":true}]}}