{"id":9552,"date":"2022-02-12T18:37:24","date_gmt":"2022-02-12T16:37:24","guid":{"rendered":"https:\/\/www.kolibrifestivaali.org\/?page_id=9552"},"modified":"2022-02-17T11:52:22","modified_gmt":"2022-02-17T09:52:22","slug":"vi-tittar-tillsammans","status":"publish","type":"page","link":"https:\/\/www.kolibrifestivaali.org\/sv\/kolibridea\/vi-tittar-tillsammans\/","title":{"rendered":"Vi tittar tillsammans"},"content":{"rendered":"\n<h1 class=\"wp-block-heading\" id=\"vi-tittar-tillsammans\">Vi tittar tillsammans<\/h1>\n\n\n\n<h3 class=\"kolibridea-section wp-block-heading\" id=\"musik\">Musik<\/h3>\n\n\n\n<ul class=\"wp-block-list\"><li>Arne Alligator&nbsp;<a href=\"https:\/\/www.youtube.com\/playlist?list=PLRN5nT8dSR6V2I3-Ppyw-3V8PBfdf-iMn\" target=\"_blank\" rel=\"noreferrer noopener\">musiskvideos<\/a><\/li><li>Musiklek&nbsp;med&nbsp;<a rel=\"noreferrer noopener\" href=\"https:\/\/www.youtube.com\/channel\/UCUfn2HLi503MZR35Vl6tJTQ\" target=\"_blank\">Ludde, Sussi&nbsp;och&nbsp;Macke<\/a>&nbsp;&nbsp;<\/li><\/ul>\n\n\n\n<h3 class=\"kolibridea-section wp-block-heading\" id=\"kanaler\">Kanaler<\/h3>\n\n\n\n<ul class=\"wp-block-list\"><li>Barnens <a rel=\"noreferrer noopener\" href=\"https:\/\/arenan.yle.fi\/barn\" target=\"_blank\">Yle Arena&nbsp;<\/a><\/li><li>De&nbsp;finlandssvenska&nbsp;l\u00e4sambassad\u00f6rernas&nbsp;<a rel=\"noreferrer noopener\" href=\"https:\/\/www.youtube.com\/channel\/UCpivNW5aRNQEQT-hHsYnpRQ\" target=\"_blank\">kanal<\/a><\/li><li>SVTs&nbsp;<a href=\"https:\/\/www.svt.se\/barnkanalen\/\" target=\"_blank\" rel=\"noreferrer noopener\">barnkanalen<\/a><\/li><\/ul>\n\n\n\n<h3 class=\"kolibridea-section wp-block-heading\" id=\"natur\">Natur<\/h3>\n\n\n\n<ul class=\"wp-block-list\"><li>K\u00e4nner du v\u00e5ra <a href=\"https:\/\/svenska.yle.fi\/artikel\/2020\/05\/23\/vara-30-vanligaste-faglar-testa-hur-bra-du-kanner-igen-dem\" target=\"_blank\" rel=\"noreferrer noopener\">f\u00e5glar<\/a>?<\/li><\/ul>\n\n\n\n<h3 class=\"kolibridea-section wp-block-heading\" id=\"ideer-och-forslag-for-kolibridea\">Id\u00e9er&nbsp;och&nbsp;f\u00f6rslag&nbsp;f\u00f6r Kolibr\u00cdDEA<\/h3>\n\n\n\n<p>Har du id\u00e9er du vill bidra med, kontakta g\u00e4rna oss via&nbsp;<a href=\"https:\/\/www.kolibrifestivaali.org\/sv\/kolibridea\/\/suggestions\">id\u00e9er&nbsp;och&nbsp;f\u00f6rslag&nbsp;f\u00f6r Kolibr\u00cdDEA<\/a><\/p>\n\n\n\n<p><\/p>\n","protected":false},"excerpt":{"rendered":"<p>Vi tittar tillsammans Musik Arne Alligator&nbsp;musiskvideos Musiklek&nbsp;med&nbsp;Ludde, Sussi&nbsp;och&nbsp;Macke&nbsp;&nbsp; Kanaler Barnens Yle Arena&nbsp; De&nbsp;finlandssvenska&nbsp;l\u00e4sambassad\u00f6rernas&nbsp;kanal SVTs&nbsp;barnkanalen Natur K\u00e4nner du v\u00e5ra f\u00e5glar? Id\u00e9er&nbsp;och&nbsp;f\u00f6rslag&nbsp;f\u00f6r [\u2026] <a href=\"https:\/\/www.kolibrifestivaali.org\/sv\/kolibridea\/vi-tittar-tillsammans\/\">Lue lis\u00e4\u00e4 &raquo;<\/a><\/p>\n<div class='heateor_sss_sharing_container heateor_sss_vertical_sharing heateor_sss_bottom_sharing' style='width:34px;right: -10px;top: 100px;-webkit-box-shadow:none;box-shadow:none;' data-heateor-sss-href='https:\/\/www.kolibrifestivaali.org\/sv\/wp-json\/wp\/v2\/pages\/9552'><div class=\"heateor_sss_sharing_ul\"><a aria-label=\"Facebook\" class=\"heateor_sss_facebook\" href=\"https:\/\/www.facebook.com\/sharer\/sharer.php?u=https%3A%2F%2Fwww.kolibrifestivaali.org%2Fsv%2Fwp-json%2Fwp%2Fv2%2Fpages%2F9552\" title=\"Facebook\" rel=\"nofollow noopener\" target=\"_blank\" style=\"font-size:32px!important;box-shadow:none;display:inline-block;vertical-align:middle\"><span class=\"heateor_sss_svg\" style=\"background-color:#0765FE;width:30px;height:30px;border-radius:999px;display:inline-block;opacity:1;float:left;font-size:32px;box-shadow:none;display:inline-block;font-size:16px;padding:0 4px;vertical-align:middle;background-repeat:repeat;overflow:hidden;padding:0;cursor:pointer;box-sizing:content-box\"><svg style=\"display:block;border-radius:999px;\" focusable=\"false\" aria-hidden=\"true\" xmlns=\"http:\/\/www.w3.org\/2000\/svg\" width=\"100%\" height=\"100%\" viewBox=\"0 0 32 32\"><path fill=\"#fff\" d=\"M28 16c0-6.627-5.373-12-12-12S4 9.373 4 16c0 5.628 3.875 10.35 9.101 11.647v-7.98h-2.474V16H13.1v-1.58c0-4.085 1.849-5.978 5.859-5.978.76 0 2.072.15 2.608.298v3.325c-.283-.03-.775-.045-1.386-.045-1.967 0-2.728.745-2.728 2.683V16h3.92l-.673 3.667h-3.247v8.245C23.395 27.195 28 22.135 28 16Z\"><\/path><\/svg><\/span><\/a><a aria-label=\"X\" class=\"heateor_sss_button_x\" href=\"https:\/\/twitter.com\/intent\/tweet?text=Kolibri%20Festivaali%20-%20Kolibri%CC%81%20is%20a%20unique%20multicultural%2C%20free%20and%20open%20art%20festival%20for%20children%20and%20their%20families.&url=https%3A%2F%2Fwww.kolibrifestivaali.org%2Fsv%2Fwp-json%2Fwp%2Fv2%2Fpages%2F9552\" title=\"X\" rel=\"nofollow noopener\" target=\"_blank\" style=\"font-size:32px!important;box-shadow:none;display:inline-block;vertical-align:middle\"><span class=\"heateor_sss_svg heateor_sss_s__default heateor_sss_s_x\" style=\"background-color:#2a2a2a;width:30px;height:30px;border-radius:999px;display:inline-block;opacity:1;float:left;font-size:32px;box-shadow:none;display:inline-block;font-size:16px;padding:0 4px;vertical-align:middle;background-repeat:repeat;overflow:hidden;padding:0;cursor:pointer;box-sizing:content-box\"><svg width=\"100%\" height=\"100%\" style=\"display:block;border-radius:999px;\" focusable=\"false\" aria-hidden=\"true\" xmlns=\"http:\/\/www.w3.org\/2000\/svg\" viewBox=\"0 0 32 32\"><path fill=\"#fff\" d=\"M21.751 7h3.067l-6.7 7.658L26 25.078h-6.172l-4.833-6.32-5.531 6.32h-3.07l7.167-8.19L6 7h6.328l4.37 5.777L21.75 7Zm-1.076 16.242h1.7L11.404 8.74H9.58l11.094 14.503Z\"><\/path><\/svg><\/span><\/a><a aria-label=\"Linkedin\" class=\"heateor_sss_button_linkedin\" href=\"https:\/\/www.linkedin.com\/sharing\/share-offsite\/?url=https%3A%2F%2Fwww.kolibrifestivaali.org%2Fsv%2Fwp-json%2Fwp%2Fv2%2Fpages%2F9552\" title=\"Linkedin\" rel=\"nofollow noopener\" target=\"_blank\" style=\"font-size:32px!important;box-shadow:none;display:inline-block;vertical-align:middle\"><span class=\"heateor_sss_svg heateor_sss_s__default heateor_sss_s_linkedin\" style=\"background-color:#0077b5;width:30px;height:30px;border-radius:999px;display:inline-block;opacity:1;float:left;font-size:32px;box-shadow:none;display:inline-block;font-size:16px;padding:0 4px;vertical-align:middle;background-repeat:repeat;overflow:hidden;padding:0;cursor:pointer;box-sizing:content-box\"><svg style=\"display:block;border-radius:999px;\" focusable=\"false\" aria-hidden=\"true\" xmlns=\"http:\/\/www.w3.org\/2000\/svg\" width=\"100%\" height=\"100%\" viewBox=\"0 0 32 32\"><path d=\"M6.227 12.61h4.19v13.48h-4.19V12.61zm2.095-6.7a2.43 2.43 0 0 1 0 4.86c-1.344 0-2.428-1.09-2.428-2.43s1.084-2.43 2.428-2.43m4.72 6.7h4.02v1.84h.058c.56-1.058 1.927-2.176 3.965-2.176 4.238 0 5.02 2.792 5.02 6.42v7.395h-4.183v-6.56c0-1.564-.03-3.574-2.178-3.574-2.18 0-2.514 1.7-2.514 3.46v6.668h-4.187V12.61z\" fill=\"#fff\"><\/path><\/svg><\/span><\/a><a aria-label=\"Instagram\" class=\"heateor_sss_button_instagram\" href=\"https:\/\/www.instagram.com\/\" title=\"Instagram\" rel=\"nofollow noopener\" target=\"_blank\" style=\"font-size:32px!important;box-shadow:none;display:inline-block;vertical-align:middle\"><span class=\"heateor_sss_svg\" style=\"background-color:#53beee;width:30px;height:30px;border-radius:999px;display:inline-block;opacity:1;float:left;font-size:32px;box-shadow:none;display:inline-block;font-size:16px;padding:0 4px;vertical-align:middle;background-repeat:repeat;overflow:hidden;padding:0;cursor:pointer;box-sizing:content-box\"><svg style=\"display:block;border-radius:999px;\" version=\"1.1\" viewBox=\"-10 -10 148 148\" width=\"100%\" height=\"100%\" xml:space=\"preserve\" xmlns=\"http:\/\/www.w3.org\/2000\/svg\" xmlns:xlink=\"http:\/\/www.w3.org\/1999\/xlink\"><g><g><path d=\"M86,112H42c-14.336,0-26-11.663-26-26V42c0-14.337,11.664-26,26-26h44c14.337,0,26,11.663,26,26v44 C112,100.337,100.337,112,86,112z M42,24c-9.925,0-18,8.074-18,18v44c0,9.925,8.075,18,18,18h44c9.926,0,18-8.075,18-18V42 c0-9.926-8.074-18-18-18H42z\" fill=\"#fff\"><\/path><\/g><g><path d=\"M64,88c-13.234,0-24-10.767-24-24c0-13.234,10.766-24,24-24s24,10.766,24,24C88,77.233,77.234,88,64,88z M64,48c-8.822,0-16,7.178-16,16s7.178,16,16,16c8.822,0,16-7.178,16-16S72.822,48,64,48z\" fill=\"#fff\"><\/path><\/g><g><circle cx=\"89.5\" cy=\"38.5\" fill=\"#fff\" r=\"5.5\"><\/circle><\/g><\/g><\/svg><\/span><\/a><\/div><div class=\"heateorSssClear\"><\/div><\/div>","protected":false},"author":4,"featured_media":0,"parent":9558,"menu_order":0,"comment_status":"closed","ping_status":"closed","template":"","meta":{"_acf_changed":false,"footnotes":""},"class_list":["post-9552","page","type-page","status-publish","hentry"],"acf":[],"yoast_head":"<!-- This site is optimized with the Yoast SEO plugin v27.4 - https:\/\/yoast.com\/product\/yoast-seo-wordpress\/ -->\n<title>Vi tittar tillsammans - Kolibri Festivaali<\/title>\n<meta name=\"robots\" content=\"index, follow, max-snippet:-1, max-image-preview:large, max-video-preview:-1\" \/>\n<link rel=\"canonical\" href=\"https:\/\/www.kolibrifestivaali.org\/sv\/kolibridea\/vi-tittar-tillsammans\/\" \/>\n<meta property=\"og:locale\" content=\"sv_SE\" \/>\n<meta property=\"og:type\" content=\"article\" \/>\n<meta property=\"og:title\" content=\"Vi tittar tillsammans - Kolibri Festivaali\" \/>\n<meta property=\"og:description\" content=\"Vi tittar tillsammans Musik Arne Alligator&nbsp;musiskvideos Musiklek&nbsp;med&nbsp;Ludde, Sussi&nbsp;och&nbsp;Macke&nbsp;&nbsp; Kanaler Barnens Yle Arena&nbsp; De&nbsp;finlandssvenska&nbsp;l\u00e4sambassad\u00f6rernas&nbsp;kanal SVTs&nbsp;barnkanalen Natur K\u00e4nner du v\u00e5ra f\u00e5glar? Id\u00e9er&nbsp;och&nbsp;f\u00f6rslag&nbsp;f\u00f6r [\u2026] Lue lis\u00e4\u00e4 &raquo;\" \/>\n<meta property=\"og:url\" content=\"https:\/\/www.kolibrifestivaali.org\/sv\/kolibridea\/vi-tittar-tillsammans\/\" \/>\n<meta property=\"og:site_name\" content=\"Kolibri Festivaali\" \/>\n<meta property=\"article:modified_time\" content=\"2022-02-17T09:52:22+00:00\" \/>\n<meta name=\"twitter:card\" content=\"summary_large_image\" \/>\n<meta name=\"twitter:label1\" content=\"Ber\u00e4knad l\u00e4stid\" \/>\n\t<meta name=\"twitter:data1\" content=\"1 minut\" \/>\n<script type=\"application\/ld+json\" class=\"yoast-schema-graph\">{\"@context\":\"https:\\\/\\\/schema.org\",\"@graph\":[{\"@type\":\"WebPage\",\"@id\":\"https:\\\/\\\/www.kolibrifestivaali.org\\\/sv\\\/kolibridea\\\/vi-tittar-tillsammans\\\/\",\"url\":\"https:\\\/\\\/www.kolibrifestivaali.org\\\/sv\\\/kolibridea\\\/vi-tittar-tillsammans\\\/\",\"name\":\"Vi tittar tillsammans - Kolibri Festivaali\",\"isPartOf\":{\"@id\":\"https:\\\/\\\/www.kolibrifestivaali.org\\\/sv\\\/#website\"},\"datePublished\":\"2022-02-12T16:37:24+00:00\",\"dateModified\":\"2022-02-17T09:52:22+00:00\",\"breadcrumb\":{\"@id\":\"https:\\\/\\\/www.kolibrifestivaali.org\\\/sv\\\/kolibridea\\\/vi-tittar-tillsammans\\\/#breadcrumb\"},\"inLanguage\":\"sv-SE\",\"potentialAction\":[{\"@type\":\"ReadAction\",\"target\":[\"https:\\\/\\\/www.kolibrifestivaali.org\\\/sv\\\/kolibridea\\\/vi-tittar-tillsammans\\\/\"]}]},{\"@type\":\"BreadcrumbList\",\"@id\":\"https:\\\/\\\/www.kolibrifestivaali.org\\\/sv\\\/kolibridea\\\/vi-tittar-tillsammans\\\/#breadcrumb\",\"itemListElement\":[{\"@type\":\"ListItem\",\"position\":1,\"name\":\"Home\",\"item\":\"https:\\\/\\\/www.kolibrifestivaali.org\\\/sv\\\/\"},{\"@type\":\"ListItem\",\"position\":2,\"name\":\"Kolibr\u00cdDEA\",\"item\":\"https:\\\/\\\/www.kolibrifestivaali.org\\\/sv\\\/kolibridea\\\/\"},{\"@type\":\"ListItem\",\"position\":3,\"name\":\"Vi tittar tillsammans\"}]},{\"@type\":\"WebSite\",\"@id\":\"https:\\\/\\\/www.kolibrifestivaali.org\\\/sv\\\/#website\",\"url\":\"https:\\\/\\\/www.kolibrifestivaali.org\\\/sv\\\/\",\"name\":\"Kolibri Festivaali\",\"description\":\"Kolibri\u0301 is a unique multicultural, free and open art festival for children and their families.\",\"inLanguage\":\"sv-SE\"}]}<\/script>\n<!-- \/ Yoast SEO plugin. -->","yoast_head_json":{"title":"Vi tittar tillsammans - Kolibri Festivaali","robots":{"index":"index","follow":"follow","max-snippet":"max-snippet:-1","max-image-preview":"max-image-preview:large","max-video-preview":"max-video-preview:-1"},"canonical":"https:\/\/www.kolibrifestivaali.org\/sv\/kolibridea\/vi-tittar-tillsammans\/","og_locale":"sv_SE","og_type":"article","og_title":"Vi tittar tillsammans - Kolibri Festivaali","og_description":"Vi tittar tillsammans Musik Arne Alligator&nbsp;musiskvideos Musiklek&nbsp;med&nbsp;Ludde, Sussi&nbsp;och&nbsp;Macke&nbsp;&nbsp; Kanaler Barnens Yle Arena&nbsp; De&nbsp;finlandssvenska&nbsp;l\u00e4sambassad\u00f6rernas&nbsp;kanal SVTs&nbsp;barnkanalen Natur K\u00e4nner du v\u00e5ra f\u00e5glar? Id\u00e9er&nbsp;och&nbsp;f\u00f6rslag&nbsp;f\u00f6r [\u2026] Lue lis\u00e4\u00e4 &raquo;","og_url":"https:\/\/www.kolibrifestivaali.org\/sv\/kolibridea\/vi-tittar-tillsammans\/","og_site_name":"Kolibri Festivaali","article_modified_time":"2022-02-17T09:52:22+00:00","twitter_card":"summary_large_image","twitter_misc":{"Ber\u00e4knad l\u00e4stid":"1 minut"},"schema":{"@context":"https:\/\/schema.org","@graph":[{"@type":"WebPage","@id":"https:\/\/www.kolibrifestivaali.org\/sv\/kolibridea\/vi-tittar-tillsammans\/","url":"https:\/\/www.kolibrifestivaali.org\/sv\/kolibridea\/vi-tittar-tillsammans\/","name":"Vi tittar tillsammans - Kolibri Festivaali","isPartOf":{"@id":"https:\/\/www.kolibrifestivaali.org\/sv\/#website"},"datePublished":"2022-02-12T16:37:24+00:00","dateModified":"2022-02-17T09:52:22+00:00","breadcrumb":{"@id":"https:\/\/www.kolibrifestivaali.org\/sv\/kolibridea\/vi-tittar-tillsammans\/#breadcrumb"},"inLanguage":"sv-SE","potentialAction":[{"@type":"ReadAction","target":["https:\/\/www.kolibrifestivaali.org\/sv\/kolibridea\/vi-tittar-tillsammans\/"]}]},{"@type":"BreadcrumbList","@id":"https:\/\/www.kolibrifestivaali.org\/sv\/kolibridea\/vi-tittar-tillsammans\/#breadcrumb","itemListElement":[{"@type":"ListItem","position":1,"name":"Home","item":"https:\/\/www.kolibrifestivaali.org\/sv\/"},{"@type":"ListItem","position":2,"name":"Kolibr\u00cdDEA","item":"https:\/\/www.kolibrifestivaali.org\/sv\/kolibridea\/"},{"@type":"ListItem","position":3,"name":"Vi tittar tillsammans"}]},{"@type":"WebSite","@id":"https:\/\/www.kolibrifestivaali.org\/sv\/#website","url":"https:\/\/www.kolibrifestivaali.org\/sv\/","name":"Kolibri Festivaali","description":"Kolibri\u0301 is a unique multicultural, free and open art festival for children and their families.","inLanguage":"sv-SE"}]}},"_links":{"self":[{"href":"https:\/\/www.kolibrifestivaali.org\/sv\/wp-json\/wp\/v2\/pages\/9552","targetHints":{"allow":["GET"]}}],"collection":[{"href":"https:\/\/www.kolibrifestivaali.org\/sv\/wp-json\/wp\/v2\/pages"}],"about":[{"href":"https:\/\/www.kolibrifestivaali.org\/sv\/wp-json\/wp\/v2\/types\/page"}],"author":[{"embeddable":true,"href":"https:\/\/www.kolibrifestivaali.org\/sv\/wp-json\/wp\/v2\/users\/4"}],"replies":[{"embeddable":true,"href":"https:\/\/www.kolibrifestivaali.org\/sv\/wp-json\/wp\/v2\/comments?post=9552"}],"version-history":[{"count":3,"href":"https:\/\/www.kolibrifestivaali.org\/sv\/wp-json\/wp\/v2\/pages\/9552\/revisions"}],"predecessor-version":[{"id":9655,"href":"https:\/\/www.kolibrifestivaali.org\/sv\/wp-json\/wp\/v2\/pages\/9552\/revisions\/9655"}],"up":[{"embeddable":true,"href":"https:\/\/www.kolibrifestivaali.org\/sv\/wp-json\/wp\/v2\/pages\/9558"}],"wp:attachment":[{"href":"https:\/\/www.kolibrifestivaali.org\/sv\/wp-json\/wp\/v2\/media?parent=9552"}],"curies":[{"name":"wp","href":"https:\/\/api.w.org\/{rel}","templated":true}]}}