{"id":9622,"date":"2022-02-16T21:35:00","date_gmt":"2022-02-16T19:35:00","guid":{"rendered":"https:\/\/www.kolibrifestivaali.org\/?page_id=9622"},"modified":"2022-02-16T21:35:04","modified_gmt":"2022-02-16T19:35:04","slug":"para-fazer-juntos","status":"publish","type":"page","link":"https:\/\/www.kolibrifestivaali.org\/pt-pt\/kolibridea\/para-fazer-juntos\/","title":{"rendered":"Para fazer juntos"},"content":{"rendered":"\n<h1 class=\"wp-block-heading\" id=\"para-fazer-juntos\">Para fazer juntos<\/h1>\n\n\n\n<h3 class=\"kolibridea-section wp-block-heading\" id=\"danca-exercicio-fisico\">Dan\u00e7a\/Exerc\u00edcio F\u00edsico<\/h3>\n\n\n\n<ul class=\"wp-block-list\"><li><a rel=\"noreferrer noopener\" href=\"https:\/\/m.youtube.com\/channel\/UCXrI85ZJWX2gUmaRhjKgmDA\" target=\"_blank\">Ferradura Capoeira:<\/a> aula de capoeira em casa para crian\u00e7as.<\/li><li><a rel=\"noreferrer noopener\" href=\"http:\/\/vimeo.com\/grupocorpo\" target=\"_blank\">Grupo Corpo<\/a>: liberada a&nbsp;visualiza\u00e7\u00e3o&nbsp;de&nbsp;seus&nbsp;espet\u00e1culos. Clique no link&nbsp;,&nbsp;escolha&nbsp;para&nbsp;alugar&nbsp;os&nbsp;espet\u00e1culos&nbsp;da&nbsp;semana&nbsp;(at\u00e9&nbsp;29\/03: \u201cLecuona\u201d e \u201c21\u201d) e,&nbsp;na&nbsp;p\u00e1gina&nbsp;de&nbsp;pagamento,&nbsp;digite&nbsp;o&nbsp;c\u00f3digo&nbsp;\u201cgrupocorpo45anos\u201d. A&nbsp;cada&nbsp;semana&nbsp;novos&nbsp;espet\u00e1culos&nbsp;ficar\u00e3o&nbsp;dispon\u00edveis.<\/li><li><a rel=\"noreferrer noopener\" href=\"https:\/\/www.youtube.com\/watch?v=T82kgKr1cOY\" target=\"_blank\">Aprenda a fazer estrelinha<\/a> com Joanas D\u2019Ar Circos A\u00e9reos.<\/li><li><a rel=\"noreferrer noopener\" href=\"https:\/\/www.youtube.com\/channel\/UC1KbEy4zE-hczRJVtSX6qtg\/videos\" target=\"_blank\">Desafios do grupo Joanas D\u2019Ar Circos A\u00e9reos<\/a>: atividades f\u00edsicas pra fazer durante a quarentena.&nbsp;Novos desafios ser\u00e3o lan\u00e7ados no canal&nbsp;do YouTube&nbsp;\u201c<a rel=\"noreferrer noopener\" href=\"https:\/\/www.youtube.com\/channel\/UC1KbEy4zE-hczRJVtSX6qtg?view_as=public\" target=\"_blank\">Todxs&nbsp;contra Coronav\u00edrus<\/a>\u201d, do Instituto de Leitura Quindim.<ul><li><a rel=\"noreferrer noopener\" href=\"https:\/\/www.youtube.com\/watch?v=KHzxTYoXd-4\" target=\"_blank\">Desafio 1<\/a>: Escalar a cadeira.<\/li><li><a rel=\"noreferrer noopener\" href=\"https:\/\/www.youtube.com\/watch?v=hV5PyldweiY\" target=\"_blank\">Desafio 2<\/a>: Atravessar a mesa.<\/li><li><a rel=\"noreferrer noopener\" href=\"https:\/\/www.youtube.com\/watch?v=ZiUMlK1zIU0\" target=\"_blank\">Desafio 3<\/a>: Caminhada do Carangueijo.<\/li><li><a rel=\"noreferrer noopener\" href=\"https:\/\/www.youtube.com\/watch?v=BDkzhUunqDo\" target=\"_blank\">Desafio 4<\/a>: Pegue a Moeda.<\/li><li><a rel=\"noreferrer noopener\" href=\"https:\/\/www.youtube.com\/watch?v=4PX0pto4664\" target=\"_blank\">Desafio 5<\/a>: Passe a Perna.<\/li><li><a rel=\"noreferrer noopener\" href=\"https:\/\/www.youtube.com\/watch?v=Dj6h1IJ0CME\" target=\"_blank\">Desafio 6<\/a>: 3 Bast\u00f5es.<\/li><li><a rel=\"noreferrer noopener\" href=\"https:\/\/www.youtube.com\/watch?v=B29Y-K6jQWA\" target=\"_blank\">Desafio 7<\/a>: Perna Compasso.<\/li><\/ul><\/li><li><a rel=\"noreferrer noopener\" href=\"https:\/\/www.meloteca.com\/jogos-musicais-de-saltar\/\" target=\"_blank\">Jogos musicais de saltar<\/a>: Meloteca (cole\u00e7\u00e3o de brincadeiras com rimas e m\u00fasica que estimulam a atividade f\u00edsica).<\/li><\/ul>\n\n\n\n<h3 class=\"kolibridea-section wp-block-heading\" id=\"jogos\">Jogos<\/h3>\n\n\n\n<ul class=\"wp-block-list\"><li><a rel=\"noreferrer noopener\" href=\"https:\/\/www.meloteca.com\/jogos-musicais-em-casa\/\" target=\"_blank\">Jogo Musical em Casa<\/a>, Meloteca (trabalhe no\u00e7\u00e3o de ritmo e compasso musical em um jogo simples).<\/li><li><a rel=\"noreferrer noopener\" href=\"https:\/\/www.meloteca.com\/brincar-musical-nee-er-1\/\" target=\"_blank\">Brincar Musical NEE ER<\/a>, Meloteca (jogos e din\u00e2micas m\u00fasicais para crian\u00e7as com necessidades especiais ou dificuldades de aprendizagem que frequentam escola regular).<\/li><\/ul>\n\n\n\n<h3 class=\"kolibridea-section wp-block-heading\" id=\"para-fazer-musica\">Para&nbsp;fazer&nbsp;m\u00fasica&nbsp;<\/h3>\n\n\n\n<ul class=\"wp-block-list\"><li><a rel=\"noreferrer noopener\" href=\"https:\/\/musiclab.chromeexperiments.com\/\" target=\"_blank\">Chrome&nbsp;Experiments<\/a>: experimenta\u00e7\u00e3o&nbsp;criativa.<\/li><\/ul>\n\n\n\n<h3 class=\"kolibridea-section wp-block-heading\" id=\"ideias\">Id\u00e9ias&nbsp;&nbsp;<\/h3>\n\n\n\n<ul class=\"wp-block-list\"><li><a rel=\"noreferrer noopener\" href=\"https:\/\/www.facebook.com\/pages\/category\/Baby-Goods-Kids-Goods\/Alfabeto-Encantado-864361873919135\/\" target=\"_blank\">Alfabeto Encantado<\/a>: oficina infantil de Cultura Brasileira.<\/li><li>Instituto de Leitura Quindim: cultura e leitura para a inf\u00e2ncia, <a rel=\"noreferrer noopener\" href=\"https:\/\/www.youtube.com\/channel\/UC1KbEy4zE-hczRJVtSX6qtg\/videos\" target=\"_blank\">conta\u00e7\u00e3o&nbsp;de hist\u00f3rias,&nbsp;id\u00e9ias&nbsp;de atividades e brincadeiras<\/a>.<\/li><li><a rel=\"noreferrer noopener\" href=\"https:\/\/lunetas.com.br\/\" target=\"_blank\">Portal Lunetas <\/a>\u2013 artigos, not\u00edcias, brincadeiras, v\u00eddeos, m\u00fasica.<\/li><li><a rel=\"noreferrer noopener\" href=\"https:\/\/www.tempojunto.com\/\" target=\"_blank\">Tempo junto<\/a>: brincadeiras&nbsp;e atividades.<\/li><\/ul>\n\n\n\n<h3 class=\"kolibridea-section wp-block-heading\" id=\"arte-e-artesanato\">Arte&nbsp;e&nbsp;artesanato&nbsp;<\/h3>\n\n\n\n<ul class=\"wp-block-list\"><li><a href=\"https:\/\/cursos.faber-castell.com.br\/courses\/play-na-criatividade-1\" target=\"_blank\" rel=\"noreferrer noopener\">Faber&nbsp;Castell<\/a>:&nbsp;cursos&nbsp;de&nbsp;arte&nbsp;e&nbsp;desenho&nbsp;disponibilizados&nbsp;online&nbsp;gratuitamente.<\/li><li><a rel=\"noreferrer noopener\" href=\"https:\/\/www.facebook.com\/AlemDaCasaAmarela\/posts\/3068940479802819\" target=\"_blank\">Al\u00e9m da Casa Amarela<\/a>: P\u00e1gina do Facebook que posta id\u00e9ias de artesanato, com instru\u00e7\u00f5es sobre como fazer (h\u00e1 inclusive um tutorial para fazer m\u00e1scaras de prote\u00e7\u00e3o para crian\u00e7as com desenho de rosto de bichinhos).<\/li><\/ul>\n\n\n\n<h3 class=\"kolibridea-section wp-block-heading\" id=\"origami\">Origami&nbsp;<\/h3>\n\n\n\n<ul class=\"wp-block-list\"><li><a rel=\"noreferrer noopener\" href=\"https:\/\/coisasdojapao.com\/2018\/05\/8-tutoriais-de-origami-de-pokemon-para-fazer\/?fbclid=IwAR2PJZ6PQTQGXQW7KZsjNC9RAI3RA0UjmsRGTG58qKWHMY2zC4oSDaH6rGA&amp;utm_source=facebook&amp;utm_medium=website&amp;utm_campaign=SocialSnap\" target=\"_blank\">Pokemon&nbsp;de Origami<\/a>: tutoriais.<\/li><\/ul>\n\n\n\n<h3 class=\"kolibridea-section wp-block-heading\" id=\"ciencia\">Ci\u00eancia<\/h3>\n\n\n\n<ul class=\"wp-block-list\"><li><a rel=\"noreferrer noopener\" href=\"https:\/\/www.rtp.pt\/antena2\/destaques\/da-minha-janela-aves-e-musica-em-tempos-de-confinamento_4499?fbclid=IwAR0VX8HrHWPYL2_jvSlILD2Fw-HAI2pGuFxup7RKbNbjrn14-umLSnZI7Aw\" target=\"_blank\">Da Minha Janela\u2026 Aves e M\u00fasica em Tempos de Confinamento<\/a>: Cada v\u00eddeo \u00e9 dedicado a uma ave ou grupo de aves que podemos ver da nossa janela, com informa\u00e7\u00f5es sobre a ave, os sons que produz, uma representa\u00e7\u00e3o musical da mesma, ou composi\u00e7\u00f5es que de algum modo a ela aludem.<\/li><li><a rel=\"noreferrer noopener\" href=\"https:\/\/kids.frontiersin.org\/\" target=\"_blank\">Frontiers&nbsp;for&nbsp;Young&nbsp;Minds<\/a>&nbsp;(ingl\u00eas):&nbsp;artigos&nbsp;sobre&nbsp;ci\u00eancia&nbsp;editados&nbsp;e&nbsp;revisados&nbsp;por&nbsp;crian\u00e7as.<\/li><li><a rel=\"noreferrer noopener\" href=\"https:\/\/www.nasa.gov\/kidsclub\/index.html\" target=\"_blank\">NASA, Clube de Crian\u00e7as<\/a> (ingl\u00eas): atividades, livros e jogos.<\/li><li><a rel=\"noreferrer noopener\" href=\"https:\/\/www.youtube.com\/watch?v=WRtwWGLoNBI\" target=\"_blank\">Matem\u00e1tica na natureza<\/a>: por Yvette Pais, usando apenas folhas, galhos, sementes e objetos do seu jardim, explore conceitos cient\u00edficos de observa\u00e7\u00e3o e classifica\u00e7\u00e3o e escreva o alfabeto com elementos da natureza.<\/li><li><a rel=\"noreferrer noopener\" href=\"https:\/\/www.ccvfloresta.com\/ciencia-viva-em-casa\" target=\"_blank\">Centro Ci\u00eancia Viva da Floresta Proen\u00e7a-a-Nova<\/a>: p\u00e1gina com atividades cient\u00edficas, hist\u00f3rias e conscientiza\u00e7\u00e3o ambiental. Destacamos:<ul><li><a rel=\"noreferrer noopener\" href=\"https:\/\/www.youtube.com\/watch?v=51U2E_db9As\" target=\"_blank\">A Flora Explora\u2026 Os Vulc\u00f5es!<\/a>, aprenda a simular uma explos\u00e3o vulc\u00e2nica em casa.<\/li><li><a rel=\"noreferrer noopener\" href=\"https:\/\/www.ccvfloresta.com\/postal-eletrico\" target=\"_blank\">Postal El\u00e9trico<\/a>, aprenda a fazer um cart\u00e3o com luzes, criando seu pr\u00f3prio circuito el\u00e9trico.<\/li><\/ul><\/li><\/ul>\n\n\n\n<h3 class=\"wp-block-heading\" id=\"material-escolar\">Material escolar<\/h3>\n\n\n\n<ul class=\"wp-block-list\"><li><a rel=\"noreferrer noopener\" href=\"https:\/\/www.escolavirtual.pt\/Alunos-e-Pais\/licencadigital.htm\" target=\"_blank\">Escola Virtual<\/a>: temporariamente com acesso gratuito a materiais e conte\u00fados escolares.<\/li><li><a rel=\"noreferrer noopener\" href=\"https:\/\/khankids.zendesk.com\/hc\/en-us\/articles\/360040315632-How-to-use-Khan-Academy-Kids-for-remote-learning\" target=\"_blank\">Khan Academy Kids<\/a>: aplicativo com atividades e cursos.<\/li><\/ul>\n\n\n\n<h3 class=\"kolibridea-section wp-block-heading\" id=\"sugestoes-para-kolibridea\">Sugest\u00f5es para Kolibr\u00cdDEA<\/h3>\n\n\n\n<p>Caso queira adicionar outras ideias, escreva-nos para:\u00a0<a href=\"https:\/\/www.kolibrifestivaali.org\/pt-pt\/kolibridea\/suggestions\/\">sugest\u00f5es para Kolibr\u00cdDEA<\/a><\/p>\n","protected":false},"excerpt":{"rendered":"<p>Para fazer juntos Dan\u00e7a\/Exerc\u00edcio F\u00edsico Ferradura Capoeira: aula de capoeira em casa para crian\u00e7as. Grupo Corpo: liberada a&nbsp;visualiza\u00e7\u00e3o&nbsp;de&nbsp;seus&nbsp;espet\u00e1culos. Clique no [\u2026] <a href=\"https:\/\/www.kolibrifestivaali.org\/pt-pt\/kolibridea\/para-fazer-juntos\/\">Lue lis\u00e4\u00e4 &raquo;<\/a><\/p>\n<div class='heateor_sss_sharing_container heateor_sss_vertical_sharing heateor_sss_bottom_sharing' style='width:34px;right: -10px;top: 100px;-webkit-box-shadow:none;box-shadow:none;' data-heateor-sss-href='https:\/\/www.kolibrifestivaali.org\/pt-pt\/wp-json\/wp\/v2\/pages\/9622'><div class=\"heateor_sss_sharing_ul\"><a aria-label=\"Facebook\" class=\"heateor_sss_facebook\" href=\"https:\/\/www.facebook.com\/sharer\/sharer.php?u=https%3A%2F%2Fwww.kolibrifestivaali.org%2Fpt-pt%2Fwp-json%2Fwp%2Fv2%2Fpages%2F9622\" title=\"Facebook\" rel=\"nofollow noopener\" target=\"_blank\" style=\"font-size:32px!important;box-shadow:none;display:inline-block;vertical-align:middle\"><span class=\"heateor_sss_svg\" style=\"background-color:#0765FE;width:30px;height:30px;border-radius:999px;display:inline-block;opacity:1;float:left;font-size:32px;box-shadow:none;display:inline-block;font-size:16px;padding:0 4px;vertical-align:middle;background-repeat:repeat;overflow:hidden;padding:0;cursor:pointer;box-sizing:content-box\"><svg style=\"display:block;border-radius:999px;\" focusable=\"false\" aria-hidden=\"true\" xmlns=\"http:\/\/www.w3.org\/2000\/svg\" width=\"100%\" height=\"100%\" viewBox=\"0 0 32 32\"><path fill=\"#fff\" d=\"M28 16c0-6.627-5.373-12-12-12S4 9.373 4 16c0 5.628 3.875 10.35 9.101 11.647v-7.98h-2.474V16H13.1v-1.58c0-4.085 1.849-5.978 5.859-5.978.76 0 2.072.15 2.608.298v3.325c-.283-.03-.775-.045-1.386-.045-1.967 0-2.728.745-2.728 2.683V16h3.92l-.673 3.667h-3.247v8.245C23.395 27.195 28 22.135 28 16Z\"><\/path><\/svg><\/span><\/a><a aria-label=\"X\" class=\"heateor_sss_button_x\" href=\"https:\/\/twitter.com\/intent\/tweet?text=Kolibri%20Festivaali%20-%20Kolibri%CC%81%20is%20a%20unique%20multicultural%2C%20free%20and%20open%20art%20festival%20for%20children%20and%20their%20families.&url=https%3A%2F%2Fwww.kolibrifestivaali.org%2Fpt-pt%2Fwp-json%2Fwp%2Fv2%2Fpages%2F9622\" title=\"X\" rel=\"nofollow noopener\" target=\"_blank\" style=\"font-size:32px!important;box-shadow:none;display:inline-block;vertical-align:middle\"><span class=\"heateor_sss_svg heateor_sss_s__default heateor_sss_s_x\" style=\"background-color:#2a2a2a;width:30px;height:30px;border-radius:999px;display:inline-block;opacity:1;float:left;font-size:32px;box-shadow:none;display:inline-block;font-size:16px;padding:0 4px;vertical-align:middle;background-repeat:repeat;overflow:hidden;padding:0;cursor:pointer;box-sizing:content-box\"><svg width=\"100%\" height=\"100%\" style=\"display:block;border-radius:999px;\" focusable=\"false\" aria-hidden=\"true\" xmlns=\"http:\/\/www.w3.org\/2000\/svg\" viewBox=\"0 0 32 32\"><path fill=\"#fff\" d=\"M21.751 7h3.067l-6.7 7.658L26 25.078h-6.172l-4.833-6.32-5.531 6.32h-3.07l7.167-8.19L6 7h6.328l4.37 5.777L21.75 7Zm-1.076 16.242h1.7L11.404 8.74H9.58l11.094 14.503Z\"><\/path><\/svg><\/span><\/a><a aria-label=\"Linkedin\" class=\"heateor_sss_button_linkedin\" href=\"https:\/\/www.linkedin.com\/sharing\/share-offsite\/?url=https%3A%2F%2Fwww.kolibrifestivaali.org%2Fpt-pt%2Fwp-json%2Fwp%2Fv2%2Fpages%2F9622\" title=\"Linkedin\" rel=\"nofollow noopener\" target=\"_blank\" style=\"font-size:32px!important;box-shadow:none;display:inline-block;vertical-align:middle\"><span class=\"heateor_sss_svg heateor_sss_s__default heateor_sss_s_linkedin\" style=\"background-color:#0077b5;width:30px;height:30px;border-radius:999px;display:inline-block;opacity:1;float:left;font-size:32px;box-shadow:none;display:inline-block;font-size:16px;padding:0 4px;vertical-align:middle;background-repeat:repeat;overflow:hidden;padding:0;cursor:pointer;box-sizing:content-box\"><svg style=\"display:block;border-radius:999px;\" focusable=\"false\" aria-hidden=\"true\" xmlns=\"http:\/\/www.w3.org\/2000\/svg\" width=\"100%\" height=\"100%\" viewBox=\"0 0 32 32\"><path d=\"M6.227 12.61h4.19v13.48h-4.19V12.61zm2.095-6.7a2.43 2.43 0 0 1 0 4.86c-1.344 0-2.428-1.09-2.428-2.43s1.084-2.43 2.428-2.43m4.72 6.7h4.02v1.84h.058c.56-1.058 1.927-2.176 3.965-2.176 4.238 0 5.02 2.792 5.02 6.42v7.395h-4.183v-6.56c0-1.564-.03-3.574-2.178-3.574-2.18 0-2.514 1.7-2.514 3.46v6.668h-4.187V12.61z\" fill=\"#fff\"><\/path><\/svg><\/span><\/a><a aria-label=\"Instagram\" class=\"heateor_sss_button_instagram\" href=\"https:\/\/www.instagram.com\/\" title=\"Instagram\" rel=\"nofollow noopener\" target=\"_blank\" style=\"font-size:32px!important;box-shadow:none;display:inline-block;vertical-align:middle\"><span class=\"heateor_sss_svg\" style=\"background-color:#53beee;width:30px;height:30px;border-radius:999px;display:inline-block;opacity:1;float:left;font-size:32px;box-shadow:none;display:inline-block;font-size:16px;padding:0 4px;vertical-align:middle;background-repeat:repeat;overflow:hidden;padding:0;cursor:pointer;box-sizing:content-box\"><svg style=\"display:block;border-radius:999px;\" version=\"1.1\" viewBox=\"-10 -10 148 148\" width=\"100%\" height=\"100%\" xml:space=\"preserve\" xmlns=\"http:\/\/www.w3.org\/2000\/svg\" xmlns:xlink=\"http:\/\/www.w3.org\/1999\/xlink\"><g><g><path d=\"M86,112H42c-14.336,0-26-11.663-26-26V42c0-14.337,11.664-26,26-26h44c14.337,0,26,11.663,26,26v44 C112,100.337,100.337,112,86,112z M42,24c-9.925,0-18,8.074-18,18v44c0,9.925,8.075,18,18,18h44c9.926,0,18-8.075,18-18V42 c0-9.926-8.074-18-18-18H42z\" fill=\"#fff\"><\/path><\/g><g><path d=\"M64,88c-13.234,0-24-10.767-24-24c0-13.234,10.766-24,24-24s24,10.766,24,24C88,77.233,77.234,88,64,88z M64,48c-8.822,0-16,7.178-16,16s7.178,16,16,16c8.822,0,16-7.178,16-16S72.822,48,64,48z\" fill=\"#fff\"><\/path><\/g><g><circle cx=\"89.5\" cy=\"38.5\" fill=\"#fff\" r=\"5.5\"><\/circle><\/g><\/g><\/svg><\/span><\/a><\/div><div class=\"heateorSssClear\"><\/div><\/div>","protected":false},"author":4,"featured_media":0,"parent":9554,"menu_order":0,"comment_status":"closed","ping_status":"closed","template":"","meta":{"_acf_changed":false,"footnotes":""},"class_list":["post-9622","page","type-page","status-publish","hentry"],"acf":[],"yoast_head":"<!-- This site is optimized with the Yoast SEO plugin v27.4 - https:\/\/yoast.com\/product\/yoast-seo-wordpress\/ -->\n<title>Para fazer juntos - Kolibri Festivaali<\/title>\n<meta name=\"robots\" content=\"index, follow, max-snippet:-1, max-image-preview:large, max-video-preview:-1\" \/>\n<link rel=\"canonical\" href=\"https:\/\/www.kolibrifestivaali.org\/pt-pt\/kolibridea\/para-fazer-juntos\/\" \/>\n<meta property=\"og:locale\" content=\"pt_PT\" \/>\n<meta property=\"og:type\" content=\"article\" \/>\n<meta property=\"og:title\" content=\"Para fazer juntos - Kolibri Festivaali\" \/>\n<meta property=\"og:description\" content=\"Para fazer juntos Dan\u00e7a\/Exerc\u00edcio F\u00edsico Ferradura Capoeira: aula de capoeira em casa para crian\u00e7as. Grupo Corpo: liberada a&nbsp;visualiza\u00e7\u00e3o&nbsp;de&nbsp;seus&nbsp;espet\u00e1culos. Clique no [\u2026] Lue lis\u00e4\u00e4 &raquo;\" \/>\n<meta property=\"og:url\" content=\"https:\/\/www.kolibrifestivaali.org\/pt-pt\/kolibridea\/para-fazer-juntos\/\" \/>\n<meta property=\"og:site_name\" content=\"Kolibri Festivaali\" \/>\n<meta property=\"article:modified_time\" content=\"2022-02-16T19:35:04+00:00\" \/>\n<meta name=\"twitter:card\" content=\"summary_large_image\" \/>\n<meta name=\"twitter:label1\" content=\"Tempo estimado de leitura\" \/>\n\t<meta name=\"twitter:data1\" content=\"2 minutos\" \/>\n<script type=\"application\/ld+json\" class=\"yoast-schema-graph\">{\"@context\":\"https:\\\/\\\/schema.org\",\"@graph\":[{\"@type\":\"WebPage\",\"@id\":\"https:\\\/\\\/www.kolibrifestivaali.org\\\/pt-pt\\\/kolibridea\\\/para-fazer-juntos\\\/\",\"url\":\"https:\\\/\\\/www.kolibrifestivaali.org\\\/pt-pt\\\/kolibridea\\\/para-fazer-juntos\\\/\",\"name\":\"Para fazer juntos - Kolibri Festivaali\",\"isPartOf\":{\"@id\":\"https:\\\/\\\/www.kolibrifestivaali.org\\\/pt-pt\\\/#website\"},\"datePublished\":\"2022-02-16T19:35:00+00:00\",\"dateModified\":\"2022-02-16T19:35:04+00:00\",\"breadcrumb\":{\"@id\":\"https:\\\/\\\/www.kolibrifestivaali.org\\\/pt-pt\\\/kolibridea\\\/para-fazer-juntos\\\/#breadcrumb\"},\"inLanguage\":\"pt-PT\",\"potentialAction\":[{\"@type\":\"ReadAction\",\"target\":[\"https:\\\/\\\/www.kolibrifestivaali.org\\\/pt-pt\\\/kolibridea\\\/para-fazer-juntos\\\/\"]}]},{\"@type\":\"BreadcrumbList\",\"@id\":\"https:\\\/\\\/www.kolibrifestivaali.org\\\/pt-pt\\\/kolibridea\\\/para-fazer-juntos\\\/#breadcrumb\",\"itemListElement\":[{\"@type\":\"ListItem\",\"position\":1,\"name\":\"Home\",\"item\":\"https:\\\/\\\/www.kolibrifestivaali.org\\\/pt-pt\\\/\"},{\"@type\":\"ListItem\",\"position\":2,\"name\":\"Kolibr\u00cdDEA\",\"item\":\"https:\\\/\\\/www.kolibrifestivaali.org\\\/pt-pt\\\/kolibridea\\\/\"},{\"@type\":\"ListItem\",\"position\":3,\"name\":\"Para fazer juntos\"}]},{\"@type\":\"WebSite\",\"@id\":\"https:\\\/\\\/www.kolibrifestivaali.org\\\/pt-pt\\\/#website\",\"url\":\"https:\\\/\\\/www.kolibrifestivaali.org\\\/pt-pt\\\/\",\"name\":\"Kolibri Festivaali\",\"description\":\"Kolibri\u0301 is a unique multicultural, free and open art festival for children and their families.\",\"inLanguage\":\"pt-PT\"}]}<\/script>\n<!-- \/ Yoast SEO plugin. -->","yoast_head_json":{"title":"Para fazer juntos - Kolibri Festivaali","robots":{"index":"index","follow":"follow","max-snippet":"max-snippet:-1","max-image-preview":"max-image-preview:large","max-video-preview":"max-video-preview:-1"},"canonical":"https:\/\/www.kolibrifestivaali.org\/pt-pt\/kolibridea\/para-fazer-juntos\/","og_locale":"pt_PT","og_type":"article","og_title":"Para fazer juntos - Kolibri Festivaali","og_description":"Para fazer juntos Dan\u00e7a\/Exerc\u00edcio F\u00edsico Ferradura Capoeira: aula de capoeira em casa para crian\u00e7as. Grupo Corpo: liberada a&nbsp;visualiza\u00e7\u00e3o&nbsp;de&nbsp;seus&nbsp;espet\u00e1culos. Clique no [\u2026] Lue lis\u00e4\u00e4 &raquo;","og_url":"https:\/\/www.kolibrifestivaali.org\/pt-pt\/kolibridea\/para-fazer-juntos\/","og_site_name":"Kolibri Festivaali","article_modified_time":"2022-02-16T19:35:04+00:00","twitter_card":"summary_large_image","twitter_misc":{"Tempo estimado de leitura":"2 minutos"},"schema":{"@context":"https:\/\/schema.org","@graph":[{"@type":"WebPage","@id":"https:\/\/www.kolibrifestivaali.org\/pt-pt\/kolibridea\/para-fazer-juntos\/","url":"https:\/\/www.kolibrifestivaali.org\/pt-pt\/kolibridea\/para-fazer-juntos\/","name":"Para fazer juntos - Kolibri Festivaali","isPartOf":{"@id":"https:\/\/www.kolibrifestivaali.org\/pt-pt\/#website"},"datePublished":"2022-02-16T19:35:00+00:00","dateModified":"2022-02-16T19:35:04+00:00","breadcrumb":{"@id":"https:\/\/www.kolibrifestivaali.org\/pt-pt\/kolibridea\/para-fazer-juntos\/#breadcrumb"},"inLanguage":"pt-PT","potentialAction":[{"@type":"ReadAction","target":["https:\/\/www.kolibrifestivaali.org\/pt-pt\/kolibridea\/para-fazer-juntos\/"]}]},{"@type":"BreadcrumbList","@id":"https:\/\/www.kolibrifestivaali.org\/pt-pt\/kolibridea\/para-fazer-juntos\/#breadcrumb","itemListElement":[{"@type":"ListItem","position":1,"name":"Home","item":"https:\/\/www.kolibrifestivaali.org\/pt-pt\/"},{"@type":"ListItem","position":2,"name":"Kolibr\u00cdDEA","item":"https:\/\/www.kolibrifestivaali.org\/pt-pt\/kolibridea\/"},{"@type":"ListItem","position":3,"name":"Para fazer juntos"}]},{"@type":"WebSite","@id":"https:\/\/www.kolibrifestivaali.org\/pt-pt\/#website","url":"https:\/\/www.kolibrifestivaali.org\/pt-pt\/","name":"Kolibri Festivaali","description":"Kolibri\u0301 is a unique multicultural, free and open art festival for children and their families.","inLanguage":"pt-PT"}]}},"_links":{"self":[{"href":"https:\/\/www.kolibrifestivaali.org\/pt-pt\/wp-json\/wp\/v2\/pages\/9622","targetHints":{"allow":["GET"]}}],"collection":[{"href":"https:\/\/www.kolibrifestivaali.org\/pt-pt\/wp-json\/wp\/v2\/pages"}],"about":[{"href":"https:\/\/www.kolibrifestivaali.org\/pt-pt\/wp-json\/wp\/v2\/types\/page"}],"author":[{"embeddable":true,"href":"https:\/\/www.kolibrifestivaali.org\/pt-pt\/wp-json\/wp\/v2\/users\/4"}],"replies":[{"embeddable":true,"href":"https:\/\/www.kolibrifestivaali.org\/pt-pt\/wp-json\/wp\/v2\/comments?post=9622"}],"version-history":[{"count":1,"href":"https:\/\/www.kolibrifestivaali.org\/pt-pt\/wp-json\/wp\/v2\/pages\/9622\/revisions"}],"predecessor-version":[{"id":9623,"href":"https:\/\/www.kolibrifestivaali.org\/pt-pt\/wp-json\/wp\/v2\/pages\/9622\/revisions\/9623"}],"up":[{"embeddable":true,"href":"https:\/\/www.kolibrifestivaali.org\/pt-pt\/wp-json\/wp\/v2\/pages\/9554"}],"wp:attachment":[{"href":"https:\/\/www.kolibrifestivaali.org\/pt-pt\/wp-json\/wp\/v2\/media?parent=9622"}],"curies":[{"name":"wp","href":"https:\/\/api.w.org\/{rel}","templated":true}]}}