{"id":9641,"date":"2022-02-17T11:28:46","date_gmt":"2022-02-17T09:28:46","guid":{"rendered":"https:\/\/www.kolibrifestivaali.org\/?page_id=9641"},"modified":"2022-02-17T11:28:48","modified_gmt":"2022-02-17T09:28:48","slug":"tehtavaksi-yhdessa","status":"publish","type":"page","link":"https:\/\/www.kolibrifestivaali.org\/fi\/kolibridea\/tehtavaksi-yhdessa\/","title":{"rendered":"Teht\u00e4v\u00e4ksi yhdess\u00e4"},"content":{"rendered":"\n<h1 class=\"wp-block-heading\" id=\"tehtavaksi-yhdessa\">Teht\u00e4v\u00e4ksi yhdess\u00e4<\/h1>\n\n\n\n<h3 class=\"kolibridea-section wp-block-heading\" id=\"musiikki\">Musiikki<\/h3>\n\n\n\n<ul class=\"wp-block-list\"><li><a rel=\"noreferrer noopener\" href=\"https:\/\/musiclab.chromeexperiments.com\/?fbclid=IwAR1hzS4-kOfWjOpAlPUNBI8ZS1LWZ1cDIwhFY0duUweR6KZYQJ92Zvadxpk\" target=\"_blank\">Chrone Music-Lab<\/a>: tekee musiikin oppimisesta helpompaa hauskojen, k\u00e4yt\u00e4nn\u00f6n kokeilujen avulla.  <\/li><li>ESK: Experimental Synth Kids, 3-15-vuotiaiden lasten improvisoimaa elektronista musiikkia <a rel=\"noreferrer noopener\" href=\"https:\/\/soundcloud.com\/experimental-synth-kids\" target=\"_blank\">soundcludissa <\/a>ja<a rel=\"noreferrer noopener\" href=\"https:\/\/spoti.fi\/3b47JpD\" target=\"_blank\"> spotifyssa<\/a>.<\/li><li><a rel=\"noreferrer noopener\" href=\"https:\/\/helsinginkaupunginorkesteri.fi\/fi\/opi-kuuntelemaan-klassista\" target=\"_blank\">Helsingin Kaupungin Orkesteri OPI KUUNTELEMAAN KLASSISTA<\/a>: Kiinnostaako klassinen musiikki ja kaipaat avaimia kuuntelukokemuksesi avartamiseen?<\/li><li><a rel=\"noreferrer noopener\" href=\"https:\/\/www.youtube.com\/user\/derjanson\/featured\" target=\"_blank\">Musication youtube kanava:<\/a> Jan Vinkista, musiikinopettaja Alankomaissa. H\u00e4n luo visuaalisia soitto\u00e4\u00e4ni\u00e4 boomwhackereille, (kehon) ly\u00f6m\u00e4soittimia ja k\u00e4sikellot ala-asteen koulutukselle.<\/li><li><a rel=\"noreferrer noopener\" href=\"https:\/\/yle.fi\/aihe\/orkesterikone\" target=\"_blank\">Orkesterikone<\/a>: soittaa Jean Sibeliuksen Finlandian RSO:n esitt\u00e4m\u00e4n\u00e4. Sen avulla voit kuunnella tarkemmin eri soitinryhmi\u00e4 sek\u00e4 seurata kapellimestarin ty\u00f6skentely\u00e4. <\/li><li><a rel=\"noreferrer noopener\" href=\"https:\/\/apkpure.com\/super-pads-become-a-dj\/com.opalastudios.pads\" target=\"_blank\">Tule DJ: ksi!<\/a>: Super Pads on ilmainen helppok\u00e4ytt\u00f6inen DJ-sovellus.n.<\/li><\/ul>\n\n\n\n<h3 class=\"kolibridea-section wp-block-heading\" id=\"sirkus\">Sirkus<\/h3>\n\n\n\n<ul class=\"wp-block-list\"><li><a href=\"https:\/\/www.youtube.com\/channel\/UCf3lD_6kau1tVjnQSvSQQJw\/videos\" target=\"_blank\" rel=\"noreferrer noopener\">Lastenkulttuurikeskuksesta Louhimo kanava:<\/a>  minuuttisirkus ja Sirkusv\u00e4lineiden rakentaminen.<\/li><li>Sirkus Magenta: <a href=\"https:\/\/www.youtube.com\/watch?v=K8MTZp0E6EY&amp;list=PL8YRpgV-LFniffoatcZm33eAsk9Yc9mJX&amp;index=1\" target=\"_blank\" rel=\"noreferrer noopener\">Lasten sirkustunti<\/a><\/li><\/ul>\n\n\n\n<h3 class=\"kolibridea-section wp-block-heading\" id=\"taide\">Taide<\/h3>\n\n\n\n<ul class=\"wp-block-list\"><li> V\u00e4rityskirjoja: <a rel=\"noreferrer noopener\" href=\"http:\/\/www.openculture.com\/2019\/02\/download-free-coloring-books-from-113-museums.html\" target=\"_blank\">lataa ilmaisia v\u00e4rityskirjoja 113 museosta<\/a>.<\/li><li><a rel=\"noreferrer noopener\" href=\"https:\/\/www.moma.org\/magazine\/articles\/254?fbclid=IwAR28Xhk9vGAj7XyXdIXSoNW6mmV0-MalbSuomoPSh5dvL14RZu9V5PcONas\" target=\"_blank\">MoMalla<\/a>: taideteht\u00e4v\u00e4t Perheet voivat tehd\u00e4 kotona.<\/li><li><a rel=\"noreferrer noopener\" href=\"https:\/\/areena.yle.fi\/1-50495147\" target=\"_blank\">Mummin museo:<\/a> esittelee kuusi teosta kokoelmastaan, jota ei tavallisesti saa kuvata lainkaan. <\/li><li><a rel=\"noreferrer noopener\" href=\"https:\/\/museot.fi\/vieraile-virtuaalimuseoissa\" target=\"_blank\">Museot<\/a>: p\u00e4\u00e4set tutustumaan virtuaalisesti monta museoita Suomessa.<\/li><li><a rel=\"noreferrer noopener\" href=\"https:\/\/cumulus.rovaniemi.fi\/rovtaide\/\" target=\"_blank\">Rovaniemi taide museo<\/a>: voi hy\u00f6dynt\u00e4\u00e4 omaksi ilokseen tai kouluteht\u00e4viss\u00e4.<\/li><\/ul>\n\n\n\n<h3 class=\"kolibridea-section wp-block-heading\" id=\"tiede\">Tiede<\/h3>\n\n\n\n<ul class=\"wp-block-list\"><li>Heureka: <ul><li><a rel=\"noreferrer noopener\" href=\"https:\/\/www.heureka.fi\/mobiilipelit\/\" target=\"_blank\">MOBIILIPEILI<\/a><\/li><li><a rel=\"noreferrer noopener\" href=\"https:\/\/www.heureka.fi\/heurekahetki\/\" target=\"_blank\">VIIKON HEUREKA-HETKET&nbsp;<\/a><\/li><\/ul><\/li><li><a rel=\"noreferrer noopener\" href=\"https:\/\/www.luomus.fi\/fi\/luomus-live\" target=\"_blank\">Luomu<\/a>s-LIVE: videoiden kautta p\u00e4\u00e4see kurkistamaan museon el\u00e4inkokoelmiin, Kaisaniemen kasvitieteelliseen puutarhaan ja muuta.<\/li><li><a rel=\"noreferrer noopener\" href=\"https:\/\/www.korkeasaari.fi\/ajankohtaista\/seuraa-meita\/\" target=\"_blank\">KorkeasaariZoo:<\/a> voi seurata pikkumangustien ja mets\u00e4peurojen touhuja sek\u00e4 Amazonia-talon apinoita, mutta lis\u00e4\u00e4 livekameroita on ty\u00f6n alla.<\/li><li><a rel=\"noreferrer noopener\" href=\"https:\/\/blogit.omnia.fi\/oppiajailoa\/2020\/04\/06\/auringonkeltainen-kotivarikylpy-yhdessa-taaperon-kanssa\/\" target=\"_blank\">Omnia Yhdess\u00e4 taperon kanssa:<\/a> Auringonkeltainen kotiv\u00e4rikylpy.<\/li><li><a rel=\"noreferrer noopener\" href=\"https:\/\/www.facebook.com\/tekniikanmuseo\" target=\"_blank\">Tekniikan museo:<\/a> Kerromme ajan, ihmisen ja teknologian suhteesta. Me tallennamme, tutkimme, tulkitsemme ja v\u00e4lit\u00e4mme suomalaisen tekniikan ja teollisuuden menneisyytt\u00e4, nykyp\u00e4iv\u00e4\u00e4 ja tulevaisuutta.<\/li><\/ul>\n\n\n\n<h3 class=\"kolibridea-section wp-block-heading\" id=\"monta-monta-ideoita\">Monta, monta ideoita <\/h3>\n\n\n\n<ul class=\"wp-block-list\"><li><a rel=\"noreferrer noopener\" href=\"http:\/\/www.annantalo.fi\/fi\/virtuaalinenannantalo\" target=\"_blank\">Annantalo:<\/a> antaa vinkkej\u00e4 perheille taiteen kohtaamiseen kotona nykyhetken poikkeuksellisen arjen keskell\u00e4.&nbsp;<\/li><li><a rel=\"noreferrer noopener\" href=\"http:\/\/www.lukimat.fi\/lukeminen\/materiaalit\/ekapeli\" target=\"_blank\">Ekapeli:<\/a> tietokoneella ja mobiililaitteilla pelattava oppimispeli, joka harjoittaa lukutaidon perusteita. Pelit on kehitt\u00e4nyt Jyv\u00e4skyl\u00e4n yliopiston ja Niilo M\u00e4ki Instituutin ty\u00f6ryhm\u00e4.<\/li><li><a rel=\"noreferrer noopener\" href=\"https:\/\/www.kaupunkitapahtumatespoo.fi\/?fbclid=IwAR1hjJJcnnctX4DtjkjNCXep_dWiPjjOYkp7D0wgF3cy9J4zbDxTzo1nPVo\" target=\"_blank\">Espoon kaupunki kanava:<\/a> esitt\u00e4\u00e4&nbsp;enenev\u00e4ss\u00e4 m\u00e4\u00e4rin lis\u00e4\u00e4 ohjelmaa kaiken aikaa.<\/li><li><a rel=\"noreferrer noopener\" href=\"https:\/\/peda.net\/oppimateriaalit\/e-oppi\/peruskoulut\/et%C3%A4koulu-kulkuri\" target=\"_blank\">Et\u00e4koulu-Kulkuri:<\/a> paljon liikunnallisia teht\u00e4vi\u00e4 ja jumppia, joita voit tehd\u00e4 joko yksin tai perheen kanssa, my\u00f6s vinkkej\u00e4 siihen, miten saat muokattua omasta ty\u00f6pisteest\u00e4si ergonomisen jossa on vaivatonta tehd\u00e4 verkkoteht\u00e4vi\u00e4.<\/li><li><a rel=\"noreferrer noopener\" href=\"https:\/\/www.helsinkikanava.fi\/fi\/folder?groupItemId=51233412\" target=\"_blank\">Helsingin kaupunki kanava<\/a>: esitt\u00e4\u00e4&nbsp;enenev\u00e4ss\u00e4 m\u00e4\u00e4rin lis\u00e4\u00e4 ohjelmaa kaiken aikaa.<\/li><li><a rel=\"noreferrer noopener\" href=\"https:\/\/www.lastenkulttuuri.fi\/kulttuuriakotona\/\" target=\"_blank\">Lastenkulttuuriliito<\/a>: Suomen Lastenkulttuurikeskusten Liiton sivuille p\u00e4ivitet\u00e4\u00e4n jatkuvasti uusia vinkkej\u00e4.<\/li><li><a rel=\"noreferrer noopener\" href=\"https:\/\/www.facebook.com\/groups\/510008139887450\/\" target=\"_blank\">Lasten leikki-ideat koronakaranteenissa<\/a>: mit\u00e4 kivaa teill\u00e4 tehd\u00e4\u00e4n, kun lapsi on kotona karanteenissa!<\/li><li>Linnam\u00e4ki: Luokkaretket-<a href=\"https:\/\/www.linnanmaki.fi\/fi\/luokkaretket\/opetuksellinen-sisalto\/\">nettisivuilta<\/a>&nbsp;l\u00f6ytyy oppimateriaaleja ja teht\u00e4vi\u00e4 koululaisille<\/li><li><a rel=\"noreferrer noopener\" href=\"https:\/\/www.oppijailo.fi\/lapsille-nuorille\/\" target=\"_blank\">Oppi ja ilo:<\/a> Ilmaiset verkkopelit lapsille.<\/li><li><a rel=\"noreferrer noopener\" href=\"https:\/\/yle.fi\/aihe\/artikkeli\/2020\/03\/18\/vinkkeja-linkkeja-ja-tekemista?fbclid=IwAR1WAi-llueO3NStP7JzFu1SVLrwpIzc_pcdGTlzbgZ5-WapZECNfCnlEbU\" target=\"_blank\">Pikku kakonesta:<\/a> vinkkej\u00e4, linkkej\u00e4 ja tekemist\u00e4.<\/li><li><a rel=\"noreferrer noopener\" href=\"https:\/\/www.sanomapro.fi\/avaamme-monipuoliset-digitaaliset-harjoitustehtavat-oppilaiden-kayttoon\/\" target=\"_blank\">Sanomapro<\/a>: monipuolisesti digitaalisia&nbsp;<a href=\"https:\/\/www.sanomapro.fi\/avaamme-monipuoliset-digitaaliset-harjoitustehtavat-oppilaiden-kayttoon\/\">harjoitusteht\u00e4vi\u00e4<\/a>&nbsp;oppilaiden k\u00e4ytt\u00f6\u00f6n veloituksetta. Teht\u00e4vi\u00e4 on tarjolla niin alakoulun, yl\u00e4koulun kuin lukion oppilaille.<\/li><li><a href=\"https:\/\/www.unicef.fi\/unicef\/tyomme-suomessa\/lapsiystavallinen-kunta\/kuntien-hyvat-kaytannot-poikkeusoloissa\/?fbclid=IwAR0YLCTEdpRmOO4ySOSzr1MrlK5n8j0kB3yy2-xpY_kwZa-fwRNsbaTmqK8\">UNICEF <\/a>ja lapsiyst\u00e4v\u00e4lliset kunnat kokosivat yhteen hyvi\u00e4 k\u00e4yt\u00e4nt\u00f6j\u00e4 siit\u00e4, miten kunnassa tavoitetaan lapset ja perheet koronaepidemian aikaan ja turvataan haavoittuvimpien lasten hyvinvointi. Voit hy\u00f6dynt\u00e4\u00e4 k\u00e4yt\u00e4nt\u00f6j\u00e4 ja vinkkej\u00e4 vapaasti.<\/li><li><a rel=\"noreferrer noopener\" href=\"https:\/\/valeaiti.fi\/tekemista-lapsille-kotona\/?fbclid=IwAR35eYBTH3NoXIKaN9Ocu9SYEP9JE2rLAJ0MtrD5KJlgU3y8FWbdiBNeCjM\" target=\"_blank\">Valeaiti.fi<\/a>: Tekemist\u00e4 lapsille kotona.<\/li><\/ul>\n\n\n\n<h3 class=\"kolibridea-section wp-block-heading\" id=\"ehdotuksia-kolibridealle\">Ehdotuksia&nbsp;Kolibr\u00cdDEAlle<\/h3>\n\n\n\n<p>Jos haluat lis\u00e4t\u00e4 uusia ideoita, kirjoita meille t\u00e4nne Jos haluat lis\u00e4t\u00e4 uusia ideoita, kirjoita meille t\u00e4nne:\u00a0<a href=\"https:\/\/www.kolibrifestivaali.org\/fi\/kolibridea\/suggestions\/\">ehdotuksia\u00a0Kolibr\u00cdDEAlle<\/a><\/p>\n","protected":false},"excerpt":{"rendered":"<p>Teht\u00e4v\u00e4ksi yhdess\u00e4 Musiikki Chrone Music-Lab: tekee musiikin oppimisesta helpompaa hauskojen, k\u00e4yt\u00e4nn\u00f6n kokeilujen avulla. ESK: Experimental Synth Kids, 3-15-vuotiaiden lasten improvisoimaa [\u2026] <a href=\"https:\/\/www.kolibrifestivaali.org\/fi\/kolibridea\/tehtavaksi-yhdessa\/\">Lue lis\u00e4\u00e4 &raquo;<\/a><\/p>\n<div class='heateor_sss_sharing_container heateor_sss_vertical_sharing heateor_sss_bottom_sharing' style='width:34px;right: -10px;top: 100px;-webkit-box-shadow:none;box-shadow:none;' data-heateor-sss-href='https:\/\/www.kolibrifestivaali.org\/fi\/wp-json\/wp\/v2\/pages\/9641'><div class=\"heateor_sss_sharing_ul\"><a aria-label=\"Facebook\" class=\"heateor_sss_facebook\" href=\"https:\/\/www.facebook.com\/sharer\/sharer.php?u=https%3A%2F%2Fwww.kolibrifestivaali.org%2Ffi%2Fwp-json%2Fwp%2Fv2%2Fpages%2F9641\" title=\"Facebook\" rel=\"nofollow noopener\" target=\"_blank\" style=\"font-size:32px!important;box-shadow:none;display:inline-block;vertical-align:middle\"><span class=\"heateor_sss_svg\" style=\"background-color:#0765FE;width:30px;height:30px;border-radius:999px;display:inline-block;opacity:1;float:left;font-size:32px;box-shadow:none;display:inline-block;font-size:16px;padding:0 4px;vertical-align:middle;background-repeat:repeat;overflow:hidden;padding:0;cursor:pointer;box-sizing:content-box\"><svg style=\"display:block;border-radius:999px;\" focusable=\"false\" aria-hidden=\"true\" xmlns=\"http:\/\/www.w3.org\/2000\/svg\" width=\"100%\" height=\"100%\" viewBox=\"0 0 32 32\"><path fill=\"#fff\" d=\"M28 16c0-6.627-5.373-12-12-12S4 9.373 4 16c0 5.628 3.875 10.35 9.101 11.647v-7.98h-2.474V16H13.1v-1.58c0-4.085 1.849-5.978 5.859-5.978.76 0 2.072.15 2.608.298v3.325c-.283-.03-.775-.045-1.386-.045-1.967 0-2.728.745-2.728 2.683V16h3.92l-.673 3.667h-3.247v8.245C23.395 27.195 28 22.135 28 16Z\"><\/path><\/svg><\/span><\/a><a aria-label=\"X\" class=\"heateor_sss_button_x\" href=\"https:\/\/twitter.com\/intent\/tweet?text=Kolibri%20Festivaali%20-%20Kolibri%CC%81%20is%20a%20unique%20multicultural%2C%20free%20and%20open%20art%20festival%20for%20children%20and%20their%20families.&url=https%3A%2F%2Fwww.kolibrifestivaali.org%2Ffi%2Fwp-json%2Fwp%2Fv2%2Fpages%2F9641\" title=\"X\" rel=\"nofollow noopener\" target=\"_blank\" style=\"font-size:32px!important;box-shadow:none;display:inline-block;vertical-align:middle\"><span class=\"heateor_sss_svg heateor_sss_s__default heateor_sss_s_x\" style=\"background-color:#2a2a2a;width:30px;height:30px;border-radius:999px;display:inline-block;opacity:1;float:left;font-size:32px;box-shadow:none;display:inline-block;font-size:16px;padding:0 4px;vertical-align:middle;background-repeat:repeat;overflow:hidden;padding:0;cursor:pointer;box-sizing:content-box\"><svg width=\"100%\" height=\"100%\" style=\"display:block;border-radius:999px;\" focusable=\"false\" aria-hidden=\"true\" xmlns=\"http:\/\/www.w3.org\/2000\/svg\" viewBox=\"0 0 32 32\"><path fill=\"#fff\" d=\"M21.751 7h3.067l-6.7 7.658L26 25.078h-6.172l-4.833-6.32-5.531 6.32h-3.07l7.167-8.19L6 7h6.328l4.37 5.777L21.75 7Zm-1.076 16.242h1.7L11.404 8.74H9.58l11.094 14.503Z\"><\/path><\/svg><\/span><\/a><a aria-label=\"Linkedin\" class=\"heateor_sss_button_linkedin\" href=\"https:\/\/www.linkedin.com\/sharing\/share-offsite\/?url=https%3A%2F%2Fwww.kolibrifestivaali.org%2Ffi%2Fwp-json%2Fwp%2Fv2%2Fpages%2F9641\" title=\"Linkedin\" rel=\"nofollow noopener\" target=\"_blank\" style=\"font-size:32px!important;box-shadow:none;display:inline-block;vertical-align:middle\"><span class=\"heateor_sss_svg heateor_sss_s__default heateor_sss_s_linkedin\" style=\"background-color:#0077b5;width:30px;height:30px;border-radius:999px;display:inline-block;opacity:1;float:left;font-size:32px;box-shadow:none;display:inline-block;font-size:16px;padding:0 4px;vertical-align:middle;background-repeat:repeat;overflow:hidden;padding:0;cursor:pointer;box-sizing:content-box\"><svg style=\"display:block;border-radius:999px;\" focusable=\"false\" aria-hidden=\"true\" xmlns=\"http:\/\/www.w3.org\/2000\/svg\" width=\"100%\" height=\"100%\" viewBox=\"0 0 32 32\"><path d=\"M6.227 12.61h4.19v13.48h-4.19V12.61zm2.095-6.7a2.43 2.43 0 0 1 0 4.86c-1.344 0-2.428-1.09-2.428-2.43s1.084-2.43 2.428-2.43m4.72 6.7h4.02v1.84h.058c.56-1.058 1.927-2.176 3.965-2.176 4.238 0 5.02 2.792 5.02 6.42v7.395h-4.183v-6.56c0-1.564-.03-3.574-2.178-3.574-2.18 0-2.514 1.7-2.514 3.46v6.668h-4.187V12.61z\" fill=\"#fff\"><\/path><\/svg><\/span><\/a><a aria-label=\"Instagram\" class=\"heateor_sss_button_instagram\" href=\"https:\/\/www.instagram.com\/\" title=\"Instagram\" rel=\"nofollow noopener\" target=\"_blank\" style=\"font-size:32px!important;box-shadow:none;display:inline-block;vertical-align:middle\"><span class=\"heateor_sss_svg\" style=\"background-color:#53beee;width:30px;height:30px;border-radius:999px;display:inline-block;opacity:1;float:left;font-size:32px;box-shadow:none;display:inline-block;font-size:16px;padding:0 4px;vertical-align:middle;background-repeat:repeat;overflow:hidden;padding:0;cursor:pointer;box-sizing:content-box\"><svg style=\"display:block;border-radius:999px;\" version=\"1.1\" viewBox=\"-10 -10 148 148\" width=\"100%\" height=\"100%\" xml:space=\"preserve\" xmlns=\"http:\/\/www.w3.org\/2000\/svg\" xmlns:xlink=\"http:\/\/www.w3.org\/1999\/xlink\"><g><g><path d=\"M86,112H42c-14.336,0-26-11.663-26-26V42c0-14.337,11.664-26,26-26h44c14.337,0,26,11.663,26,26v44 C112,100.337,100.337,112,86,112z M42,24c-9.925,0-18,8.074-18,18v44c0,9.925,8.075,18,18,18h44c9.926,0,18-8.075,18-18V42 c0-9.926-8.074-18-18-18H42z\" fill=\"#fff\"><\/path><\/g><g><path d=\"M64,88c-13.234,0-24-10.767-24-24c0-13.234,10.766-24,24-24s24,10.766,24,24C88,77.233,77.234,88,64,88z M64,48c-8.822,0-16,7.178-16,16s7.178,16,16,16c8.822,0,16-7.178,16-16S72.822,48,64,48z\" fill=\"#fff\"><\/path><\/g><g><circle cx=\"89.5\" cy=\"38.5\" fill=\"#fff\" r=\"5.5\"><\/circle><\/g><\/g><\/svg><\/span><\/a><\/div><div class=\"heateorSssClear\"><\/div><\/div>","protected":false},"author":4,"featured_media":0,"parent":9556,"menu_order":0,"comment_status":"closed","ping_status":"closed","template":"","meta":{"_acf_changed":false,"footnotes":""},"class_list":["post-9641","page","type-page","status-publish","hentry"],"acf":[],"yoast_head":"<!-- This site is optimized with the Yoast SEO plugin v27.4 - https:\/\/yoast.com\/product\/yoast-seo-wordpress\/ -->\n<title>Teht\u00e4v\u00e4ksi yhdess\u00e4 - Kolibri Festivaali<\/title>\n<meta name=\"robots\" content=\"index, follow, max-snippet:-1, max-image-preview:large, max-video-preview:-1\" \/>\n<link rel=\"canonical\" href=\"https:\/\/www.kolibrifestivaali.org\/fi\/kolibridea\/tehtavaksi-yhdessa\/\" \/>\n<meta property=\"og:locale\" content=\"fi_FI\" \/>\n<meta property=\"og:type\" content=\"article\" \/>\n<meta property=\"og:title\" content=\"Teht\u00e4v\u00e4ksi yhdess\u00e4 - Kolibri Festivaali\" \/>\n<meta property=\"og:description\" content=\"Teht\u00e4v\u00e4ksi yhdess\u00e4 Musiikki Chrone Music-Lab: tekee musiikin oppimisesta helpompaa hauskojen, k\u00e4yt\u00e4nn\u00f6n kokeilujen avulla. ESK: Experimental Synth Kids, 3-15-vuotiaiden lasten improvisoimaa [\u2026] Lue lis\u00e4\u00e4 &raquo;\" \/>\n<meta property=\"og:url\" content=\"https:\/\/www.kolibrifestivaali.org\/fi\/kolibridea\/tehtavaksi-yhdessa\/\" \/>\n<meta property=\"og:site_name\" content=\"Kolibri Festivaali\" \/>\n<meta property=\"article:modified_time\" content=\"2022-02-17T09:28:48+00:00\" \/>\n<meta name=\"twitter:card\" content=\"summary_large_image\" \/>\n<meta name=\"twitter:label1\" content=\"Arvioitu lukuaika\" \/>\n\t<meta name=\"twitter:data1\" content=\"2 minuuttia\" \/>\n<script type=\"application\/ld+json\" class=\"yoast-schema-graph\">{\"@context\":\"https:\\\/\\\/schema.org\",\"@graph\":[{\"@type\":\"WebPage\",\"@id\":\"https:\\\/\\\/www.kolibrifestivaali.org\\\/fi\\\/kolibridea\\\/tehtavaksi-yhdessa\\\/\",\"url\":\"https:\\\/\\\/www.kolibrifestivaali.org\\\/fi\\\/kolibridea\\\/tehtavaksi-yhdessa\\\/\",\"name\":\"Teht\u00e4v\u00e4ksi yhdess\u00e4 - Kolibri Festivaali\",\"isPartOf\":{\"@id\":\"https:\\\/\\\/www.kolibrifestivaali.org\\\/fi\\\/#website\"},\"datePublished\":\"2022-02-17T09:28:46+00:00\",\"dateModified\":\"2022-02-17T09:28:48+00:00\",\"breadcrumb\":{\"@id\":\"https:\\\/\\\/www.kolibrifestivaali.org\\\/fi\\\/kolibridea\\\/tehtavaksi-yhdessa\\\/#breadcrumb\"},\"inLanguage\":\"fi\",\"potentialAction\":[{\"@type\":\"ReadAction\",\"target\":[\"https:\\\/\\\/www.kolibrifestivaali.org\\\/fi\\\/kolibridea\\\/tehtavaksi-yhdessa\\\/\"]}]},{\"@type\":\"BreadcrumbList\",\"@id\":\"https:\\\/\\\/www.kolibrifestivaali.org\\\/fi\\\/kolibridea\\\/tehtavaksi-yhdessa\\\/#breadcrumb\",\"itemListElement\":[{\"@type\":\"ListItem\",\"position\":1,\"name\":\"Home\",\"item\":\"https:\\\/\\\/www.kolibrifestivaali.org\\\/fi\\\/\"},{\"@type\":\"ListItem\",\"position\":2,\"name\":\"Kolibr\u00cdDEA\",\"item\":\"https:\\\/\\\/www.kolibrifestivaali.org\\\/fi\\\/kolibridea\\\/\"},{\"@type\":\"ListItem\",\"position\":3,\"name\":\"Teht\u00e4v\u00e4ksi yhdess\u00e4\"}]},{\"@type\":\"WebSite\",\"@id\":\"https:\\\/\\\/www.kolibrifestivaali.org\\\/fi\\\/#website\",\"url\":\"https:\\\/\\\/www.kolibrifestivaali.org\\\/fi\\\/\",\"name\":\"Kolibri Festivaali\",\"description\":\"Kolibri\u0301 is a unique multicultural, free and open art festival for children and their families.\",\"inLanguage\":\"fi\"}]}<\/script>\n<!-- \/ Yoast SEO plugin. -->","yoast_head_json":{"title":"Teht\u00e4v\u00e4ksi yhdess\u00e4 - Kolibri Festivaali","robots":{"index":"index","follow":"follow","max-snippet":"max-snippet:-1","max-image-preview":"max-image-preview:large","max-video-preview":"max-video-preview:-1"},"canonical":"https:\/\/www.kolibrifestivaali.org\/fi\/kolibridea\/tehtavaksi-yhdessa\/","og_locale":"fi_FI","og_type":"article","og_title":"Teht\u00e4v\u00e4ksi yhdess\u00e4 - Kolibri Festivaali","og_description":"Teht\u00e4v\u00e4ksi yhdess\u00e4 Musiikki Chrone Music-Lab: tekee musiikin oppimisesta helpompaa hauskojen, k\u00e4yt\u00e4nn\u00f6n kokeilujen avulla. ESK: Experimental Synth Kids, 3-15-vuotiaiden lasten improvisoimaa [\u2026] Lue lis\u00e4\u00e4 &raquo;","og_url":"https:\/\/www.kolibrifestivaali.org\/fi\/kolibridea\/tehtavaksi-yhdessa\/","og_site_name":"Kolibri Festivaali","article_modified_time":"2022-02-17T09:28:48+00:00","twitter_card":"summary_large_image","twitter_misc":{"Arvioitu lukuaika":"2 minuuttia"},"schema":{"@context":"https:\/\/schema.org","@graph":[{"@type":"WebPage","@id":"https:\/\/www.kolibrifestivaali.org\/fi\/kolibridea\/tehtavaksi-yhdessa\/","url":"https:\/\/www.kolibrifestivaali.org\/fi\/kolibridea\/tehtavaksi-yhdessa\/","name":"Teht\u00e4v\u00e4ksi yhdess\u00e4 - Kolibri Festivaali","isPartOf":{"@id":"https:\/\/www.kolibrifestivaali.org\/fi\/#website"},"datePublished":"2022-02-17T09:28:46+00:00","dateModified":"2022-02-17T09:28:48+00:00","breadcrumb":{"@id":"https:\/\/www.kolibrifestivaali.org\/fi\/kolibridea\/tehtavaksi-yhdessa\/#breadcrumb"},"inLanguage":"fi","potentialAction":[{"@type":"ReadAction","target":["https:\/\/www.kolibrifestivaali.org\/fi\/kolibridea\/tehtavaksi-yhdessa\/"]}]},{"@type":"BreadcrumbList","@id":"https:\/\/www.kolibrifestivaali.org\/fi\/kolibridea\/tehtavaksi-yhdessa\/#breadcrumb","itemListElement":[{"@type":"ListItem","position":1,"name":"Home","item":"https:\/\/www.kolibrifestivaali.org\/fi\/"},{"@type":"ListItem","position":2,"name":"Kolibr\u00cdDEA","item":"https:\/\/www.kolibrifestivaali.org\/fi\/kolibridea\/"},{"@type":"ListItem","position":3,"name":"Teht\u00e4v\u00e4ksi yhdess\u00e4"}]},{"@type":"WebSite","@id":"https:\/\/www.kolibrifestivaali.org\/fi\/#website","url":"https:\/\/www.kolibrifestivaali.org\/fi\/","name":"Kolibri Festivaali","description":"Kolibri\u0301 is a unique multicultural, free and open art festival for children and their families.","inLanguage":"fi"}]}},"_links":{"self":[{"href":"https:\/\/www.kolibrifestivaali.org\/fi\/wp-json\/wp\/v2\/pages\/9641","targetHints":{"allow":["GET"]}}],"collection":[{"href":"https:\/\/www.kolibrifestivaali.org\/fi\/wp-json\/wp\/v2\/pages"}],"about":[{"href":"https:\/\/www.kolibrifestivaali.org\/fi\/wp-json\/wp\/v2\/types\/page"}],"author":[{"embeddable":true,"href":"https:\/\/www.kolibrifestivaali.org\/fi\/wp-json\/wp\/v2\/users\/4"}],"replies":[{"embeddable":true,"href":"https:\/\/www.kolibrifestivaali.org\/fi\/wp-json\/wp\/v2\/comments?post=9641"}],"version-history":[{"count":1,"href":"https:\/\/www.kolibrifestivaali.org\/fi\/wp-json\/wp\/v2\/pages\/9641\/revisions"}],"predecessor-version":[{"id":9642,"href":"https:\/\/www.kolibrifestivaali.org\/fi\/wp-json\/wp\/v2\/pages\/9641\/revisions\/9642"}],"up":[{"embeddable":true,"href":"https:\/\/www.kolibrifestivaali.org\/fi\/wp-json\/wp\/v2\/pages\/9556"}],"wp:attachment":[{"href":"https:\/\/www.kolibrifestivaali.org\/fi\/wp-json\/wp\/v2\/media?parent=9641"}],"curies":[{"name":"wp","href":"https:\/\/api.w.org\/{rel}","templated":true}]}}