{"id":9556,"date":"2022-02-12T18:42:57","date_gmt":"2022-02-12T16:42:57","guid":{"rendered":"https:\/\/www.kolibrifestivaali.org\/?page_id=9556"},"modified":"2022-02-17T11:35:18","modified_gmt":"2022-02-17T09:35:18","slug":"kolibridea","status":"publish","type":"page","link":"https:\/\/www.kolibrifestivaali.org\/fi\/kolibridea\/","title":{"rendered":"Kolibr\u00cdDEA"},"content":{"rendered":"\n<figure class=\"wp-block-image size-large\"><img decoding=\"async\" width=\"1280\" height=\"467\" src=\"https:\/\/www.kolibrifestivaali.org\/wp-content\/uploads\/2022\/02\/kolibridea-sin-casa-1280x467.jpg\" alt=\"\" class=\"wp-image-9533\" srcset=\"https:\/\/www.kolibrifestivaali.org\/wp-content\/uploads\/2022\/02\/kolibridea-sin-casa-1280x467.jpg 1280w, https:\/\/www.kolibrifestivaali.org\/wp-content\/uploads\/2022\/02\/kolibridea-sin-casa-350x128.jpg 350w, https:\/\/www.kolibrifestivaali.org\/wp-content\/uploads\/2022\/02\/kolibridea-sin-casa-768x280.jpg 768w, https:\/\/www.kolibrifestivaali.org\/wp-content\/uploads\/2022\/02\/kolibridea-sin-casa-1536x560.jpg 1536w, https:\/\/www.kolibrifestivaali.org\/wp-content\/uploads\/2022\/02\/kolibridea-sin-casa-500x182.jpg 500w, https:\/\/www.kolibrifestivaali.org\/wp-content\/uploads\/2022\/02\/kolibridea-sin-casa-830x303.jpg 830w, https:\/\/www.kolibrifestivaali.org\/wp-content\/uploads\/2022\/02\/kolibridea-sin-casa.jpg 1920w\" sizes=\"(max-width: 1280px) 100vw, 1280px\" \/><\/figure>\n\n\n\n<p>Tervetuloa <em><strong>Kolibr\u00cdDEA<\/strong>-sivustolle.<\/em> T\u00e4m\u00e4 on aineistokokoelma monikielisille lapsille suomeksi, ruotsiksi, espanjaksi ja portugaliksi <\/p>\n\n\n\n<p>Kokoelmamme on ideapankki kaikille niille, jotka joutuvat olemaan kotona lapsineen. Mutta se on tarkoitettu my\u00f6s kaikille muille, jotka rakastavat lastenkulttuuria. T\u00e4m\u00e4 kokoelma tarjoaa tietoa kaikkein muodikkaimmista trendeist\u00e4, aktviteeteista ja tapahtumista, jotka liittyv\u00e4t lasten kirjallisuuteen, musiikkiin, taiteisiin, tieteeseen tai muihin ideoihin, joita voit toteuttaa kotona. <em><strong>Kolibr\u00cdDEA<\/strong>-sivustoa<\/em> t\u00e4ydennet\u00e4\u00e4n ja p\u00e4ivitet\u00e4\u00e4n kaiken aikaa. Jos haluat lis\u00e4t\u00e4 uusia ideoita, kirjoita meille t\u00e4nne Jos haluat lis\u00e4t\u00e4 uusia ideoita, kirjoita meille t\u00e4nne: <a href=\"https:\/\/www.kolibrifestivaali.org\/fi\/kolibridea\/suggestions\/\">ehdotuksia\u00a0Kolibr\u00cdDEAlle<\/a><\/p>\n\n\n\n<p><em><strong>Kolibr\u00cdDEA<\/strong><\/em> on kuratoinut <a aria-label=\"Asociaci\u00f3n Kultturikeskus Ninho ry (opens in a new tab)\" href=\"https:\/\/www.ninho.fi\" target=\"_blank\" rel=\"noreferrer noopener\">Kulttuurikeskus Ninho ry:n<\/a>, ja siit\u00e4 saamme kiitt\u00e4\u00e4 monien luovien ihmisten vapaaehtoisty\u00f6t\u00e4 ymp\u00e4ri maailman. N\u00e4in\u00e4 pandemian p\u00e4ivin\u00e4 olemme yhdess\u00e4, vaikkakin kukin kodissamme!<\/p>\n\n\n\n<div class=\"wp-block-group kolibridea-categories\"><div class=\"wp-block-group__inner-container is-layout-flow wp-block-group-is-layout-flow\">\n<div class=\"wp-block-image kolibridea-category\"><figure class=\"aligncenter size-full is-resized\"><a href=\"https:\/\/www.kolibrifestivaali.org\/fi\/kolibridea\/katsottavaksi-yhdessa\/\"><img decoding=\"async\" src=\"https:\/\/www.kolibrifestivaali.org\/wp-content\/uploads\/2022\/02\/watch-together.jpg\" alt=\"\" class=\"wp-image-9573\" width=\"640\" height=\"426\" srcset=\"https:\/\/www.kolibrifestivaali.org\/wp-content\/uploads\/2022\/02\/watch-together.jpg 640w, https:\/\/www.kolibrifestivaali.org\/wp-content\/uploads\/2022\/02\/watch-together-350x233.jpg 350w, https:\/\/www.kolibrifestivaali.org\/wp-content\/uploads\/2022\/02\/watch-together-500x333.jpg 500w\" sizes=\"(max-width: 640px) 100vw, 640px\" \/><\/a><figcaption><a href=\"https:\/\/www.kolibrifestivaali.org\/fi\/kolibridea\/katsottavaksi-yhdessa\/\"><a href=\"https:\/\/www.kolibrifestivaali.org\/old-site\/\/fi\/kolibridea\/katsottavaksi-yhdessa\/\">Katsottavaksi yhdess\u00e4<\/a><\/a><\/figcaption><\/figure><\/div>\n\n\n\n<div class=\"wp-block-image kolibridea-category\"><figure class=\"aligncenter size-full\"><a href=\"https:\/\/www.kolibrifestivaali.org\/fi\/kolibridea\/luettavaksi-yhdessa\/\"><img decoding=\"async\" width=\"640\" height=\"426\" src=\"https:\/\/www.kolibrifestivaali.org\/wp-content\/uploads\/2022\/02\/read-together-small.jpg\" alt=\"\" class=\"wp-image-9575\" srcset=\"https:\/\/www.kolibrifestivaali.org\/wp-content\/uploads\/2022\/02\/read-together-small.jpg 640w, https:\/\/www.kolibrifestivaali.org\/wp-content\/uploads\/2022\/02\/read-together-small-350x233.jpg 350w, https:\/\/www.kolibrifestivaali.org\/wp-content\/uploads\/2022\/02\/read-together-small-500x333.jpg 500w\" sizes=\"(max-width: 640px) 100vw, 640px\" \/><\/a><figcaption><a href=\"https:\/\/www.kolibrifestivaali.org\/fi\/kolibridea\/luettavaksi-yhdessa\/\"><a href=\"https:\/\/www.kolibrifestivaali.org\/old-site\/\/fi\/kolibridea\/luettavaksi-yhdessa\/\">Luettavaksi yhdess\u00e4<\/a><\/a><\/figcaption><\/figure><\/div>\n\n\n\n<div class=\"wp-block-image kolibridea-category\"><figure class=\"aligncenter size-full\"><a href=\"https:\/\/www.kolibrifestivaali.org\/fi\/kolibridea\/tehtavaksi-yhdessa\/\"><img decoding=\"async\" width=\"640\" height=\"426\" src=\"https:\/\/www.kolibrifestivaali.org\/wp-content\/uploads\/2022\/02\/do-together.jpg\" alt=\"\" class=\"wp-image-9576\" srcset=\"https:\/\/www.kolibrifestivaali.org\/wp-content\/uploads\/2022\/02\/do-together.jpg 640w, https:\/\/www.kolibrifestivaali.org\/wp-content\/uploads\/2022\/02\/do-together-350x233.jpg 350w, https:\/\/www.kolibrifestivaali.org\/wp-content\/uploads\/2022\/02\/do-together-500x333.jpg 500w\" sizes=\"(max-width: 640px) 100vw, 640px\" \/><\/a><figcaption><a href=\"https:\/\/www.kolibrifestivaali.org\/fi\/kolibridea\/tehtavaksi-yhdessa\/\"><a href=\"https:\/\/www.kolibrifestivaali.org\/old-site\/\/fi\/kolibridea\/tehtavaksi-yhdessa\/\">Teht\u00e4v\u00e4ksi yhdess\u00e4<\/a><\/a><\/figcaption><\/figure><\/div>\n\n\n\n<div class=\"wp-block-image kolibridea-category\"><figure class=\"aligncenter size-full\"><a href=\"https:\/\/www.kolibrifestivaali.org\/fi\/kolibridea\/kuunneltavaksi-yhdessa\/\"><img decoding=\"async\" width=\"640\" height=\"426\" src=\"https:\/\/www.kolibrifestivaali.org\/wp-content\/uploads\/2022\/02\/listen-together.jpg\" alt=\"\" class=\"wp-image-9571\" srcset=\"https:\/\/www.kolibrifestivaali.org\/wp-content\/uploads\/2022\/02\/listen-together.jpg 640w, https:\/\/www.kolibrifestivaali.org\/wp-content\/uploads\/2022\/02\/listen-together-350x233.jpg 350w, https:\/\/www.kolibrifestivaali.org\/wp-content\/uploads\/2022\/02\/listen-together-500x333.jpg 500w\" sizes=\"(max-width: 640px) 100vw, 640px\" \/><\/a><figcaption><a href=\"https:\/\/www.kolibrifestivaali.org\/fi\/kolibridea\/kuunneltavaksi-yhdessa\/\"><a href=\"https:\/\/www.kolibrifestivaali.org\/old-site\/\/fi\/kolibridea\/kuunneltavaksi-yhdessa\/\">Kuunneltavaksi yhdess\u00e4<\/a><\/a><\/figcaption><\/figure><\/div>\n<\/div><\/div>\n\n\n\n<h2 class=\"wp-block-heading\" id=\"tyoryma\"><strong>Ty\u00f6rym\u00e4<\/strong><\/h2>\n\n\n\n<p>Andrea Santos Brito, Eduardo Acosta, In\u00eas Montalv\u00e3o, Jaana Kanninen, Lau Gazzotti, Ver\u00f3nica Miranda, V\u00edctor Rinc\u00f3n.<\/p>\n","protected":false},"excerpt":{"rendered":"<p>Tervetuloa Kolibr\u00cdDEA-sivustolle. T\u00e4m\u00e4 on aineistokokoelma monikielisille lapsille suomeksi, ruotsiksi, espanjaksi ja portugaliksi Kokoelmamme on ideapankki kaikille niille, jotka joutuvat olemaan [\u2026] <a href=\"https:\/\/www.kolibrifestivaali.org\/fi\/kolibridea\/\">Lue lis\u00e4\u00e4 &raquo;<\/a><\/p>\n<div class='heateor_sss_sharing_container heateor_sss_vertical_sharing heateor_sss_bottom_sharing' style='width:34px;right: -10px;top: 100px;-webkit-box-shadow:none;box-shadow:none;' data-heateor-sss-href='https:\/\/www.kolibrifestivaali.org\/fi\/wp-json\/wp\/v2\/pages\/9556'><div class=\"heateor_sss_sharing_ul\"><a aria-label=\"Facebook\" class=\"heateor_sss_facebook\" href=\"https:\/\/www.facebook.com\/sharer\/sharer.php?u=https%3A%2F%2Fwww.kolibrifestivaali.org%2Ffi%2Fwp-json%2Fwp%2Fv2%2Fpages%2F9556\" title=\"Facebook\" rel=\"nofollow noopener\" target=\"_blank\" style=\"font-size:32px!important;box-shadow:none;display:inline-block;vertical-align:middle\"><span class=\"heateor_sss_svg\" style=\"background-color:#0765FE;width:30px;height:30px;border-radius:999px;display:inline-block;opacity:1;float:left;font-size:32px;box-shadow:none;display:inline-block;font-size:16px;padding:0 4px;vertical-align:middle;background-repeat:repeat;overflow:hidden;padding:0;cursor:pointer;box-sizing:content-box\"><svg style=\"display:block;border-radius:999px;\" focusable=\"false\" aria-hidden=\"true\" xmlns=\"http:\/\/www.w3.org\/2000\/svg\" width=\"100%\" height=\"100%\" viewBox=\"0 0 32 32\"><path fill=\"#fff\" d=\"M28 16c0-6.627-5.373-12-12-12S4 9.373 4 16c0 5.628 3.875 10.35 9.101 11.647v-7.98h-2.474V16H13.1v-1.58c0-4.085 1.849-5.978 5.859-5.978.76 0 2.072.15 2.608.298v3.325c-.283-.03-.775-.045-1.386-.045-1.967 0-2.728.745-2.728 2.683V16h3.92l-.673 3.667h-3.247v8.245C23.395 27.195 28 22.135 28 16Z\"><\/path><\/svg><\/span><\/a><a aria-label=\"X\" class=\"heateor_sss_button_x\" href=\"https:\/\/twitter.com\/intent\/tweet?text=Kolibri%20Festivaali%20-%20Kolibri%CC%81%20is%20a%20unique%20multicultural%2C%20free%20and%20open%20art%20festival%20for%20children%20and%20their%20families.&url=https%3A%2F%2Fwww.kolibrifestivaali.org%2Ffi%2Fwp-json%2Fwp%2Fv2%2Fpages%2F9556\" title=\"X\" rel=\"nofollow noopener\" target=\"_blank\" style=\"font-size:32px!important;box-shadow:none;display:inline-block;vertical-align:middle\"><span class=\"heateor_sss_svg heateor_sss_s__default heateor_sss_s_x\" style=\"background-color:#2a2a2a;width:30px;height:30px;border-radius:999px;display:inline-block;opacity:1;float:left;font-size:32px;box-shadow:none;display:inline-block;font-size:16px;padding:0 4px;vertical-align:middle;background-repeat:repeat;overflow:hidden;padding:0;cursor:pointer;box-sizing:content-box\"><svg width=\"100%\" height=\"100%\" style=\"display:block;border-radius:999px;\" focusable=\"false\" aria-hidden=\"true\" xmlns=\"http:\/\/www.w3.org\/2000\/svg\" viewBox=\"0 0 32 32\"><path fill=\"#fff\" d=\"M21.751 7h3.067l-6.7 7.658L26 25.078h-6.172l-4.833-6.32-5.531 6.32h-3.07l7.167-8.19L6 7h6.328l4.37 5.777L21.75 7Zm-1.076 16.242h1.7L11.404 8.74H9.58l11.094 14.503Z\"><\/path><\/svg><\/span><\/a><a aria-label=\"Linkedin\" class=\"heateor_sss_button_linkedin\" href=\"https:\/\/www.linkedin.com\/sharing\/share-offsite\/?url=https%3A%2F%2Fwww.kolibrifestivaali.org%2Ffi%2Fwp-json%2Fwp%2Fv2%2Fpages%2F9556\" title=\"Linkedin\" rel=\"nofollow noopener\" target=\"_blank\" style=\"font-size:32px!important;box-shadow:none;display:inline-block;vertical-align:middle\"><span class=\"heateor_sss_svg heateor_sss_s__default heateor_sss_s_linkedin\" style=\"background-color:#0077b5;width:30px;height:30px;border-radius:999px;display:inline-block;opacity:1;float:left;font-size:32px;box-shadow:none;display:inline-block;font-size:16px;padding:0 4px;vertical-align:middle;background-repeat:repeat;overflow:hidden;padding:0;cursor:pointer;box-sizing:content-box\"><svg style=\"display:block;border-radius:999px;\" focusable=\"false\" aria-hidden=\"true\" xmlns=\"http:\/\/www.w3.org\/2000\/svg\" width=\"100%\" height=\"100%\" viewBox=\"0 0 32 32\"><path d=\"M6.227 12.61h4.19v13.48h-4.19V12.61zm2.095-6.7a2.43 2.43 0 0 1 0 4.86c-1.344 0-2.428-1.09-2.428-2.43s1.084-2.43 2.428-2.43m4.72 6.7h4.02v1.84h.058c.56-1.058 1.927-2.176 3.965-2.176 4.238 0 5.02 2.792 5.02 6.42v7.395h-4.183v-6.56c0-1.564-.03-3.574-2.178-3.574-2.18 0-2.514 1.7-2.514 3.46v6.668h-4.187V12.61z\" fill=\"#fff\"><\/path><\/svg><\/span><\/a><a aria-label=\"Instagram\" class=\"heateor_sss_button_instagram\" href=\"https:\/\/www.instagram.com\/\" title=\"Instagram\" rel=\"nofollow noopener\" target=\"_blank\" style=\"font-size:32px!important;box-shadow:none;display:inline-block;vertical-align:middle\"><span class=\"heateor_sss_svg\" style=\"background-color:#53beee;width:30px;height:30px;border-radius:999px;display:inline-block;opacity:1;float:left;font-size:32px;box-shadow:none;display:inline-block;font-size:16px;padding:0 4px;vertical-align:middle;background-repeat:repeat;overflow:hidden;padding:0;cursor:pointer;box-sizing:content-box\"><svg style=\"display:block;border-radius:999px;\" version=\"1.1\" viewBox=\"-10 -10 148 148\" width=\"100%\" height=\"100%\" xml:space=\"preserve\" xmlns=\"http:\/\/www.w3.org\/2000\/svg\" xmlns:xlink=\"http:\/\/www.w3.org\/1999\/xlink\"><g><g><path d=\"M86,112H42c-14.336,0-26-11.663-26-26V42c0-14.337,11.664-26,26-26h44c14.337,0,26,11.663,26,26v44 C112,100.337,100.337,112,86,112z M42,24c-9.925,0-18,8.074-18,18v44c0,9.925,8.075,18,18,18h44c9.926,0,18-8.075,18-18V42 c0-9.926-8.074-18-18-18H42z\" fill=\"#fff\"><\/path><\/g><g><path d=\"M64,88c-13.234,0-24-10.767-24-24c0-13.234,10.766-24,24-24s24,10.766,24,24C88,77.233,77.234,88,64,88z M64,48c-8.822,0-16,7.178-16,16s7.178,16,16,16c8.822,0,16-7.178,16-16S72.822,48,64,48z\" fill=\"#fff\"><\/path><\/g><g><circle cx=\"89.5\" cy=\"38.5\" fill=\"#fff\" r=\"5.5\"><\/circle><\/g><\/g><\/svg><\/span><\/a><\/div><div class=\"heateorSssClear\"><\/div><\/div>","protected":false},"author":4,"featured_media":0,"parent":0,"menu_order":0,"comment_status":"closed","ping_status":"closed","template":"","meta":{"_acf_changed":false,"footnotes":""},"class_list":["post-9556","page","type-page","status-publish","hentry"],"acf":[],"yoast_head":"<!-- This site is optimized with the Yoast SEO plugin v27.4 - https:\/\/yoast.com\/product\/yoast-seo-wordpress\/ -->\n<title>Kolibr\u00cdDEA - Kolibri Festivaali<\/title>\n<meta name=\"robots\" content=\"index, follow, max-snippet:-1, max-image-preview:large, max-video-preview:-1\" \/>\n<link rel=\"canonical\" href=\"https:\/\/www.kolibrifestivaali.org\/fi\/kolibridea\/\" \/>\n<meta property=\"og:locale\" content=\"fi_FI\" \/>\n<meta property=\"og:type\" content=\"article\" \/>\n<meta property=\"og:title\" content=\"Kolibr\u00cdDEA - Kolibri Festivaali\" \/>\n<meta property=\"og:description\" content=\"Tervetuloa Kolibr\u00cdDEA-sivustolle. T\u00e4m\u00e4 on aineistokokoelma monikielisille lapsille suomeksi, ruotsiksi, espanjaksi ja portugaliksi Kokoelmamme on ideapankki kaikille niille, jotka joutuvat olemaan [\u2026] Lue lis\u00e4\u00e4 &raquo;\" \/>\n<meta property=\"og:url\" content=\"https:\/\/www.kolibrifestivaali.org\/fi\/kolibridea\/\" \/>\n<meta property=\"og:site_name\" content=\"Kolibri Festivaali\" \/>\n<meta property=\"article:modified_time\" content=\"2022-02-17T09:35:18+00:00\" \/>\n<meta property=\"og:image\" content=\"https:\/\/www.kolibrifestivaali.org\/wp-content\/uploads\/2022\/02\/kolibridea-sin-casa-1280x467.jpg\" \/>\n<meta name=\"twitter:card\" content=\"summary_large_image\" \/>\n<meta name=\"twitter:label1\" content=\"Arvioitu lukuaika\" \/>\n\t<meta name=\"twitter:data1\" content=\"2 minuuttia\" \/>\n<script type=\"application\/ld+json\" class=\"yoast-schema-graph\">{\"@context\":\"https:\\\/\\\/schema.org\",\"@graph\":[{\"@type\":\"WebPage\",\"@id\":\"https:\\\/\\\/www.kolibrifestivaali.org\\\/fi\\\/kolibridea\\\/\",\"url\":\"https:\\\/\\\/www.kolibrifestivaali.org\\\/fi\\\/kolibridea\\\/\",\"name\":\"Kolibr\u00cdDEA - Kolibri Festivaali\",\"isPartOf\":{\"@id\":\"https:\\\/\\\/www.kolibrifestivaali.org\\\/fi\\\/#website\"},\"primaryImageOfPage\":{\"@id\":\"https:\\\/\\\/www.kolibrifestivaali.org\\\/fi\\\/kolibridea\\\/#primaryimage\"},\"image\":{\"@id\":\"https:\\\/\\\/www.kolibrifestivaali.org\\\/fi\\\/kolibridea\\\/#primaryimage\"},\"thumbnailUrl\":\"https:\\\/\\\/www.kolibrifestivaali.org\\\/wp-content\\\/uploads\\\/2022\\\/02\\\/kolibridea-sin-casa-1280x467.jpg\",\"datePublished\":\"2022-02-12T16:42:57+00:00\",\"dateModified\":\"2022-02-17T09:35:18+00:00\",\"breadcrumb\":{\"@id\":\"https:\\\/\\\/www.kolibrifestivaali.org\\\/fi\\\/kolibridea\\\/#breadcrumb\"},\"inLanguage\":\"fi\",\"potentialAction\":[{\"@type\":\"ReadAction\",\"target\":[\"https:\\\/\\\/www.kolibrifestivaali.org\\\/fi\\\/kolibridea\\\/\"]}]},{\"@type\":\"ImageObject\",\"inLanguage\":\"fi\",\"@id\":\"https:\\\/\\\/www.kolibrifestivaali.org\\\/fi\\\/kolibridea\\\/#primaryimage\",\"url\":\"https:\\\/\\\/www.kolibrifestivaali.org\\\/wp-content\\\/uploads\\\/2022\\\/02\\\/kolibridea-sin-casa-1280x467.jpg\",\"contentUrl\":\"https:\\\/\\\/www.kolibrifestivaali.org\\\/wp-content\\\/uploads\\\/2022\\\/02\\\/kolibridea-sin-casa-1280x467.jpg\"},{\"@type\":\"BreadcrumbList\",\"@id\":\"https:\\\/\\\/www.kolibrifestivaali.org\\\/fi\\\/kolibridea\\\/#breadcrumb\",\"itemListElement\":[{\"@type\":\"ListItem\",\"position\":1,\"name\":\"Home\",\"item\":\"https:\\\/\\\/www.kolibrifestivaali.org\\\/fi\\\/\"},{\"@type\":\"ListItem\",\"position\":2,\"name\":\"Kolibr\u00cdDEA\"}]},{\"@type\":\"WebSite\",\"@id\":\"https:\\\/\\\/www.kolibrifestivaali.org\\\/fi\\\/#website\",\"url\":\"https:\\\/\\\/www.kolibrifestivaali.org\\\/fi\\\/\",\"name\":\"Kolibri Festivaali\",\"description\":\"Kolibri\u0301 is a unique multicultural, free and open art festival for children and their families.\",\"inLanguage\":\"fi\"}]}<\/script>\n<!-- \/ Yoast SEO plugin. -->","yoast_head_json":{"title":"Kolibr\u00cdDEA - Kolibri Festivaali","robots":{"index":"index","follow":"follow","max-snippet":"max-snippet:-1","max-image-preview":"max-image-preview:large","max-video-preview":"max-video-preview:-1"},"canonical":"https:\/\/www.kolibrifestivaali.org\/fi\/kolibridea\/","og_locale":"fi_FI","og_type":"article","og_title":"Kolibr\u00cdDEA - Kolibri Festivaali","og_description":"Tervetuloa Kolibr\u00cdDEA-sivustolle. T\u00e4m\u00e4 on aineistokokoelma monikielisille lapsille suomeksi, ruotsiksi, espanjaksi ja portugaliksi Kokoelmamme on ideapankki kaikille niille, jotka joutuvat olemaan [\u2026] Lue lis\u00e4\u00e4 &raquo;","og_url":"https:\/\/www.kolibrifestivaali.org\/fi\/kolibridea\/","og_site_name":"Kolibri Festivaali","article_modified_time":"2022-02-17T09:35:18+00:00","og_image":[{"url":"https:\/\/www.kolibrifestivaali.org\/wp-content\/uploads\/2022\/02\/kolibridea-sin-casa-1280x467.jpg","type":"","width":"","height":""}],"twitter_card":"summary_large_image","twitter_misc":{"Arvioitu lukuaika":"2 minuuttia"},"schema":{"@context":"https:\/\/schema.org","@graph":[{"@type":"WebPage","@id":"https:\/\/www.kolibrifestivaali.org\/fi\/kolibridea\/","url":"https:\/\/www.kolibrifestivaali.org\/fi\/kolibridea\/","name":"Kolibr\u00cdDEA - Kolibri Festivaali","isPartOf":{"@id":"https:\/\/www.kolibrifestivaali.org\/fi\/#website"},"primaryImageOfPage":{"@id":"https:\/\/www.kolibrifestivaali.org\/fi\/kolibridea\/#primaryimage"},"image":{"@id":"https:\/\/www.kolibrifestivaali.org\/fi\/kolibridea\/#primaryimage"},"thumbnailUrl":"https:\/\/www.kolibrifestivaali.org\/wp-content\/uploads\/2022\/02\/kolibridea-sin-casa-1280x467.jpg","datePublished":"2022-02-12T16:42:57+00:00","dateModified":"2022-02-17T09:35:18+00:00","breadcrumb":{"@id":"https:\/\/www.kolibrifestivaali.org\/fi\/kolibridea\/#breadcrumb"},"inLanguage":"fi","potentialAction":[{"@type":"ReadAction","target":["https:\/\/www.kolibrifestivaali.org\/fi\/kolibridea\/"]}]},{"@type":"ImageObject","inLanguage":"fi","@id":"https:\/\/www.kolibrifestivaali.org\/fi\/kolibridea\/#primaryimage","url":"https:\/\/www.kolibrifestivaali.org\/wp-content\/uploads\/2022\/02\/kolibridea-sin-casa-1280x467.jpg","contentUrl":"https:\/\/www.kolibrifestivaali.org\/wp-content\/uploads\/2022\/02\/kolibridea-sin-casa-1280x467.jpg"},{"@type":"BreadcrumbList","@id":"https:\/\/www.kolibrifestivaali.org\/fi\/kolibridea\/#breadcrumb","itemListElement":[{"@type":"ListItem","position":1,"name":"Home","item":"https:\/\/www.kolibrifestivaali.org\/fi\/"},{"@type":"ListItem","position":2,"name":"Kolibr\u00cdDEA"}]},{"@type":"WebSite","@id":"https:\/\/www.kolibrifestivaali.org\/fi\/#website","url":"https:\/\/www.kolibrifestivaali.org\/fi\/","name":"Kolibri Festivaali","description":"Kolibri\u0301 is a unique multicultural, free and open art festival for children and their families.","inLanguage":"fi"}]}},"_links":{"self":[{"href":"https:\/\/www.kolibrifestivaali.org\/fi\/wp-json\/wp\/v2\/pages\/9556","targetHints":{"allow":["GET"]}}],"collection":[{"href":"https:\/\/www.kolibrifestivaali.org\/fi\/wp-json\/wp\/v2\/pages"}],"about":[{"href":"https:\/\/www.kolibrifestivaali.org\/fi\/wp-json\/wp\/v2\/types\/page"}],"author":[{"embeddable":true,"href":"https:\/\/www.kolibrifestivaali.org\/fi\/wp-json\/wp\/v2\/users\/4"}],"replies":[{"embeddable":true,"href":"https:\/\/www.kolibrifestivaali.org\/fi\/wp-json\/wp\/v2\/comments?post=9556"}],"version-history":[{"count":2,"href":"https:\/\/www.kolibrifestivaali.org\/fi\/wp-json\/wp\/v2\/pages\/9556\/revisions"}],"predecessor-version":[{"id":9646,"href":"https:\/\/www.kolibrifestivaali.org\/fi\/wp-json\/wp\/v2\/pages\/9556\/revisions\/9646"}],"wp:attachment":[{"href":"https:\/\/www.kolibrifestivaali.org\/fi\/wp-json\/wp\/v2\/media?parent=9556"}],"curies":[{"name":"wp","href":"https:\/\/api.w.org\/{rel}","templated":true}]}}