{"id":9550,"date":"2022-02-12T18:35:36","date_gmt":"2022-02-12T16:35:36","guid":{"rendered":"https:\/\/www.kolibrifestivaali.org\/?page_id=9550"},"modified":"2022-02-17T11:23:11","modified_gmt":"2022-02-17T09:23:11","slug":"katsottavaksi-yhdessa","status":"publish","type":"page","link":"https:\/\/www.kolibrifestivaali.org\/fi\/kolibridea\/katsottavaksi-yhdessa\/","title":{"rendered":"Katsottavaksi yhdess\u00e4"},"content":{"rendered":"\n<h1 class=\"wp-block-heading\" id=\"katsottavaksi-yhdessa\">Katsottavaksi yhdess\u00e4<\/h1>\n\n\n\n<h3 class=\"kolibridea-section wp-block-heading\" id=\"elokuvat\"> <strong>Elokuvat<\/strong><\/h3>\n\n\n\n<ul class=\"wp-block-list\"><li> Heureka: <a rel=\"noreferrer noopener\" href=\"https:\/\/www.heureka.fi\/elokuvat\/\" target=\"_blank\">Planetaarioelokuvat<\/a><\/li><li><a rel=\"noreferrer noopener\" href=\"https:\/\/www.kirjastokino.fi\/fi\/web\/kirjastokino\/category?groupItemId=32936660\" target=\"_blank\">Kirjastokino:<\/a> voit katsella elokuvia ilmaiseksi omilla kirjastotunnuksillasi, mik\u00e4li oman alueesi kirjastot kuuluvat palvelun piiriin.<\/li><li><a href=\"https:\/\/www.viddla.fi\/\" target=\"_blank\" rel=\"noreferrer noopener\">Vidla<\/a>: voit katsella elokuvia ilmaiseksi omilla kirjastotunnuksillasi, mik\u00e4li oman alueesi kirjastot kuuluvat palvelun piiriin.<\/li><\/ul>\n\n\n\n<h3 class=\"kolibridea-section wp-block-heading\" id=\"kuvitus\"> <strong>Kuvitus<\/strong>  <\/h3>\n\n\n\n<ul class=\"wp-block-list\"><li><a rel=\"noreferrer noopener\" href=\"https:\/\/vimeo.com\/104871464?fbclid=IwAR0SnRTOAI7ta5Tf4aqBSbUipqqI3f6JlCImmazNvoAkU72e3-7ftLpDx6U\" target=\"_blank\">Marja Hurme<\/a>: miten h\u00e4n kuvittele lastenkirjoja?<\/li><\/ul>\n\n\n\n<h3 class=\"kolibridea-section wp-block-heading\" id=\"lastenkirjat\"><strong>Lastenkirjat<\/strong><\/h3>\n\n\n\n<ul class=\"wp-block-list\"><li>Kirjailija lukemassa suoran tai videossa:<ul><li>Eppu&nbsp;Nuotio: <a rel=\"noreferrer noopener\" href=\"https:\/\/www.youtube.com\/watch?v=drE3ttWXtM8&amp;feature=youtu.be&amp;fbclid=IwAR1FjpJVQxR8hizCQRNrH5nHeM5soq1P0ffJ1q8YjkqPc2_orPJ2T48JvSw\" target=\"_blank\">Pirkko Punarinta ja kadonnut polkupy\u00f6r\u00e4<\/a>.<\/li><li>Eppu Nuotio: lukee aamuisin klo 9 Maailman viimeiset noidat -kirjaa.Tuoreet videot l\u00f6yd\u00e4t aina&nbsp;<a href=\"https:\/\/www.facebook.com\/UNICEFFinland\/\">Suomen UNICEFin Facebook-sivuilta<\/a>&nbsp;sek\u00e4&nbsp;<a href=\"https:\/\/www.instagram.com\/unicef_finland\/channel\/\">Instagramista IGTV:st\u00e4<\/a>.<\/li><li><a rel=\"noreferrer noopener\" href=\"https:\/\/youtu.be\/AWECNkaL-RY\" target=\"_blank\">Etana&nbsp;Editions<\/a>: luette kirjan p\u00e4iv\u00e4ss\u00e4.<\/li><li>Marja&nbsp;Hurme: <a rel=\"noreferrer noopener\" href=\"https:\/\/www.facebook.com\/anssi.hurme\/videos\/10157406532967945\/UzpfSTEwMDAwNDQ0MjY1NDM0ODoxNTMxMjUwMDQwMzY2NDAz\/?comment_id=Y29tbWVudDozMTE2NDA2OTkxOTE4MDk5XzMxMTk1NTk5NDQ5MzYxMzc%3D\" target=\"_blank\">Lepakkopoika<\/a>.<\/li><li>Rasaliina&nbsp;Sepp\u00e4l\u00e4&nbsp;&amp;&nbsp;Anu&nbsp;Pensola:&nbsp;<a rel=\"noreferrer noopener\" href=\"https:\/\/www.youtube.com\/watch?v=jOW4eKdrXxs\" target=\"_blank\">Villimieli&nbsp;ja&nbsp;Hurja&nbsp;Virus<\/a>.<\/li><li>Reetta&nbsp;Nimell\u00e4: <a rel=\"noreferrer noopener\" href=\"https:\/\/www.youtube.com\/watch?v=PUTlmZFl9hQ&amp;feature=share&amp;fbclid=IwAR3BAoY5Vew6m-tAr49ps33VWU3CE2rJlEmVqOA-XqSegbatEIoD1mT4t1Q\" target=\"_blank\">Siiran&nbsp;sirkusmatka<\/a>.<\/li><li>Reetta&nbsp;Nimell\u00e4,&nbsp;Alexander&nbsp;Reichstein&nbsp;ja&nbsp;Taina&nbsp;Sillanp\u00e4\u00e4: <a rel=\"noreferrer noopener\" href=\"https:\/\/www.youtube.com\/watch?v=8VvSb_j_EPk&amp;t=12s\" target=\"_blank\">Ihmellinen&nbsp;Pallo<\/a>.<\/li><li>Sanna Pelliccioni: <a rel=\"noreferrer noopener\" href=\"https:\/\/www.youtube.com\/watch?v=Gc8Skhql7GA\" target=\"_blank\">ONNI-POIKA JA PARVEKEVIIDAKKO<\/a> Lue Mikko Lauronen.<\/li><\/ul><ul><li>Sanna Pelliccioni: <a rel=\"noreferrer noopener\" href=\"http:\/\/youtube.com\/watch?v=0An3CXme5Gs&amp;t=12s\" target=\"_blank\">ONNI-POIKA OSOITTAA MIELT\u00c4 <\/a> Lue Mikko Lauronen.<\/li><li>Sofi Oksanen: Koronakeitti\u00f6 striimien aikataulut l\u00f6ytyv\u00e4t Oksasen Instagramista ja <a rel=\"noreferrer noopener\" href=\"https:\/\/www.facebook.com\/sofioksanen\" target=\"_blank\">Facebookista<\/a>. <\/li><li>Timo Parvela: Lastenkirjailija <a rel=\"noreferrer noopener\" href=\"https:\/\/www.facebook.com\/kirjailijatimoparvela\/\" target=\"_blank\">Timo Parvelaa<\/a> lukemaan otteita kirjoistaan. Tuoreet videot l\u00f6yd\u00e4t aina&nbsp;<a href=\"https:\/\/www.facebook.com\/UNICEFFinland\/\">Suomen UNICEFin Facebook-sivuilta<\/a>&nbsp;sek\u00e4&nbsp;<a href=\"https:\/\/www.instagram.com\/unicef_finland\/channel\/\">Instagramista IGTV:st\u00e4<\/a>.<\/li><li>Tove&nbsp;Janson: <a aria-label=\"&quot;Taikuri&nbsp;hatu&quot; (opens in a new tab)\" rel=\"noreferrer noopener\" href=\"https:\/\/areena.yle.fi\/audio\/1-50294027?\" target=\"_blank\">Taikuri&nbsp;hatu<\/a>.<\/li><\/ul><\/li><li>Kallion Kirkasto: KallioLIVE <a rel=\"noreferrer noopener\" href=\"https:\/\/www.facebook.com\/notes\/kirjasto-helsinki\/kalliolive-satutunnit\/2912411348839002\/?fref=mentions&amp;__xts__[0]=68.ARCBe0wbOXe6mnS5VV1hbtX5YZhLMyFyixrVhoUfjaKM96ECy6OkfmXcQanjX9fz07xppPmz9AXN3i-O85JDq0DaQYbW2-zS6D0PFyz3vp7A-Efja6i1YYA4el9K8TPHE4pRc-m-FZi0WXbIdmE3GoGsiz7IZutYt8yvuJHFBwLvHAHywQDfuk1osgBfpu7Wdc1pnOF7nmQWmsAVeDXL7nt3_fAyARhv4FCSd6U7KGaEW8FuoOONnRZOvZPoSS16j9sHW44s5YQrxJEh3yjdI_jU2BgDjZQ4BBD8_pDYZo-a-nZ_PwZ-qGqBCwgb4tbFDJgI-hbfCarNXr2e_Liylyug7WMzb11Dw9FVKrx0fs37V9w23ZtgURm8bLtkYRr7TqEurVyIxB4ymDobRks_BAspUm3rPvN-KouB2T7DsA48JmdWV59rWGAc72Y&amp;__tn__=K-R\" target=\"_blank\">Satutunnit<\/a>.<\/li><li>Kankaanp\u00e4\u00e4n kaupunginkirjaston ja Tarinamestareiden tarjoama <a rel=\"noreferrer noopener\" href=\"https:\/\/www.youtube.com\/watch?v=ax_QW_JdAPc&amp;fbclid=IwAR0XCfS0WKHTG7cNB-GvymFoCWyyJnf5lGSq8a_6UByBuDhRNIX3aZuStuA\" target=\"_blank\">piirrossatu<\/a>, joka perustuu Jujja Wieslanderin kuvakirjaan Mimmi lehm\u00e4 kiipe\u00e4\u00e4 puuhun.<\/li><li><a rel=\"noreferrer noopener\" href=\"https:\/\/www.youtube.com\/channel\/UCStBmOSY2hH7tWxWPOv2zFA\/videos\" target=\"_blank\">Lieksan kirjaston kanava:<\/a> Lukumitta-hankkeen oma kirjatubeknava!<\/li><li><a rel=\"noreferrer noopener\" href=\"https:\/\/www.kirjastokaista.fi\/lukukoira-sylvin-vlogi\/?fbclid=IwAR334XxWA0pzRHXRC_RFLak6AcobiZfwqOIEPSSXfDYJRjnFJ7sNnoD1IIc\" target=\"_blank\">Luukukoira:<\/a> Viime vuoden kuopiolainen, sympaattinen lukukoira Sylvi, esiintyy omassa vlogissaan. K\u00e4y seuraamaan!<\/li><li><a rel=\"noreferrer noopener\" href=\"https:\/\/www.youtube.com\/watch?v=ubML8NSOEgk\" target=\"_blank\">Runos.nyt:<\/a> Karanteenissakin voi kuunnella ja katsella runokeikkaa. Runojaan videolla lukevat Jyrki Kiiskinen, Tapani Kinnunen, Harry Salmenniemi, Saila Susiluoto, Miia Toivio, Sinikka Vuola ja Tuija V\u00e4lipakka. Videon on koonnut Mikaela V\u00e4lipakka.<\/li><li><a rel=\"noreferrer noopener\" href=\"https:\/\/www.tartutarinaan.fi\/\" target=\"_blank\">Tartuntarina<\/a>: Isien iltasatuviikko lukul\u00e4hetykset katsottavista alla!<\/li><li><a rel=\"noreferrer noopener\" href=\"https:\/\/www.facebook.com\/toukkakioski\/\" target=\"_blank\">Toukka&nbsp;kioski:<\/a> kirjailija lukemassa suoran tai videossa.<\/li><li>Voi&nbsp;ladata&nbsp;ilmaiseksi&nbsp;satutekstej\u00e4&nbsp;perheen&nbsp;luettavaksi:&nbsp;<ul><li><a rel=\"noreferrer noopener\" href=\"https:\/\/sites.utu.fi\/rinnalla\/kuunneltavia-teksteja-lapsille-books-and-stories-for-children-to-listen\/\" target=\"_blank\">Rinalla<\/a>.<\/li><li><a aria-label=\"  Iltasatu  (opens in a new tab)\" rel=\"noreferrer noopener\" href=\"https:\/\/iltasatu.org\/\" target=\"_blank\">Iltasatu<\/a>.<\/li><\/ul><\/li><li><a rel=\"noreferrer noopener\" href=\"https:\/\/www.iltoppiminen.fi\/uutiset\/lukulumo-avautuu-kaikille\/\" target=\"_blank\">Lukulumo <\/a>on avautuu koronavirustilanteen vuoksi kuukauden ajaksi kaikille! Pedagoginen kuvakirjapalvelu, jossa kuvakirjoja p\u00e4\u00e4see selaamaan ja kuuntelemaan usealla eri kielell\u00e4.<\/li><li><a rel=\"noreferrer noopener\" href=\"https:\/\/www.facebook.com\/LANUfestarit\/?__tn__=HHH-R\" target=\"_blank\">LANU! lasten ja nuorten virtuaalinen kirjallisuusfestivaali <\/a>3.-9.4.2020.<\/li><\/ul>\n\n\n\n<h3 class=\"kolibridea-section wp-block-heading\" id=\"mobiilipelit\"><strong>Mobiilipelit<\/strong><\/h3>\n\n\n\n<ul class=\"wp-block-list\"><li>Heureka:  <ul><li><a href=\"https:\/\/tarinasoitin.fi\/dinot\" target=\"_blank\" rel=\"noreferrer noopener\">Tervetuloa <em>J\u00e4ttim\u00e4iset dinosaurukset<\/em>&nbsp;-n\u00e4yttelyyn! <\/a><\/li><li><a href=\"https:\/\/tarinasoitin.fi\/wbt\" target=\"_blank\" rel=\"noreferrer noopener\">Tervetuloa mets\u00e4st\u00e4m\u00e4\u00e4n bioteknologian sovelluksia p\u00e4\u00e4n\u00e4yttelyyn!<\/a><\/li><li><a href=\"https:\/\/tarinasoitin.fi\/hkp\" target=\"_blank\" rel=\"noreferrer noopener\">Tutustu biotooppeihin ja testaa, miten hyvin tunnet kasveja<\/a>.<\/li><\/ul><\/li><\/ul>\n\n\n\n<h3 class=\"kolibridea-section wp-block-heading\" id=\"musiikki\"><strong>Musiikki<\/strong><\/h3>\n\n\n\n<ul class=\"wp-block-list\"><li> <a rel=\"noreferrer noopener\" href=\"https:\/\/www.facebook.com\/konserttikeskus\/?tn-str=k*F\" target=\"_blank\">Konserttikeskus<\/a>: esitt\u00e4\u00e4 live stream -konsertteja.<\/li><li> <a rel=\"noreferrer noopener\" href=\"https:\/\/www.youtube.com\/watch?v=wEucz5jSre0&amp;feature=youtu.be&amp;fbclid=IwAR1GhINpLKqDro0TXLLXUPNZObtc56AhRakyw7iuckKmL0nUFST5DgHhpwE\" target=\"_blank\">Mimmitmusic<\/a>:<ul><li><a rel=\"noreferrer noopener\" href=\"https:\/\/www.youtube.com\/watch?v=wEucz5jSre0\" target=\"_blank\">MUISTA PEST\u00c4 K\u00c4DET<\/a> &lt;3<\/li><\/ul><\/li><li><a href=\"https:\/\/www.youtube.com\/watch?v=5yFW2efe7GY&amp;fbclid=IwAR0idIW5hK59WkKy_Fxloxxload3yCR8EGauvjp-Xegr4VqDHgCaNR0qbz4\">Tapiola Sinfonietta LIVE:<\/a> Laulut on sovittanut Henna Helasvuo, ja runoja lukee Entressen kirjaston kirjastopedagogi Pirkko Ilmanen.<\/li><\/ul>\n\n\n\n<h3 class=\"kolibridea-section wp-block-heading\" id=\"sirkus\"><strong>Sirkus<\/strong><\/h3>\n\n\n\n<ul class=\"wp-block-list\"><li><a rel=\"noreferrer noopener\" aria-label=\"Cirque du Soleil (opens in a new tab)\" href=\"https:\/\/www.cirquedusoleil.com\/cirqueconnect\" target=\"_blank\">Cirque du Soleil:<\/a> esityksi\u00e4.<\/li><li><a rel=\"noreferrer noopener\" href=\"https:\/\/www.kirjastokaista.fi\/satusirkus-1-jojo-ja-ovi-uuteen\/\" target=\"_blank\">Satusircus:<\/a> Jojo on maita ja mantuja kiert\u00e4v\u00e4 yksin\u00e4inen sirkusklovni&#8230;<\/li><li>Vantaa Kanava: <a rel=\"noreferrer noopener\" href=\"https:\/\/tapahtumat.vantaa.fi\/en-FI\/page\/5e7cc49aa7366e1b3adc9d4d\" target=\"_blank\">KUIN KALA PUUSSA \u2013 SIRKUSESITYS LAPSILLE<\/a>.<\/li><\/ul>\n\n\n\n<h3 class=\"kolibridea-section wp-block-heading\" id=\"tanssi\"><strong>Tanssi<\/strong><\/h3>\n\n\n\n<ul class=\"wp-block-list\"><li>Oopera, balletti ja paljon muuta: <ul><li><a rel=\"noreferrer noopener\" href=\"https:\/\/oopperabaletti.fi\/stage24\/circopera-tallenne\/\" target=\"_blank\">CircOpera<\/a><\/li><li><a rel=\"noreferrer noopener\" href=\"https:\/\/oopperabaletti.fi\/stage24\/djurens-planet\/\" target=\"_blank\">Djurens Planet<\/a><\/li><li><a rel=\"noreferrer noopener\" href=\"https:\/\/oopperabaletti.fi\/stage24\/lumikuningatar-tallenne\/\" target=\"_blank\">Lumikuningatar<\/a><\/li><li><a rel=\"noreferrer noopener\" href=\"https:\/\/oopperabaletti.fi\/stage24\/peppi-pitkatossu-tallenne\/?fbclid=IwAR3cKa38aC8XGVX6ZGHC-3P2rvkZRZOaObRqC5VK3WAX28oeZUwzFGlnsfU\" target=\"_blank\">Peppi Pitk\u00e4tossu<\/a><\/li><li><a rel=\"noreferrer noopener\" href=\"https:\/\/oopperabaletti.fi\/stage24\/pieni-merenneito-tallenne\/\" target=\"_blank\">Pieni merenneito<\/a>  <\/li><\/ul><\/li><\/ul>\n\n\n\n<h3 class=\"kolibridea-section wp-block-heading\" id=\"ehdotuksia-kolibridealle\">Ehdotuksia&nbsp;Kolibr\u00cdDEAlle<\/h3>\n\n\n\n<p>Jos haluat lis\u00e4t\u00e4 uusia ideoita, kirjoita meille t\u00e4nne Jos haluat lis\u00e4t\u00e4 uusia ideoita, kirjoita meille t\u00e4nne:\u00a0<a href=\"https:\/\/www.kolibrifestivaali.org\/fi\/kolibridea\/suggestions\">ehdotuksia\u00a0Kolibr\u00cdDEAlle<\/a><\/p>\n","protected":false},"excerpt":{"rendered":"<p>Katsottavaksi yhdess\u00e4 Elokuvat Heureka: Planetaarioelokuvat Kirjastokino: voit katsella elokuvia ilmaiseksi omilla kirjastotunnuksillasi, mik\u00e4li oman alueesi kirjastot kuuluvat palvelun piiriin. Vidla: [\u2026] <a href=\"https:\/\/www.kolibrifestivaali.org\/fi\/kolibridea\/katsottavaksi-yhdessa\/\">Lue lis\u00e4\u00e4 &raquo;<\/a><\/p>\n<div class='heateor_sss_sharing_container heateor_sss_vertical_sharing heateor_sss_bottom_sharing' style='width:34px;right: -10px;top: 100px;-webkit-box-shadow:none;box-shadow:none;' data-heateor-sss-href='https:\/\/www.kolibrifestivaali.org\/fi\/wp-json\/wp\/v2\/pages\/9550'><div class=\"heateor_sss_sharing_ul\"><a aria-label=\"Facebook\" class=\"heateor_sss_facebook\" href=\"https:\/\/www.facebook.com\/sharer\/sharer.php?u=https%3A%2F%2Fwww.kolibrifestivaali.org%2Ffi%2Fwp-json%2Fwp%2Fv2%2Fpages%2F9550\" title=\"Facebook\" rel=\"nofollow noopener\" target=\"_blank\" style=\"font-size:32px!important;box-shadow:none;display:inline-block;vertical-align:middle\"><span class=\"heateor_sss_svg\" style=\"background-color:#0765FE;width:30px;height:30px;border-radius:999px;display:inline-block;opacity:1;float:left;font-size:32px;box-shadow:none;display:inline-block;font-size:16px;padding:0 4px;vertical-align:middle;background-repeat:repeat;overflow:hidden;padding:0;cursor:pointer;box-sizing:content-box\"><svg style=\"display:block;border-radius:999px;\" focusable=\"false\" aria-hidden=\"true\" xmlns=\"http:\/\/www.w3.org\/2000\/svg\" width=\"100%\" height=\"100%\" viewBox=\"0 0 32 32\"><path fill=\"#fff\" d=\"M28 16c0-6.627-5.373-12-12-12S4 9.373 4 16c0 5.628 3.875 10.35 9.101 11.647v-7.98h-2.474V16H13.1v-1.58c0-4.085 1.849-5.978 5.859-5.978.76 0 2.072.15 2.608.298v3.325c-.283-.03-.775-.045-1.386-.045-1.967 0-2.728.745-2.728 2.683V16h3.92l-.673 3.667h-3.247v8.245C23.395 27.195 28 22.135 28 16Z\"><\/path><\/svg><\/span><\/a><a aria-label=\"X\" class=\"heateor_sss_button_x\" href=\"https:\/\/twitter.com\/intent\/tweet?text=Kolibri%20Festivaali%20-%20Kolibri%CC%81%20is%20a%20unique%20multicultural%2C%20free%20and%20open%20art%20festival%20for%20children%20and%20their%20families.&url=https%3A%2F%2Fwww.kolibrifestivaali.org%2Ffi%2Fwp-json%2Fwp%2Fv2%2Fpages%2F9550\" title=\"X\" rel=\"nofollow noopener\" target=\"_blank\" style=\"font-size:32px!important;box-shadow:none;display:inline-block;vertical-align:middle\"><span class=\"heateor_sss_svg heateor_sss_s__default heateor_sss_s_x\" style=\"background-color:#2a2a2a;width:30px;height:30px;border-radius:999px;display:inline-block;opacity:1;float:left;font-size:32px;box-shadow:none;display:inline-block;font-size:16px;padding:0 4px;vertical-align:middle;background-repeat:repeat;overflow:hidden;padding:0;cursor:pointer;box-sizing:content-box\"><svg width=\"100%\" height=\"100%\" style=\"display:block;border-radius:999px;\" focusable=\"false\" aria-hidden=\"true\" xmlns=\"http:\/\/www.w3.org\/2000\/svg\" viewBox=\"0 0 32 32\"><path fill=\"#fff\" d=\"M21.751 7h3.067l-6.7 7.658L26 25.078h-6.172l-4.833-6.32-5.531 6.32h-3.07l7.167-8.19L6 7h6.328l4.37 5.777L21.75 7Zm-1.076 16.242h1.7L11.404 8.74H9.58l11.094 14.503Z\"><\/path><\/svg><\/span><\/a><a aria-label=\"Linkedin\" class=\"heateor_sss_button_linkedin\" href=\"https:\/\/www.linkedin.com\/sharing\/share-offsite\/?url=https%3A%2F%2Fwww.kolibrifestivaali.org%2Ffi%2Fwp-json%2Fwp%2Fv2%2Fpages%2F9550\" title=\"Linkedin\" rel=\"nofollow noopener\" target=\"_blank\" style=\"font-size:32px!important;box-shadow:none;display:inline-block;vertical-align:middle\"><span class=\"heateor_sss_svg heateor_sss_s__default heateor_sss_s_linkedin\" style=\"background-color:#0077b5;width:30px;height:30px;border-radius:999px;display:inline-block;opacity:1;float:left;font-size:32px;box-shadow:none;display:inline-block;font-size:16px;padding:0 4px;vertical-align:middle;background-repeat:repeat;overflow:hidden;padding:0;cursor:pointer;box-sizing:content-box\"><svg style=\"display:block;border-radius:999px;\" focusable=\"false\" aria-hidden=\"true\" xmlns=\"http:\/\/www.w3.org\/2000\/svg\" width=\"100%\" height=\"100%\" viewBox=\"0 0 32 32\"><path d=\"M6.227 12.61h4.19v13.48h-4.19V12.61zm2.095-6.7a2.43 2.43 0 0 1 0 4.86c-1.344 0-2.428-1.09-2.428-2.43s1.084-2.43 2.428-2.43m4.72 6.7h4.02v1.84h.058c.56-1.058 1.927-2.176 3.965-2.176 4.238 0 5.02 2.792 5.02 6.42v7.395h-4.183v-6.56c0-1.564-.03-3.574-2.178-3.574-2.18 0-2.514 1.7-2.514 3.46v6.668h-4.187V12.61z\" fill=\"#fff\"><\/path><\/svg><\/span><\/a><a aria-label=\"Instagram\" class=\"heateor_sss_button_instagram\" href=\"https:\/\/www.instagram.com\/\" title=\"Instagram\" rel=\"nofollow noopener\" target=\"_blank\" style=\"font-size:32px!important;box-shadow:none;display:inline-block;vertical-align:middle\"><span class=\"heateor_sss_svg\" style=\"background-color:#53beee;width:30px;height:30px;border-radius:999px;display:inline-block;opacity:1;float:left;font-size:32px;box-shadow:none;display:inline-block;font-size:16px;padding:0 4px;vertical-align:middle;background-repeat:repeat;overflow:hidden;padding:0;cursor:pointer;box-sizing:content-box\"><svg style=\"display:block;border-radius:999px;\" version=\"1.1\" viewBox=\"-10 -10 148 148\" width=\"100%\" height=\"100%\" xml:space=\"preserve\" xmlns=\"http:\/\/www.w3.org\/2000\/svg\" xmlns:xlink=\"http:\/\/www.w3.org\/1999\/xlink\"><g><g><path d=\"M86,112H42c-14.336,0-26-11.663-26-26V42c0-14.337,11.664-26,26-26h44c14.337,0,26,11.663,26,26v44 C112,100.337,100.337,112,86,112z M42,24c-9.925,0-18,8.074-18,18v44c0,9.925,8.075,18,18,18h44c9.926,0,18-8.075,18-18V42 c0-9.926-8.074-18-18-18H42z\" fill=\"#fff\"><\/path><\/g><g><path d=\"M64,88c-13.234,0-24-10.767-24-24c0-13.234,10.766-24,24-24s24,10.766,24,24C88,77.233,77.234,88,64,88z M64,48c-8.822,0-16,7.178-16,16s7.178,16,16,16c8.822,0,16-7.178,16-16S72.822,48,64,48z\" fill=\"#fff\"><\/path><\/g><g><circle cx=\"89.5\" cy=\"38.5\" fill=\"#fff\" r=\"5.5\"><\/circle><\/g><\/g><\/svg><\/span><\/a><\/div><div class=\"heateorSssClear\"><\/div><\/div>","protected":false},"author":4,"featured_media":0,"parent":9556,"menu_order":0,"comment_status":"closed","ping_status":"closed","template":"","meta":{"_acf_changed":false,"footnotes":""},"class_list":["post-9550","page","type-page","status-publish","hentry"],"acf":[],"yoast_head":"<!-- This site is optimized with the Yoast SEO plugin v27.4 - https:\/\/yoast.com\/product\/yoast-seo-wordpress\/ -->\n<title>Katsottavaksi yhdess\u00e4 - Kolibri Festivaali<\/title>\n<meta name=\"robots\" content=\"index, follow, max-snippet:-1, max-image-preview:large, max-video-preview:-1\" \/>\n<link rel=\"canonical\" href=\"https:\/\/www.kolibrifestivaali.org\/fi\/kolibridea\/katsottavaksi-yhdessa\/\" \/>\n<meta property=\"og:locale\" content=\"fi_FI\" \/>\n<meta property=\"og:type\" content=\"article\" \/>\n<meta property=\"og:title\" content=\"Katsottavaksi yhdess\u00e4 - Kolibri Festivaali\" \/>\n<meta property=\"og:description\" content=\"Katsottavaksi yhdess\u00e4 Elokuvat Heureka: Planetaarioelokuvat Kirjastokino: voit katsella elokuvia ilmaiseksi omilla kirjastotunnuksillasi, mik\u00e4li oman alueesi kirjastot kuuluvat palvelun piiriin. Vidla: [\u2026] Lue lis\u00e4\u00e4 &raquo;\" \/>\n<meta property=\"og:url\" content=\"https:\/\/www.kolibrifestivaali.org\/fi\/kolibridea\/katsottavaksi-yhdessa\/\" \/>\n<meta property=\"og:site_name\" content=\"Kolibri Festivaali\" \/>\n<meta property=\"article:modified_time\" content=\"2022-02-17T09:23:11+00:00\" \/>\n<meta name=\"twitter:card\" content=\"summary_large_image\" \/>\n<meta name=\"twitter:label1\" content=\"Arvioitu lukuaika\" \/>\n\t<meta name=\"twitter:data1\" content=\"2 minuuttia\" \/>\n<script type=\"application\/ld+json\" class=\"yoast-schema-graph\">{\"@context\":\"https:\\\/\\\/schema.org\",\"@graph\":[{\"@type\":\"WebPage\",\"@id\":\"https:\\\/\\\/www.kolibrifestivaali.org\\\/fi\\\/kolibridea\\\/katsottavaksi-yhdessa\\\/\",\"url\":\"https:\\\/\\\/www.kolibrifestivaali.org\\\/fi\\\/kolibridea\\\/katsottavaksi-yhdessa\\\/\",\"name\":\"Katsottavaksi yhdess\u00e4 - Kolibri Festivaali\",\"isPartOf\":{\"@id\":\"https:\\\/\\\/www.kolibrifestivaali.org\\\/fi\\\/#website\"},\"datePublished\":\"2022-02-12T16:35:36+00:00\",\"dateModified\":\"2022-02-17T09:23:11+00:00\",\"breadcrumb\":{\"@id\":\"https:\\\/\\\/www.kolibrifestivaali.org\\\/fi\\\/kolibridea\\\/katsottavaksi-yhdessa\\\/#breadcrumb\"},\"inLanguage\":\"fi\",\"potentialAction\":[{\"@type\":\"ReadAction\",\"target\":[\"https:\\\/\\\/www.kolibrifestivaali.org\\\/fi\\\/kolibridea\\\/katsottavaksi-yhdessa\\\/\"]}]},{\"@type\":\"BreadcrumbList\",\"@id\":\"https:\\\/\\\/www.kolibrifestivaali.org\\\/fi\\\/kolibridea\\\/katsottavaksi-yhdessa\\\/#breadcrumb\",\"itemListElement\":[{\"@type\":\"ListItem\",\"position\":1,\"name\":\"Home\",\"item\":\"https:\\\/\\\/www.kolibrifestivaali.org\\\/fi\\\/\"},{\"@type\":\"ListItem\",\"position\":2,\"name\":\"Kolibr\u00cdDEA\",\"item\":\"https:\\\/\\\/www.kolibrifestivaali.org\\\/fi\\\/kolibridea\\\/\"},{\"@type\":\"ListItem\",\"position\":3,\"name\":\"Katsottavaksi yhdess\u00e4\"}]},{\"@type\":\"WebSite\",\"@id\":\"https:\\\/\\\/www.kolibrifestivaali.org\\\/fi\\\/#website\",\"url\":\"https:\\\/\\\/www.kolibrifestivaali.org\\\/fi\\\/\",\"name\":\"Kolibri Festivaali\",\"description\":\"Kolibri\u0301 is a unique multicultural, free and open art festival for children and their families.\",\"inLanguage\":\"fi\"}]}<\/script>\n<!-- \/ Yoast SEO plugin. -->","yoast_head_json":{"title":"Katsottavaksi yhdess\u00e4 - Kolibri Festivaali","robots":{"index":"index","follow":"follow","max-snippet":"max-snippet:-1","max-image-preview":"max-image-preview:large","max-video-preview":"max-video-preview:-1"},"canonical":"https:\/\/www.kolibrifestivaali.org\/fi\/kolibridea\/katsottavaksi-yhdessa\/","og_locale":"fi_FI","og_type":"article","og_title":"Katsottavaksi yhdess\u00e4 - Kolibri Festivaali","og_description":"Katsottavaksi yhdess\u00e4 Elokuvat Heureka: Planetaarioelokuvat Kirjastokino: voit katsella elokuvia ilmaiseksi omilla kirjastotunnuksillasi, mik\u00e4li oman alueesi kirjastot kuuluvat palvelun piiriin. Vidla: [\u2026] Lue lis\u00e4\u00e4 &raquo;","og_url":"https:\/\/www.kolibrifestivaali.org\/fi\/kolibridea\/katsottavaksi-yhdessa\/","og_site_name":"Kolibri Festivaali","article_modified_time":"2022-02-17T09:23:11+00:00","twitter_card":"summary_large_image","twitter_misc":{"Arvioitu lukuaika":"2 minuuttia"},"schema":{"@context":"https:\/\/schema.org","@graph":[{"@type":"WebPage","@id":"https:\/\/www.kolibrifestivaali.org\/fi\/kolibridea\/katsottavaksi-yhdessa\/","url":"https:\/\/www.kolibrifestivaali.org\/fi\/kolibridea\/katsottavaksi-yhdessa\/","name":"Katsottavaksi yhdess\u00e4 - Kolibri Festivaali","isPartOf":{"@id":"https:\/\/www.kolibrifestivaali.org\/fi\/#website"},"datePublished":"2022-02-12T16:35:36+00:00","dateModified":"2022-02-17T09:23:11+00:00","breadcrumb":{"@id":"https:\/\/www.kolibrifestivaali.org\/fi\/kolibridea\/katsottavaksi-yhdessa\/#breadcrumb"},"inLanguage":"fi","potentialAction":[{"@type":"ReadAction","target":["https:\/\/www.kolibrifestivaali.org\/fi\/kolibridea\/katsottavaksi-yhdessa\/"]}]},{"@type":"BreadcrumbList","@id":"https:\/\/www.kolibrifestivaali.org\/fi\/kolibridea\/katsottavaksi-yhdessa\/#breadcrumb","itemListElement":[{"@type":"ListItem","position":1,"name":"Home","item":"https:\/\/www.kolibrifestivaali.org\/fi\/"},{"@type":"ListItem","position":2,"name":"Kolibr\u00cdDEA","item":"https:\/\/www.kolibrifestivaali.org\/fi\/kolibridea\/"},{"@type":"ListItem","position":3,"name":"Katsottavaksi yhdess\u00e4"}]},{"@type":"WebSite","@id":"https:\/\/www.kolibrifestivaali.org\/fi\/#website","url":"https:\/\/www.kolibrifestivaali.org\/fi\/","name":"Kolibri Festivaali","description":"Kolibri\u0301 is a unique multicultural, free and open art festival for children and their families.","inLanguage":"fi"}]}},"_links":{"self":[{"href":"https:\/\/www.kolibrifestivaali.org\/fi\/wp-json\/wp\/v2\/pages\/9550","targetHints":{"allow":["GET"]}}],"collection":[{"href":"https:\/\/www.kolibrifestivaali.org\/fi\/wp-json\/wp\/v2\/pages"}],"about":[{"href":"https:\/\/www.kolibrifestivaali.org\/fi\/wp-json\/wp\/v2\/types\/page"}],"author":[{"embeddable":true,"href":"https:\/\/www.kolibrifestivaali.org\/fi\/wp-json\/wp\/v2\/users\/4"}],"replies":[{"embeddable":true,"href":"https:\/\/www.kolibrifestivaali.org\/fi\/wp-json\/wp\/v2\/comments?post=9550"}],"version-history":[{"count":2,"href":"https:\/\/www.kolibrifestivaali.org\/fi\/wp-json\/wp\/v2\/pages\/9550\/revisions"}],"predecessor-version":[{"id":9636,"href":"https:\/\/www.kolibrifestivaali.org\/fi\/wp-json\/wp\/v2\/pages\/9550\/revisions\/9636"}],"up":[{"embeddable":true,"href":"https:\/\/www.kolibrifestivaali.org\/fi\/wp-json\/wp\/v2\/pages\/9556"}],"wp:attachment":[{"href":"https:\/\/www.kolibrifestivaali.org\/fi\/wp-json\/wp\/v2\/media?parent=9550"}],"curies":[{"name":"wp","href":"https:\/\/api.w.org\/{rel}","templated":true}]}}