{"id":325574,"date":"2023-10-29T16:55:04","date_gmt":"2023-10-29T14:55:04","guid":{"rendered":"https:\/\/www.kolibrifestivaali.org\/?page_id=325574"},"modified":"2023-10-29T16:55:05","modified_gmt":"2023-10-29T14:55:05","slug":"isidro-ferrer","status":"publish","type":"page","link":"https:\/\/www.kolibrifestivaali.org\/fi\/aiempina-vuosina\/isidro-ferrer\/","title":{"rendered":"Isidro Ferrer"},"content":{"rendered":"\n<h1 class=\"wp-block-heading\">Isidro Ferrer<\/h1>\n\n\n<div class=\"wp-block-image\">\n<figure class=\"alignleft size-medium\"><img decoding=\"async\" width=\"350\" height=\"525\" src=\"https:\/\/www.kolibrifestivaali.org\/wp-content\/uploads\/2023\/10\/isidro-ferrer-photo-by-colectivo-aguila-1-683x1024-1-350x525.jpg\" alt=\"\" class=\"wp-image-325498\" srcset=\"https:\/\/www.kolibrifestivaali.org\/wp-content\/uploads\/2023\/10\/isidro-ferrer-photo-by-colectivo-aguila-1-683x1024-1-350x525.jpg 350w, https:\/\/www.kolibrifestivaali.org\/wp-content\/uploads\/2023\/10\/isidro-ferrer-photo-by-colectivo-aguila-1-683x1024-1-500x750.jpg 500w, https:\/\/www.kolibrifestivaali.org\/wp-content\/uploads\/2023\/10\/isidro-ferrer-photo-by-colectivo-aguila-1-683x1024-1.jpg 683w\" sizes=\"(max-width: 350px) 100vw, 350px\" \/><\/figure>\n<\/div>\n\n\n<p>Kolibr\u00ed Festivaali 2017 esittelee kunniavieraanaan espanjalaisen kuvittaja-muotoilija ISIDRO FERRERin (1963). Isidro on voittanut seuraavat palkinnot: European Design Award \u201dPoster\u201d 2008, Spanish National Prize 2002 sek\u00e4 Best Children\u2019s Illustration 2006.<\/p>\n\n\n\n<p>Isidro muuttaa maailman visuaaliseksi runoksi, ja luo mielikuvituksensa taialla hahmoja, jotka hyppelev\u00e4t sis\u00e4\u00e4n ja ulos kirjoista, julisteista ja patsaista. Isidro Ferrer tekee maailmaan syv\u00e4n vaikutuksen taiteellisilla ja runollisilla kuvituksillaan. Espanjan edustajana Bolognan lastenkirjamessuilla 2017 Isidron kirja \u201dUn Jardin\u201d (Puutarha) ansaitsi Bologna Ragazzi Awardin kunniamaininnan.<\/p>\n\n\n\n<p>Isidron <strong>n\u00e4yttely<\/strong> Oodi sekamelskalle (LONG LIVE THE MESS)on esill\u00e4 <strong>Kohtaamossa 29.9-8.10.2017<\/strong> Suomenlahdentie 1, Espoo. N\u00e4yttelyn kuraattorina toimii Ina Fiebig. Tervetuloa kokemaan Isidron \u201dsotku\u201d! Vapaa p\u00e4\u00e4sy.<\/p>\n\n\n\n<p>Isidro tulee my\u00f6s pit\u00e4m\u00e4\u00e4n erilaisia <strong>workshopeja<\/strong> <strong>perheille ja 4-13-vuotiaille lapsille<\/strong>. Workshopeissa luodaan hahmoja kierr\u00e4tysmateriaaleista. N\u00e4m\u00e4 workshopit j\u00e4rjestet\u00e4\u00e4n kummallakin festivaalin tapahtumapaikalla:<\/p>\n\n\n\n<ul class=\"wp-block-list\">\n<li>Espoossa Iso Omenan kirjastossa lauantaina 30.9. klo 11-13:30 ja 14:30-16.<\/li>\n\n\n\n<li>Helsingiss\u00e4 Annantalossa sunnuntaina 8.10. klo 11-13:30 ja 14:30-16.<\/li>\n<\/ul>\n\n\n\n<p>Isidro Ferrerin vierailun Helsingiss\u00e4 ja Espoossa mahdollistavat Espanjan suurl\u00e4hetyst\u00f6, Espoon kaupunki, HELMET\/Iso Omenan kirjasto, Helsingin kaupunki\/Annantalo, Kuvittajat ry, Ibero-American Institute of Finland, Club Espa\u00f1ol, sek\u00e4 espanjalaiset julkaisut A buen paso, Media Vaca ja Libros del Zorro Rojo.<\/p>\n\n\n\n<p>Erityiskiitos seuraaville: Isol Misenta, Ina Fiebig, Yvapur\u00fc Samaniego Bonnin, Alexandre Riviello, Stefanie Szabo, Heli Halme, Pirjetta Mulari, Jaana Kanninen ja Paula Hecq.<\/p>\n","protected":false},"excerpt":{"rendered":"<p>Isidro Ferrer Kolibr\u00ed Festivaali 2017 esittelee kunniavieraanaan espanjalaisen kuvittaja-muotoilija ISIDRO FERRERin (1963). Isidro on voittanut seuraavat palkinnot: European Design Award [\u2026] <a href=\"https:\/\/www.kolibrifestivaali.org\/fi\/aiempina-vuosina\/isidro-ferrer\/\">Lue lis\u00e4\u00e4 &raquo;<\/a><\/p>\n<div class='heateor_sss_sharing_container heateor_sss_vertical_sharing heateor_sss_bottom_sharing' style='width:34px;right: -10px;top: 100px;-webkit-box-shadow:none;box-shadow:none;' data-heateor-sss-href='https:\/\/www.kolibrifestivaali.org\/fi\/wp-json\/wp\/v2\/pages\/325574'><div class=\"heateor_sss_sharing_ul\"><a aria-label=\"Facebook\" class=\"heateor_sss_facebook\" href=\"https:\/\/www.facebook.com\/sharer\/sharer.php?u=https%3A%2F%2Fwww.kolibrifestivaali.org%2Ffi%2Fwp-json%2Fwp%2Fv2%2Fpages%2F325574\" title=\"Facebook\" rel=\"nofollow noopener\" target=\"_blank\" style=\"font-size:32px!important;box-shadow:none;display:inline-block;vertical-align:middle\"><span class=\"heateor_sss_svg\" style=\"background-color:#0765FE;width:30px;height:30px;border-radius:999px;display:inline-block;opacity:1;float:left;font-size:32px;box-shadow:none;display:inline-block;font-size:16px;padding:0 4px;vertical-align:middle;background-repeat:repeat;overflow:hidden;padding:0;cursor:pointer;box-sizing:content-box\"><svg style=\"display:block;border-radius:999px;\" focusable=\"false\" aria-hidden=\"true\" xmlns=\"http:\/\/www.w3.org\/2000\/svg\" width=\"100%\" height=\"100%\" viewBox=\"0 0 32 32\"><path fill=\"#fff\" d=\"M28 16c0-6.627-5.373-12-12-12S4 9.373 4 16c0 5.628 3.875 10.35 9.101 11.647v-7.98h-2.474V16H13.1v-1.58c0-4.085 1.849-5.978 5.859-5.978.76 0 2.072.15 2.608.298v3.325c-.283-.03-.775-.045-1.386-.045-1.967 0-2.728.745-2.728 2.683V16h3.92l-.673 3.667h-3.247v8.245C23.395 27.195 28 22.135 28 16Z\"><\/path><\/svg><\/span><\/a><a aria-label=\"X\" class=\"heateor_sss_button_x\" href=\"https:\/\/twitter.com\/intent\/tweet?text=Kolibri%20Festivaali%20-%20Kolibri%CC%81%20is%20a%20unique%20multicultural%2C%20free%20and%20open%20art%20festival%20for%20children%20and%20their%20families.&url=https%3A%2F%2Fwww.kolibrifestivaali.org%2Ffi%2Fwp-json%2Fwp%2Fv2%2Fpages%2F325574\" title=\"X\" rel=\"nofollow noopener\" target=\"_blank\" style=\"font-size:32px!important;box-shadow:none;display:inline-block;vertical-align:middle\"><span class=\"heateor_sss_svg heateor_sss_s__default heateor_sss_s_x\" style=\"background-color:#2a2a2a;width:30px;height:30px;border-radius:999px;display:inline-block;opacity:1;float:left;font-size:32px;box-shadow:none;display:inline-block;font-size:16px;padding:0 4px;vertical-align:middle;background-repeat:repeat;overflow:hidden;padding:0;cursor:pointer;box-sizing:content-box\"><svg width=\"100%\" height=\"100%\" style=\"display:block;border-radius:999px;\" focusable=\"false\" aria-hidden=\"true\" xmlns=\"http:\/\/www.w3.org\/2000\/svg\" viewBox=\"0 0 32 32\"><path fill=\"#fff\" d=\"M21.751 7h3.067l-6.7 7.658L26 25.078h-6.172l-4.833-6.32-5.531 6.32h-3.07l7.167-8.19L6 7h6.328l4.37 5.777L21.75 7Zm-1.076 16.242h1.7L11.404 8.74H9.58l11.094 14.503Z\"><\/path><\/svg><\/span><\/a><a aria-label=\"Linkedin\" class=\"heateor_sss_button_linkedin\" href=\"https:\/\/www.linkedin.com\/sharing\/share-offsite\/?url=https%3A%2F%2Fwww.kolibrifestivaali.org%2Ffi%2Fwp-json%2Fwp%2Fv2%2Fpages%2F325574\" title=\"Linkedin\" rel=\"nofollow noopener\" target=\"_blank\" style=\"font-size:32px!important;box-shadow:none;display:inline-block;vertical-align:middle\"><span class=\"heateor_sss_svg heateor_sss_s__default heateor_sss_s_linkedin\" style=\"background-color:#0077b5;width:30px;height:30px;border-radius:999px;display:inline-block;opacity:1;float:left;font-size:32px;box-shadow:none;display:inline-block;font-size:16px;padding:0 4px;vertical-align:middle;background-repeat:repeat;overflow:hidden;padding:0;cursor:pointer;box-sizing:content-box\"><svg style=\"display:block;border-radius:999px;\" focusable=\"false\" aria-hidden=\"true\" xmlns=\"http:\/\/www.w3.org\/2000\/svg\" width=\"100%\" height=\"100%\" viewBox=\"0 0 32 32\"><path d=\"M6.227 12.61h4.19v13.48h-4.19V12.61zm2.095-6.7a2.43 2.43 0 0 1 0 4.86c-1.344 0-2.428-1.09-2.428-2.43s1.084-2.43 2.428-2.43m4.72 6.7h4.02v1.84h.058c.56-1.058 1.927-2.176 3.965-2.176 4.238 0 5.02 2.792 5.02 6.42v7.395h-4.183v-6.56c0-1.564-.03-3.574-2.178-3.574-2.18 0-2.514 1.7-2.514 3.46v6.668h-4.187V12.61z\" fill=\"#fff\"><\/path><\/svg><\/span><\/a><a aria-label=\"Instagram\" class=\"heateor_sss_button_instagram\" href=\"https:\/\/www.instagram.com\/\" title=\"Instagram\" rel=\"nofollow noopener\" target=\"_blank\" style=\"font-size:32px!important;box-shadow:none;display:inline-block;vertical-align:middle\"><span class=\"heateor_sss_svg\" style=\"background-color:#53beee;width:30px;height:30px;border-radius:999px;display:inline-block;opacity:1;float:left;font-size:32px;box-shadow:none;display:inline-block;font-size:16px;padding:0 4px;vertical-align:middle;background-repeat:repeat;overflow:hidden;padding:0;cursor:pointer;box-sizing:content-box\"><svg style=\"display:block;border-radius:999px;\" version=\"1.1\" viewBox=\"-10 -10 148 148\" width=\"100%\" height=\"100%\" xml:space=\"preserve\" xmlns=\"http:\/\/www.w3.org\/2000\/svg\" xmlns:xlink=\"http:\/\/www.w3.org\/1999\/xlink\"><g><g><path d=\"M86,112H42c-14.336,0-26-11.663-26-26V42c0-14.337,11.664-26,26-26h44c14.337,0,26,11.663,26,26v44 C112,100.337,100.337,112,86,112z M42,24c-9.925,0-18,8.074-18,18v44c0,9.925,8.075,18,18,18h44c9.926,0,18-8.075,18-18V42 c0-9.926-8.074-18-18-18H42z\" fill=\"#fff\"><\/path><\/g><g><path d=\"M64,88c-13.234,0-24-10.767-24-24c0-13.234,10.766-24,24-24s24,10.766,24,24C88,77.233,77.234,88,64,88z M64,48c-8.822,0-16,7.178-16,16s7.178,16,16,16c8.822,0,16-7.178,16-16S72.822,48,64,48z\" fill=\"#fff\"><\/path><\/g><g><circle cx=\"89.5\" cy=\"38.5\" fill=\"#fff\" r=\"5.5\"><\/circle><\/g><\/g><\/svg><\/span><\/a><\/div><div class=\"heateorSssClear\"><\/div><\/div>","protected":false},"author":4,"featured_media":0,"parent":325473,"menu_order":0,"comment_status":"closed","ping_status":"closed","template":"","meta":{"_acf_changed":false,"footnotes":""},"class_list":["post-325574","page","type-page","status-publish","hentry"],"acf":[],"yoast_head":"<!-- This site is optimized with the Yoast SEO plugin v27.4 - https:\/\/yoast.com\/product\/yoast-seo-wordpress\/ -->\n<title>Isidro Ferrer - Kolibri Festivaali<\/title>\n<meta name=\"robots\" content=\"index, follow, max-snippet:-1, max-image-preview:large, max-video-preview:-1\" \/>\n<link rel=\"canonical\" href=\"https:\/\/www.kolibrifestivaali.org\/fi\/aiempina-vuosina\/isidro-ferrer\/\" \/>\n<meta property=\"og:locale\" content=\"fi_FI\" \/>\n<meta property=\"og:type\" content=\"article\" \/>\n<meta property=\"og:title\" content=\"Isidro Ferrer - Kolibri Festivaali\" \/>\n<meta property=\"og:description\" content=\"Isidro Ferrer Kolibr\u00ed Festivaali 2017 esittelee kunniavieraanaan espanjalaisen kuvittaja-muotoilija ISIDRO FERRERin (1963). Isidro on voittanut seuraavat palkinnot: European Design Award [\u2026] Lue lis\u00e4\u00e4 &raquo;\" \/>\n<meta property=\"og:url\" content=\"https:\/\/www.kolibrifestivaali.org\/fi\/aiempina-vuosina\/isidro-ferrer\/\" \/>\n<meta property=\"og:site_name\" content=\"Kolibri Festivaali\" \/>\n<meta property=\"article:modified_time\" content=\"2023-10-29T14:55:05+00:00\" \/>\n<meta property=\"og:image\" content=\"https:\/\/www.kolibrifestivaali.org\/wp-content\/uploads\/2023\/10\/isidro-ferrer-photo-by-colectivo-aguila-1-683x1024-1-350x525.jpg\" \/>\n<meta name=\"twitter:card\" content=\"summary_large_image\" \/>\n<meta name=\"twitter:label1\" content=\"Arvioitu lukuaika\" \/>\n\t<meta name=\"twitter:data1\" content=\"2 minuuttia\" \/>\n<script type=\"application\/ld+json\" class=\"yoast-schema-graph\">{\"@context\":\"https:\\\/\\\/schema.org\",\"@graph\":[{\"@type\":\"WebPage\",\"@id\":\"https:\\\/\\\/www.kolibrifestivaali.org\\\/fi\\\/aiempina-vuosina\\\/isidro-ferrer\\\/\",\"url\":\"https:\\\/\\\/www.kolibrifestivaali.org\\\/fi\\\/aiempina-vuosina\\\/isidro-ferrer\\\/\",\"name\":\"Isidro Ferrer - Kolibri Festivaali\",\"isPartOf\":{\"@id\":\"https:\\\/\\\/www.kolibrifestivaali.org\\\/fi\\\/#website\"},\"primaryImageOfPage\":{\"@id\":\"https:\\\/\\\/www.kolibrifestivaali.org\\\/fi\\\/aiempina-vuosina\\\/isidro-ferrer\\\/#primaryimage\"},\"image\":{\"@id\":\"https:\\\/\\\/www.kolibrifestivaali.org\\\/fi\\\/aiempina-vuosina\\\/isidro-ferrer\\\/#primaryimage\"},\"thumbnailUrl\":\"https:\\\/\\\/www.kolibrifestivaali.org\\\/wp-content\\\/uploads\\\/2023\\\/10\\\/isidro-ferrer-photo-by-colectivo-aguila-1-683x1024-1-350x525.jpg\",\"datePublished\":\"2023-10-29T14:55:04+00:00\",\"dateModified\":\"2023-10-29T14:55:05+00:00\",\"breadcrumb\":{\"@id\":\"https:\\\/\\\/www.kolibrifestivaali.org\\\/fi\\\/aiempina-vuosina\\\/isidro-ferrer\\\/#breadcrumb\"},\"inLanguage\":\"fi\",\"potentialAction\":[{\"@type\":\"ReadAction\",\"target\":[\"https:\\\/\\\/www.kolibrifestivaali.org\\\/fi\\\/aiempina-vuosina\\\/isidro-ferrer\\\/\"]}]},{\"@type\":\"ImageObject\",\"inLanguage\":\"fi\",\"@id\":\"https:\\\/\\\/www.kolibrifestivaali.org\\\/fi\\\/aiempina-vuosina\\\/isidro-ferrer\\\/#primaryimage\",\"url\":\"https:\\\/\\\/www.kolibrifestivaali.org\\\/wp-content\\\/uploads\\\/2023\\\/10\\\/isidro-ferrer-photo-by-colectivo-aguila-1-683x1024-1-350x525.jpg\",\"contentUrl\":\"https:\\\/\\\/www.kolibrifestivaali.org\\\/wp-content\\\/uploads\\\/2023\\\/10\\\/isidro-ferrer-photo-by-colectivo-aguila-1-683x1024-1-350x525.jpg\"},{\"@type\":\"BreadcrumbList\",\"@id\":\"https:\\\/\\\/www.kolibrifestivaali.org\\\/fi\\\/aiempina-vuosina\\\/isidro-ferrer\\\/#breadcrumb\",\"itemListElement\":[{\"@type\":\"ListItem\",\"position\":1,\"name\":\"Home\",\"item\":\"https:\\\/\\\/www.kolibrifestivaali.org\\\/fi\\\/\"},{\"@type\":\"ListItem\",\"position\":2,\"name\":\"Aiempina vuosina\",\"item\":\"https:\\\/\\\/www.kolibrifestivaali.org\\\/fi\\\/aiempina-vuosina\\\/\"},{\"@type\":\"ListItem\",\"position\":3,\"name\":\"Isidro Ferrer\"}]},{\"@type\":\"WebSite\",\"@id\":\"https:\\\/\\\/www.kolibrifestivaali.org\\\/fi\\\/#website\",\"url\":\"https:\\\/\\\/www.kolibrifestivaali.org\\\/fi\\\/\",\"name\":\"Kolibri Festivaali\",\"description\":\"Kolibri\u0301 is a unique multicultural, free and open art festival for children and their families.\",\"inLanguage\":\"fi\"}]}<\/script>\n<!-- \/ Yoast SEO plugin. -->","yoast_head_json":{"title":"Isidro Ferrer - Kolibri Festivaali","robots":{"index":"index","follow":"follow","max-snippet":"max-snippet:-1","max-image-preview":"max-image-preview:large","max-video-preview":"max-video-preview:-1"},"canonical":"https:\/\/www.kolibrifestivaali.org\/fi\/aiempina-vuosina\/isidro-ferrer\/","og_locale":"fi_FI","og_type":"article","og_title":"Isidro Ferrer - Kolibri Festivaali","og_description":"Isidro Ferrer Kolibr\u00ed Festivaali 2017 esittelee kunniavieraanaan espanjalaisen kuvittaja-muotoilija ISIDRO FERRERin (1963). Isidro on voittanut seuraavat palkinnot: European Design Award [\u2026] Lue lis\u00e4\u00e4 &raquo;","og_url":"https:\/\/www.kolibrifestivaali.org\/fi\/aiempina-vuosina\/isidro-ferrer\/","og_site_name":"Kolibri Festivaali","article_modified_time":"2023-10-29T14:55:05+00:00","og_image":[{"url":"https:\/\/www.kolibrifestivaali.org\/wp-content\/uploads\/2023\/10\/isidro-ferrer-photo-by-colectivo-aguila-1-683x1024-1-350x525.jpg","type":"","width":"","height":""}],"twitter_card":"summary_large_image","twitter_misc":{"Arvioitu lukuaika":"2 minuuttia"},"schema":{"@context":"https:\/\/schema.org","@graph":[{"@type":"WebPage","@id":"https:\/\/www.kolibrifestivaali.org\/fi\/aiempina-vuosina\/isidro-ferrer\/","url":"https:\/\/www.kolibrifestivaali.org\/fi\/aiempina-vuosina\/isidro-ferrer\/","name":"Isidro Ferrer - Kolibri Festivaali","isPartOf":{"@id":"https:\/\/www.kolibrifestivaali.org\/fi\/#website"},"primaryImageOfPage":{"@id":"https:\/\/www.kolibrifestivaali.org\/fi\/aiempina-vuosina\/isidro-ferrer\/#primaryimage"},"image":{"@id":"https:\/\/www.kolibrifestivaali.org\/fi\/aiempina-vuosina\/isidro-ferrer\/#primaryimage"},"thumbnailUrl":"https:\/\/www.kolibrifestivaali.org\/wp-content\/uploads\/2023\/10\/isidro-ferrer-photo-by-colectivo-aguila-1-683x1024-1-350x525.jpg","datePublished":"2023-10-29T14:55:04+00:00","dateModified":"2023-10-29T14:55:05+00:00","breadcrumb":{"@id":"https:\/\/www.kolibrifestivaali.org\/fi\/aiempina-vuosina\/isidro-ferrer\/#breadcrumb"},"inLanguage":"fi","potentialAction":[{"@type":"ReadAction","target":["https:\/\/www.kolibrifestivaali.org\/fi\/aiempina-vuosina\/isidro-ferrer\/"]}]},{"@type":"ImageObject","inLanguage":"fi","@id":"https:\/\/www.kolibrifestivaali.org\/fi\/aiempina-vuosina\/isidro-ferrer\/#primaryimage","url":"https:\/\/www.kolibrifestivaali.org\/wp-content\/uploads\/2023\/10\/isidro-ferrer-photo-by-colectivo-aguila-1-683x1024-1-350x525.jpg","contentUrl":"https:\/\/www.kolibrifestivaali.org\/wp-content\/uploads\/2023\/10\/isidro-ferrer-photo-by-colectivo-aguila-1-683x1024-1-350x525.jpg"},{"@type":"BreadcrumbList","@id":"https:\/\/www.kolibrifestivaali.org\/fi\/aiempina-vuosina\/isidro-ferrer\/#breadcrumb","itemListElement":[{"@type":"ListItem","position":1,"name":"Home","item":"https:\/\/www.kolibrifestivaali.org\/fi\/"},{"@type":"ListItem","position":2,"name":"Aiempina vuosina","item":"https:\/\/www.kolibrifestivaali.org\/fi\/aiempina-vuosina\/"},{"@type":"ListItem","position":3,"name":"Isidro Ferrer"}]},{"@type":"WebSite","@id":"https:\/\/www.kolibrifestivaali.org\/fi\/#website","url":"https:\/\/www.kolibrifestivaali.org\/fi\/","name":"Kolibri Festivaali","description":"Kolibri\u0301 is a unique multicultural, free and open art festival for children and their families.","inLanguage":"fi"}]}},"_links":{"self":[{"href":"https:\/\/www.kolibrifestivaali.org\/fi\/wp-json\/wp\/v2\/pages\/325574","targetHints":{"allow":["GET"]}}],"collection":[{"href":"https:\/\/www.kolibrifestivaali.org\/fi\/wp-json\/wp\/v2\/pages"}],"about":[{"href":"https:\/\/www.kolibrifestivaali.org\/fi\/wp-json\/wp\/v2\/types\/page"}],"author":[{"embeddable":true,"href":"https:\/\/www.kolibrifestivaali.org\/fi\/wp-json\/wp\/v2\/users\/4"}],"replies":[{"embeddable":true,"href":"https:\/\/www.kolibrifestivaali.org\/fi\/wp-json\/wp\/v2\/comments?post=325574"}],"version-history":[{"count":1,"href":"https:\/\/www.kolibrifestivaali.org\/fi\/wp-json\/wp\/v2\/pages\/325574\/revisions"}],"predecessor-version":[{"id":325575,"href":"https:\/\/www.kolibrifestivaali.org\/fi\/wp-json\/wp\/v2\/pages\/325574\/revisions\/325575"}],"up":[{"embeddable":true,"href":"https:\/\/www.kolibrifestivaali.org\/fi\/wp-json\/wp\/v2\/pages\/325473"}],"wp:attachment":[{"href":"https:\/\/www.kolibrifestivaali.org\/fi\/wp-json\/wp\/v2\/media?parent=325574"}],"curies":[{"name":"wp","href":"https:\/\/api.w.org\/{rel}","templated":true}]}}