{"id":9562,"date":"2022-02-13T16:10:41","date_gmt":"2022-02-13T14:10:41","guid":{"rendered":"https:\/\/www.kolibrifestivaali.org\/?page_id=9562"},"modified":"2022-02-15T17:05:40","modified_gmt":"2022-02-15T15:05:40","slug":"para-hacer-juntos","status":"publish","type":"page","link":"https:\/\/www.kolibrifestivaali.org\/es\/kolibridea\/para-hacer-juntos\/","title":{"rendered":"Para hacer juntos"},"content":{"rendered":"\n<h1 class=\"wp-block-heading\" id=\"para-hacer-juntos\">Para hacer juntos<\/h1>\n\n\n\n<h2 class=\"kolibridea-section wp-block-heading\" id=\"manualidades\">Manualidades<\/h2>\n\n\n\n<ul class=\"wp-block-list\"><li>En 100 palabras por Fundaci\u00f3n Plagio: <a rel=\"noreferrer noopener\" href=\"https:\/\/educacion.santiagoen100palabras.cl\/img\/cuadernillo_miercoles.pdf?fbclid=IwAR3zY-I-aJ5bzmjv3_hixAKA1-l7nnYU1WyiWcWKJRtDsGRFoUghNylD5uA\" target=\"_blank\">Cuadernillo de escritura&nbsp;+&nbsp;origami<\/a> (PDF)<\/li><li><a rel=\"noreferrer noopener\" aria-label=\" (opens in a new tab)\" href=\"https:\/\/manualidadesplay.com\/ninos\/origami-facil-animales\/\" target=\"_blank\">Origami<\/a><\/li><li><a rel=\"noreferrer noopener\" aria-label=\" (opens in a new tab)\" href=\"http:\/\/www.danielamartagon.com\/actividadesdescargables?fbclid=IwAR37sVkDloU-sDWzjnjDi2YDrs6KNAV3Pg208pX4NwoZ8kxY2DWGWd0R_0w\" target=\"_blank\">Daniela Martagon<\/a>: para jugar con materiales que tenemos en casa. <\/li><li>Editorial Amanuta: <a rel=\"noreferrer noopener\" href=\"https:\/\/www.amanuta.cl\/pages\/hecho-a-mano-actividades-para-hacer-en-casa\" target=\"_blank\">\u00abHecho a mano\u00bb<\/a> para descargar el libro y hacer muchas cosas lindas en familia (PDF)<\/li><li><a rel=\"noreferrer noopener\" href=\"https:\/\/www.youtube.com\/watch?v=a3lWLYZO7vE&amp;feature=youtu.be\" target=\"_blank\">\u00bfPor&nbsp;qu\u00e9&nbsp;corres?<\/a>. Taller realizado por Daniel Tornero (V\u00eddeo)<\/li><li><a rel=\"noreferrer noopener\" aria-label=\" (opens in a new tab)\" href=\"https:\/\/www.imageneseducativas.com\/tangram-figuras-para-imprimir-plantillas-incluidas\/\" target=\"_blank\">TANGRAM<\/a>: para descargar, colorear y aprender jugando.<\/li><\/ul>\n\n\n\n<h2 class=\"kolibridea-section wp-block-heading\" id=\"juegos\">Juegos<\/h2>\n\n\n\n<ul class=\"wp-block-list\"><li><a rel=\"noreferrer noopener\" aria-label=\" (opens in a new tab)\" href=\"https:\/\/www.facebook.com\/AnimacionesAnima\/?tn-str=k*F\" target=\"_blank\">Animaciones \u00c1nima<\/a>: agenda de juegos.<\/li><li><a rel=\"noreferrer noopener\" href=\"https:\/\/www.facebook.com\/202472440308281\/posts\/668259613729559\/?d=null&amp;vh=e\" target=\"_blank\">Mi primer corto<\/a>: pasos para hacer un corto en stop motion.<\/li><li><a rel=\"noreferrer noopener\" aria-label=\" (opens in a new tab)\" href=\"https:\/\/www.facebook.com\/Palabras-para-jugar-Silvia-Schujer-108591230770028\/?tn-str=k*F\" target=\"_blank\">Silvia Schujer<\/a>: muchos ejercicios con palabras para jugar.<\/li><li><a href=\"https:\/\/www.facebook.com\/tinkuylibros\/?tn-str=kF\">Tinkuy<\/a>: juegos literarios y novelas por entregas.<\/li><\/ul>\n\n\n\n<h2 class=\"kolibridea-section wp-block-heading\" id=\"ciencia\">Ciencia<\/h2>\n\n\n\n<ul class=\"wp-block-list\"><li><a rel=\"noreferrer noopener\" href=\"https:\/\/elpais.com\/ciencia\/2020-03-30\/un-abanico-de-ideas-para-aprender-ciencia-desde-casa.html\" target=\"_blank\">Ciencia desde casa<\/a>.<\/li><li><a aria-label=\"Club infantil de la NASA  (opens in a new tab)\" rel=\"noreferrer noopener\" href=\"https:\/\/www.nasa.gov\/kidsclub\/index.html\" target=\"_blank\">Club infantil de la NASA <\/a>(ingl\u00e9s): actividades, libros y&nbsp;juegos.<\/li><li><a aria-label=\"Frontiers&nbsp;for&nbsp;Young&nbsp;Minds (opens in a new tab)\" rel=\"noreferrer noopener\" href=\"https:\/\/kids.frontiersin.org\/\" target=\"_blank\">Frontiers&nbsp;for&nbsp;Young&nbsp;Minds<\/a>&nbsp;(ingl\u00e9s): art\u00edculos&nbsp;ci\u00e9ntificos&nbsp;para la infancia.<\/li><\/ul>\n\n\n\n<h2 class=\"kolibridea-section wp-block-heading\" id=\"ideas\">Ideas<\/h2>\n\n\n\n<ul class=\"wp-block-list\"><li><a rel=\"noreferrer noopener\" aria-label=\"Anima, agenda de juegos (opens in a new tab)\" href=\"https:\/\/www.facebook.com\/AnimacionesAnima\/?tn-str=k*F\" target=\"_blank\">Anima, agenda de juegos<\/a>.<\/li><li><a rel=\"noreferrer noopener\" href=\"https:\/\/earkki.arkki.com\/pages\/arkki-espanol\" target=\"_blank\">Arkki<\/a>: proyectos gratuitos para hacer en familia.<\/li><li><a rel=\"noreferrer noopener\" aria-label=\"Biblioteca Digital Mundial (opens in a new tab)\" href=\"https:\/\/www.wdl.org\/es\/\" target=\"_blank\">Biblioteca Digital Mundial<\/a>: para consultar manuscritos, mapas, libros poco comunes, partituras, grabaciones, pel\u00edculas, grabados, fotograf\u00edas, bocetos arquitect\u00f3nicos.<\/li><li><a href=\"http:\/\/exploradoresdelaciudad.org\/yomequedoencasa\/?fbclid=IwAR20rxIrinenBziCD6plxIWebaYsfZrvfFxATTxoYv1xXk4S6vbeC9w7n6I\">Explorando en casa<\/a>: Bit\u00e1cora de exploraci\u00f3n en casa y en familia.<\/li><li><a rel=\"noreferrer noopener\" href=\"https:\/\/www.youtube.com\/playlist?list=PLtVakOstiSfl8h49n8H60K3aopLK9pi1V\" target=\"_blank\">Instituto Iberoamericano de Finlandia<\/a>: Taller para conocer la literatura n\u00f3rdica infantil contempor\u00e1nea y realizar un v\u00eddeo stop motion en familia.<\/li><li><a rel=\"noreferrer noopener\" aria-label=\"Libros para colorear (opens in a new tab)\" href=\"http:\/\/www.openculture.com\/2019\/02\/download-free-coloring-books-from-113-museums.html\" target=\"_blank\">Libros para colorear<\/a>.<\/li><li>Muchas&nbsp;ideas&nbsp;del <a rel=\"noreferrer noopener\" aria-label=\"Centro Educativo&nbsp;Peque\u00f1o Mundo (opens in a new tab)\" href=\"https:\/\/www.facebook.com\/pmhelsinki\/?tn-str=k*F\" target=\"_blank\">Centro Educativo&nbsp;Peque\u00f1o Mundo<\/a>.<\/li><li><a rel=\"noreferrer noopener\" aria-label=\"Nudos para campamento (opens in a new tab)\" href=\"https:\/\/www.facebook.com\/NudosAmarres\/\" target=\"_blank\">Nudos para campamento<\/a>: video cortitos y simp\u00e1ticos.<\/li><li><a rel=\"noreferrer noopener\" href=\"https:\/\/papaloteencasa.org\/actividades\/videos\/\" target=\"_blank\">Papalote en casa<\/a>: videos con ideas para hacer juntos en casa.<\/li><li><a rel=\"noreferrer noopener\" aria-label=\"ara filosofar propuestas diarias (opens in a new tab)\" href=\"https:\/\/www.facebook.com\/ediciones.iamique\/\" target=\"_blank\">Para filosofar propuestas diarias<\/a>.<\/li><\/ul>\n\n\n\n<h2 class=\"kolibridea-section wp-block-heading\" id=\"sugerencias\">Sugerencias<\/h2>\n\n\n\n<p>Si deseas sumar otras ideas, escr\u00edbenos aqu\u00ed: <a href=\"https:\/\/www.kolibrifestivaali.org\/es\/kolibridea\/suggestions\/\">sugerencias para Kolibr\u00cdDEA<\/a><\/p>\n","protected":false},"excerpt":{"rendered":"<p>Para hacer juntos Manualidades En 100 palabras por Fundaci\u00f3n Plagio: Cuadernillo de escritura&nbsp;+&nbsp;origami (PDF) Origami Daniela Martagon: para jugar con [\u2026] <a href=\"https:\/\/www.kolibrifestivaali.org\/es\/kolibridea\/para-hacer-juntos\/\">Lue lis\u00e4\u00e4 &raquo;<\/a><\/p>\n<div class='heateor_sss_sharing_container heateor_sss_vertical_sharing heateor_sss_bottom_sharing' style='width:34px;right: -10px;top: 100px;-webkit-box-shadow:none;box-shadow:none;' data-heateor-sss-href='https:\/\/www.kolibrifestivaali.org\/es\/wp-json\/wp\/v2\/pages\/9562'><div class=\"heateor_sss_sharing_ul\"><a aria-label=\"Facebook\" class=\"heateor_sss_facebook\" href=\"https:\/\/www.facebook.com\/sharer\/sharer.php?u=https%3A%2F%2Fwww.kolibrifestivaali.org%2Fes%2Fwp-json%2Fwp%2Fv2%2Fpages%2F9562\" title=\"Facebook\" rel=\"nofollow noopener\" target=\"_blank\" style=\"font-size:32px!important;box-shadow:none;display:inline-block;vertical-align:middle\"><span class=\"heateor_sss_svg\" style=\"background-color:#0765FE;width:30px;height:30px;border-radius:999px;display:inline-block;opacity:1;float:left;font-size:32px;box-shadow:none;display:inline-block;font-size:16px;padding:0 4px;vertical-align:middle;background-repeat:repeat;overflow:hidden;padding:0;cursor:pointer;box-sizing:content-box\"><svg style=\"display:block;border-radius:999px;\" focusable=\"false\" aria-hidden=\"true\" xmlns=\"http:\/\/www.w3.org\/2000\/svg\" width=\"100%\" height=\"100%\" viewBox=\"0 0 32 32\"><path fill=\"#fff\" d=\"M28 16c0-6.627-5.373-12-12-12S4 9.373 4 16c0 5.628 3.875 10.35 9.101 11.647v-7.98h-2.474V16H13.1v-1.58c0-4.085 1.849-5.978 5.859-5.978.76 0 2.072.15 2.608.298v3.325c-.283-.03-.775-.045-1.386-.045-1.967 0-2.728.745-2.728 2.683V16h3.92l-.673 3.667h-3.247v8.245C23.395 27.195 28 22.135 28 16Z\"><\/path><\/svg><\/span><\/a><a aria-label=\"X\" class=\"heateor_sss_button_x\" href=\"https:\/\/twitter.com\/intent\/tweet?text=Kolibri%20Festivaali%20-%20Kolibri%CC%81%20is%20a%20unique%20multicultural%2C%20free%20and%20open%20art%20festival%20for%20children%20and%20their%20families.&url=https%3A%2F%2Fwww.kolibrifestivaali.org%2Fes%2Fwp-json%2Fwp%2Fv2%2Fpages%2F9562\" title=\"X\" rel=\"nofollow noopener\" target=\"_blank\" style=\"font-size:32px!important;box-shadow:none;display:inline-block;vertical-align:middle\"><span class=\"heateor_sss_svg heateor_sss_s__default heateor_sss_s_x\" style=\"background-color:#2a2a2a;width:30px;height:30px;border-radius:999px;display:inline-block;opacity:1;float:left;font-size:32px;box-shadow:none;display:inline-block;font-size:16px;padding:0 4px;vertical-align:middle;background-repeat:repeat;overflow:hidden;padding:0;cursor:pointer;box-sizing:content-box\"><svg width=\"100%\" height=\"100%\" style=\"display:block;border-radius:999px;\" focusable=\"false\" aria-hidden=\"true\" xmlns=\"http:\/\/www.w3.org\/2000\/svg\" viewBox=\"0 0 32 32\"><path fill=\"#fff\" d=\"M21.751 7h3.067l-6.7 7.658L26 25.078h-6.172l-4.833-6.32-5.531 6.32h-3.07l7.167-8.19L6 7h6.328l4.37 5.777L21.75 7Zm-1.076 16.242h1.7L11.404 8.74H9.58l11.094 14.503Z\"><\/path><\/svg><\/span><\/a><a aria-label=\"Linkedin\" class=\"heateor_sss_button_linkedin\" href=\"https:\/\/www.linkedin.com\/sharing\/share-offsite\/?url=https%3A%2F%2Fwww.kolibrifestivaali.org%2Fes%2Fwp-json%2Fwp%2Fv2%2Fpages%2F9562\" title=\"Linkedin\" rel=\"nofollow noopener\" target=\"_blank\" style=\"font-size:32px!important;box-shadow:none;display:inline-block;vertical-align:middle\"><span class=\"heateor_sss_svg heateor_sss_s__default heateor_sss_s_linkedin\" style=\"background-color:#0077b5;width:30px;height:30px;border-radius:999px;display:inline-block;opacity:1;float:left;font-size:32px;box-shadow:none;display:inline-block;font-size:16px;padding:0 4px;vertical-align:middle;background-repeat:repeat;overflow:hidden;padding:0;cursor:pointer;box-sizing:content-box\"><svg style=\"display:block;border-radius:999px;\" focusable=\"false\" aria-hidden=\"true\" xmlns=\"http:\/\/www.w3.org\/2000\/svg\" width=\"100%\" height=\"100%\" viewBox=\"0 0 32 32\"><path d=\"M6.227 12.61h4.19v13.48h-4.19V12.61zm2.095-6.7a2.43 2.43 0 0 1 0 4.86c-1.344 0-2.428-1.09-2.428-2.43s1.084-2.43 2.428-2.43m4.72 6.7h4.02v1.84h.058c.56-1.058 1.927-2.176 3.965-2.176 4.238 0 5.02 2.792 5.02 6.42v7.395h-4.183v-6.56c0-1.564-.03-3.574-2.178-3.574-2.18 0-2.514 1.7-2.514 3.46v6.668h-4.187V12.61z\" fill=\"#fff\"><\/path><\/svg><\/span><\/a><a aria-label=\"Instagram\" class=\"heateor_sss_button_instagram\" href=\"https:\/\/www.instagram.com\/\" title=\"Instagram\" rel=\"nofollow noopener\" target=\"_blank\" style=\"font-size:32px!important;box-shadow:none;display:inline-block;vertical-align:middle\"><span class=\"heateor_sss_svg\" style=\"background-color:#53beee;width:30px;height:30px;border-radius:999px;display:inline-block;opacity:1;float:left;font-size:32px;box-shadow:none;display:inline-block;font-size:16px;padding:0 4px;vertical-align:middle;background-repeat:repeat;overflow:hidden;padding:0;cursor:pointer;box-sizing:content-box\"><svg style=\"display:block;border-radius:999px;\" version=\"1.1\" viewBox=\"-10 -10 148 148\" width=\"100%\" height=\"100%\" xml:space=\"preserve\" xmlns=\"http:\/\/www.w3.org\/2000\/svg\" xmlns:xlink=\"http:\/\/www.w3.org\/1999\/xlink\"><g><g><path d=\"M86,112H42c-14.336,0-26-11.663-26-26V42c0-14.337,11.664-26,26-26h44c14.337,0,26,11.663,26,26v44 C112,100.337,100.337,112,86,112z M42,24c-9.925,0-18,8.074-18,18v44c0,9.925,8.075,18,18,18h44c9.926,0,18-8.075,18-18V42 c0-9.926-8.074-18-18-18H42z\" fill=\"#fff\"><\/path><\/g><g><path d=\"M64,88c-13.234,0-24-10.767-24-24c0-13.234,10.766-24,24-24s24,10.766,24,24C88,77.233,77.234,88,64,88z M64,48c-8.822,0-16,7.178-16,16s7.178,16,16,16c8.822,0,16-7.178,16-16S72.822,48,64,48z\" fill=\"#fff\"><\/path><\/g><g><circle cx=\"89.5\" cy=\"38.5\" fill=\"#fff\" r=\"5.5\"><\/circle><\/g><\/g><\/svg><\/span><\/a><\/div><div class=\"heateorSssClear\"><\/div><\/div>","protected":false},"author":4,"featured_media":0,"parent":9542,"menu_order":0,"comment_status":"closed","ping_status":"closed","template":"","meta":{"_acf_changed":false,"footnotes":""},"class_list":["post-9562","page","type-page","status-publish","hentry"],"acf":[],"yoast_head":"<!-- This site is optimized with the Yoast SEO plugin v27.4 - https:\/\/yoast.com\/product\/yoast-seo-wordpress\/ -->\n<title>Para hacer juntos - Kolibri Festivaali<\/title>\n<meta name=\"robots\" content=\"index, follow, max-snippet:-1, max-image-preview:large, max-video-preview:-1\" \/>\n<link rel=\"canonical\" href=\"https:\/\/www.kolibrifestivaali.org\/es\/kolibridea\/para-hacer-juntos\/\" \/>\n<meta property=\"og:locale\" content=\"es_ES\" \/>\n<meta property=\"og:type\" content=\"article\" \/>\n<meta property=\"og:title\" content=\"Para hacer juntos - Kolibri Festivaali\" \/>\n<meta property=\"og:description\" content=\"Para hacer juntos Manualidades En 100 palabras por Fundaci\u00f3n Plagio: Cuadernillo de escritura&nbsp;+&nbsp;origami (PDF) Origami Daniela Martagon: para jugar con [\u2026] Lue lis\u00e4\u00e4 &raquo;\" \/>\n<meta property=\"og:url\" content=\"https:\/\/www.kolibrifestivaali.org\/es\/kolibridea\/para-hacer-juntos\/\" \/>\n<meta property=\"og:site_name\" content=\"Kolibri Festivaali\" \/>\n<meta property=\"article:modified_time\" content=\"2022-02-15T15:05:40+00:00\" \/>\n<meta name=\"twitter:card\" content=\"summary_large_image\" \/>\n<meta name=\"twitter:label1\" content=\"Tiempo de lectura\" \/>\n\t<meta name=\"twitter:data1\" content=\"1 minuto\" \/>\n<script type=\"application\/ld+json\" class=\"yoast-schema-graph\">{\"@context\":\"https:\\\/\\\/schema.org\",\"@graph\":[{\"@type\":\"WebPage\",\"@id\":\"https:\\\/\\\/www.kolibrifestivaali.org\\\/es\\\/kolibridea\\\/para-hacer-juntos\\\/\",\"url\":\"https:\\\/\\\/www.kolibrifestivaali.org\\\/es\\\/kolibridea\\\/para-hacer-juntos\\\/\",\"name\":\"Para hacer juntos - Kolibri Festivaali\",\"isPartOf\":{\"@id\":\"https:\\\/\\\/www.kolibrifestivaali.org\\\/es\\\/#website\"},\"datePublished\":\"2022-02-13T14:10:41+00:00\",\"dateModified\":\"2022-02-15T15:05:40+00:00\",\"breadcrumb\":{\"@id\":\"https:\\\/\\\/www.kolibrifestivaali.org\\\/es\\\/kolibridea\\\/para-hacer-juntos\\\/#breadcrumb\"},\"inLanguage\":\"es\",\"potentialAction\":[{\"@type\":\"ReadAction\",\"target\":[\"https:\\\/\\\/www.kolibrifestivaali.org\\\/es\\\/kolibridea\\\/para-hacer-juntos\\\/\"]}]},{\"@type\":\"BreadcrumbList\",\"@id\":\"https:\\\/\\\/www.kolibrifestivaali.org\\\/es\\\/kolibridea\\\/para-hacer-juntos\\\/#breadcrumb\",\"itemListElement\":[{\"@type\":\"ListItem\",\"position\":1,\"name\":\"Home\",\"item\":\"https:\\\/\\\/www.kolibrifestivaali.org\\\/es\\\/\"},{\"@type\":\"ListItem\",\"position\":2,\"name\":\"Kolibr\u00cdDEA\",\"item\":\"https:\\\/\\\/www.kolibrifestivaali.org\\\/es\\\/kolibridea\\\/\"},{\"@type\":\"ListItem\",\"position\":3,\"name\":\"Para hacer juntos\"}]},{\"@type\":\"WebSite\",\"@id\":\"https:\\\/\\\/www.kolibrifestivaali.org\\\/es\\\/#website\",\"url\":\"https:\\\/\\\/www.kolibrifestivaali.org\\\/es\\\/\",\"name\":\"Kolibri Festivaali\",\"description\":\"Kolibri\u0301 is a unique multicultural, free and open art festival for children and their families.\",\"inLanguage\":\"es\"}]}<\/script>\n<!-- \/ Yoast SEO plugin. -->","yoast_head_json":{"title":"Para hacer juntos - Kolibri Festivaali","robots":{"index":"index","follow":"follow","max-snippet":"max-snippet:-1","max-image-preview":"max-image-preview:large","max-video-preview":"max-video-preview:-1"},"canonical":"https:\/\/www.kolibrifestivaali.org\/es\/kolibridea\/para-hacer-juntos\/","og_locale":"es_ES","og_type":"article","og_title":"Para hacer juntos - Kolibri Festivaali","og_description":"Para hacer juntos Manualidades En 100 palabras por Fundaci\u00f3n Plagio: Cuadernillo de escritura&nbsp;+&nbsp;origami (PDF) Origami Daniela Martagon: para jugar con [\u2026] Lue lis\u00e4\u00e4 &raquo;","og_url":"https:\/\/www.kolibrifestivaali.org\/es\/kolibridea\/para-hacer-juntos\/","og_site_name":"Kolibri Festivaali","article_modified_time":"2022-02-15T15:05:40+00:00","twitter_card":"summary_large_image","twitter_misc":{"Tiempo de lectura":"1 minuto"},"schema":{"@context":"https:\/\/schema.org","@graph":[{"@type":"WebPage","@id":"https:\/\/www.kolibrifestivaali.org\/es\/kolibridea\/para-hacer-juntos\/","url":"https:\/\/www.kolibrifestivaali.org\/es\/kolibridea\/para-hacer-juntos\/","name":"Para hacer juntos - Kolibri Festivaali","isPartOf":{"@id":"https:\/\/www.kolibrifestivaali.org\/es\/#website"},"datePublished":"2022-02-13T14:10:41+00:00","dateModified":"2022-02-15T15:05:40+00:00","breadcrumb":{"@id":"https:\/\/www.kolibrifestivaali.org\/es\/kolibridea\/para-hacer-juntos\/#breadcrumb"},"inLanguage":"es","potentialAction":[{"@type":"ReadAction","target":["https:\/\/www.kolibrifestivaali.org\/es\/kolibridea\/para-hacer-juntos\/"]}]},{"@type":"BreadcrumbList","@id":"https:\/\/www.kolibrifestivaali.org\/es\/kolibridea\/para-hacer-juntos\/#breadcrumb","itemListElement":[{"@type":"ListItem","position":1,"name":"Home","item":"https:\/\/www.kolibrifestivaali.org\/es\/"},{"@type":"ListItem","position":2,"name":"Kolibr\u00cdDEA","item":"https:\/\/www.kolibrifestivaali.org\/es\/kolibridea\/"},{"@type":"ListItem","position":3,"name":"Para hacer juntos"}]},{"@type":"WebSite","@id":"https:\/\/www.kolibrifestivaali.org\/es\/#website","url":"https:\/\/www.kolibrifestivaali.org\/es\/","name":"Kolibri Festivaali","description":"Kolibri\u0301 is a unique multicultural, free and open art festival for children and their families.","inLanguage":"es"}]}},"_links":{"self":[{"href":"https:\/\/www.kolibrifestivaali.org\/es\/wp-json\/wp\/v2\/pages\/9562","targetHints":{"allow":["GET"]}}],"collection":[{"href":"https:\/\/www.kolibrifestivaali.org\/es\/wp-json\/wp\/v2\/pages"}],"about":[{"href":"https:\/\/www.kolibrifestivaali.org\/es\/wp-json\/wp\/v2\/types\/page"}],"author":[{"embeddable":true,"href":"https:\/\/www.kolibrifestivaali.org\/es\/wp-json\/wp\/v2\/users\/4"}],"replies":[{"embeddable":true,"href":"https:\/\/www.kolibrifestivaali.org\/es\/wp-json\/wp\/v2\/comments?post=9562"}],"version-history":[{"count":4,"href":"https:\/\/www.kolibrifestivaali.org\/es\/wp-json\/wp\/v2\/pages\/9562\/revisions"}],"predecessor-version":[{"id":9610,"href":"https:\/\/www.kolibrifestivaali.org\/es\/wp-json\/wp\/v2\/pages\/9562\/revisions\/9610"}],"up":[{"embeddable":true,"href":"https:\/\/www.kolibrifestivaali.org\/es\/wp-json\/wp\/v2\/pages\/9542"}],"wp:attachment":[{"href":"https:\/\/www.kolibrifestivaali.org\/es\/wp-json\/wp\/v2\/media?parent=9562"}],"curies":[{"name":"wp","href":"https:\/\/api.w.org\/{rel}","templated":true}]}}