{"id":9545,"date":"2022-02-12T18:31:17","date_gmt":"2022-02-12T16:31:17","guid":{"rendered":"https:\/\/www.kolibrifestivaali.org\/?page_id=9545"},"modified":"2022-02-15T17:05:48","modified_gmt":"2022-02-15T15:05:48","slug":"para-ver-juntos","status":"publish","type":"page","link":"https:\/\/www.kolibrifestivaali.org\/es\/kolibridea\/para-ver-juntos\/","title":{"rendered":"Para ver juntos"},"content":{"rendered":"\n<h1 class=\"wp-block-heading\" id=\"para-ver-juntos\">Para ver juntos<\/h1>\n\n\n\n<h2 class=\"kolibridea-section wp-block-heading\" id=\"narraciones\">Narraciones<\/h2>\n\n\n\n<ul class=\"wp-block-list\"><li>\u00a1\u00c2lbum! &#8211;&nbsp;Asoc.&nbsp;Editoriales&nbsp;Independientes&nbsp;LIJ.&nbsp;<a rel=\"noreferrer noopener\" href=\"https:\/\/www.youtube.com\/channel\/UCG7XiDT2DsHenpQcvUv3Y5A\/videos\" target=\"_blank\">Narradores de Espa\u00f1a cuentan una historia \u00a1\u00c2LBUM! cada d\u00eda<\/a><\/li><li>Alija Ibby Argentina: <a rel=\"noreferrer noopener\" aria-label=\" (opens in a new tab)\" href=\"https:\/\/www.facebook.com\/alija.ibbyargentina\/?tn-str=kF\" target=\"_blank\">todos los d\u00edas un cuento<\/a>.<\/li><li>Andrea Ferrari: <a rel=\"noreferrer noopener\" aria-label=\" (opens in a new tab)\" href=\"https:\/\/www.loqueleo.com\/ar\/uploads\/2016\/05\/la-rebelion-de-las-palabras.pdf?\" target=\"_blank\">\u00abLa rebeli\u00f3n de las palabras\u00bb<\/a>.<\/li><li><a rel=\"noreferrer noopener\" aria-label=\" (opens in a new tab)\" href=\"https:\/\/www.facebook.com\/LibrosCMadrid\/\" target=\"_blank\">Biblioteca deMadrid<\/a>.<\/li><li>Casa de la literatura peruana:&nbsp;<a rel=\"noreferrer noopener\" href=\"http:\/\/www.casadelaliteratura.gob.pe\/descarga-aqui-cancionero-del-programa-bebetecas\/?fbclid=IwAR0rSc2049eNlmbUJkTTwwkChzbTl-cgJQYdPY2wzzk1MbXf5KqR-d5Vq4o\" target=\"_blank\">Cancionero del Programa bebetecas: textos, vidieos y audios.<\/a>&nbsp;<\/li><li>Diego Bianki: <a rel=\"noreferrer noopener\" aria-label=\" (opens in a new tab)\" href=\"https:\/\/www.youtube.com\/watch?v=GB0LixDCrAc&amp;fbclid=IwAR2Xt7vOxZwhw3Uer_wtxK7vo_5OdjHw2OAgwxJo_es7X4qOpWETtXB9UUs\" target=\"_blank\">\u00abRompecabezas\u00bb<\/a>.<\/li><li>Editorial SM: <a rel=\"noreferrer noopener\" aria-label=\" (opens in a new tab)\" href=\"https:\/\/es.literaturasm.com\/actualidad\/bienvenidos-tardes-de-cuento-sm\" target=\"_blank\">autores narran online<\/a>.<\/li><li>Graciela Montes<a rel=\"noreferrer noopener\" aria-label=\" (opens in a new tab)\" href=\"https:\/\/www.youtube.com\/watch?v=DoRF1hQoxcY&amp;t=36s\" target=\"_blank\">: \u00abClarita se volvi\u00f3 invisible\u00bb<\/a>.<\/li><li>Graciela Montes: <a rel=\"noreferrer noopener\" aria-label=\" (opens in a new tab)\" href=\"https:\/\/www.youtube.com\/watch?v=d7h2pG3baYE\" target=\"_blank\">\u00abLa venganza de la trenza\u00bb<\/a>.<\/li><li>Gustavo Rold\u00e1n: <a rel=\"noreferrer noopener\" aria-label=\" (opens in a new tab)\" href=\"https:\/\/www.youtube.com\/watch?v=aAV2Hk_qvOE\" target=\"_blank\">\u00abBendici\u00f3n de drag\u00f3n\u00bb<\/a>.<\/li><li>Gustavo Rold\u00e1n: <a rel=\"noreferrer noopener\" aria-label=\" (opens in a new tab)\" href=\"https:\/\/www.youtube.com\/watch?v=n4g4Ze2y6I4\" target=\"_blank\">\u00abCuento con piojo y picaflor\u00bb<\/a>.<\/li><li>IBBY M\u00e9xico:&nbsp;<a rel=\"noreferrer noopener\" href=\"https:\/\/www.facebook.com\/ibbymexico\/videos\/679171762845628\/?v=679171762845628\" target=\"_blank\">\u00abMi l\u00e1piz\u00bb<\/a><\/li><li>Instituto&nbsp;Iberoamericano&nbsp;de Finlandia: <a rel=\"noreferrer noopener\" href=\"https:\/\/www.youtube.com\/playlist?list=PLtVakOstiSfl8h49n8H60K3aopLK9pi1V\" target=\"_blank\">Taller para conocer la literatura n\u00f3rdica infantil contempor\u00e1nea<\/a><\/li><li>Isol Misenta: <a rel=\"noreferrer noopener\" aria-label=\" (opens in a new tab)\" href=\"https:\/\/www.youtube.com\/watch?v=f1pEn1Sw2JY&amp;fbclid=IwAR1qtFSlGZYkBDeE9R0OUbqCgS-z9zC4cMpgU3OGX3ttjV4avBQiA3zIpT4\" target=\"_blank\">\u00abCosas que pasan\u00bb<\/a>.<\/li><li>Isol Misenta: <a rel=\"noreferrer noopener\" aria-label=\" (opens in a new tab)\" href=\"https:\/\/www.youtube.com\/watch?v=aL11CDMzB20\" target=\"_blank\">\u00abEl Menino\u00bb<\/a>.<\/li><li>Isol Misenta: <a rel=\"noreferrer noopener\" aria-label=\" (opens in a new tab)\" href=\"https:\/\/www.youtube.com\/watch?v=6Bmtn9mWE88&amp;t=47s\" target=\"_blank\">\u00abSecreto de Familia\u00bb<\/a>.<\/li><li>Isol Misenta: <a rel=\"noreferrer noopener\" aria-label=\" (opens in a new tab)\" href=\"https:\/\/www.youtube.com\/watch?v=LtPxZrikPsA&amp;list=RD6ghKvPxmabc&amp;index=2\" target=\"_blank\">\u00abVida de Perros\u00bb<\/a>.<\/li><li>Isol Misenta: <a rel=\"noreferrer noopener\" aria-label=\" (opens in a new tab)\" href=\"https:\/\/www.youtube.com\/watch?v=g9P12wFJPsI&amp;list=RDCMUCwFaHK7ir817prgY5Y-qemw&amp;start_radio=1&amp;t=45\" target=\"_blank\">\u00abLa Bella Griselda\u00bb<\/a>.<\/li><li>Jimena Vera Psar\u00f3: <a rel=\"noreferrer noopener\" aria-label=\" (opens in a new tab)\" href=\"https:\/\/cultura.cfi.org.ar\/Contenido\/Nota\/534?Audioteca-Federal.-Provincia-de-La-Rioja.-%22Nadar-en-el-desierto%22&amp;fbclid=IwAR00rI0xI91Z2ztieunve6va3DYGJm01jLTf5N9AmvhEdimQkM6rTtVw33Y\" target=\"_blank\">\u00abNadar en el desierto\u00bb<\/a> (descargar audiocuento + gu\u00eda con actividades).<\/li><li>Jorge Lujan: <a rel=\"noreferrer noopener\" aria-label=\" (opens in a new tab)\" href=\"https:\/\/www.youtube.com\/watch?v=oIw2sAIPjtM\" target=\"_blank\">\u00abSer y parecer\u00bb<\/a>.<\/li><li>Jorge Lujan: <a rel=\"noreferrer noopener\" aria-label=\" (opens in a new tab)\" href=\"https:\/\/www.youtube.com\/watch?v=G5oEHg8IC9c\" target=\"_blank\">\u00abTic Toc\u00bb<\/a>.<\/li><li>Mar Benegas &amp; Lalalimola: <a rel=\"noreferrer noopener\" aria-label=\" (opens in a new tab)\" href=\"https:\/\/www.youtube.com\/watch?v=xq8D-ssobgw\" target=\"_blank\">\u00abLe pondremos un bigote?\u00bb<\/a>.<\/li><li>Mar Benegas &amp; Luisa Vera: <a rel=\"noreferrer noopener\" aria-label=\" (opens in a new tab)\" href=\"https:\/\/www.youtube.com\/watch?v=FiYRdRCaquM\" target=\"_blank\">\u00abLas ara\u00f1itas de la risa\u00bb<\/a>.<\/li><li>Mar Benegas &amp; Mar\u00eda Reyes Guijarro: <a rel=\"noreferrer noopener\" aria-label=\" (opens in a new tab)\" href=\"https:\/\/www.youtube.com\/watch?v=ULEmxM2B1pM\" target=\"_blank\">\u00abTras tras. Colecci\u00f3n &#8216;La cereza'\u00bb<\/a>.<\/li><li>Mar Benegas &amp; Marta Com\u00edn,:<a rel=\"noreferrer noopener\" aria-label=\" (opens in a new tab)\" href=\"https:\/\/www.youtube.com\/watch?v=dH-C15ZU-SM\" target=\"_blank\">\u00abCari &#8211; Caricias\u00bb<\/a>.<\/li><li>M\u00e1rgara Averbach: <a rel=\"noreferrer noopener\" aria-label=\" (opens in a new tab)\" href=\"https:\/\/www.youtube.com\/watch?v=AF_xi4nwo0k\" target=\"_blank\">\u00abEl armario y La Luna\u00bb<\/a>.<\/li><li>Mar\u00eda Jos\u00e9 Ferrada &amp; Diana Kisner: <a rel=\"noreferrer noopener\" aria-label=\" (opens in a new tab)\" href=\"https:\/\/www.facebook.com\/bicentenariope\/videos\/207881583859615\/\" target=\"_blank\">\u00abViaje al espacio interior\u00bb<\/a>.<\/li><li>Mar\u00eda Jos\u00e9&nbsp;Ferrada&nbsp;y Miguel Pang Ly.:&nbsp;<a rel=\"noreferrer noopener\" href=\"https:\/\/www.youtube.com\/watch?fbclid=IwAR3yTDzoQb8UWIA-MPBREf3IHTrvfus6yFXUMkcZalJ-Jrsj4gCNKoDVxjE&amp;feature=youtu.be&amp;v=0aPiPXYh8w8&amp;app=desktop\" target=\"_blank\">\u00abEl \u00e1rbol de las cosas\u00bb (le\u00eddo por Lola Prieto)<\/a><\/li><li>Mar\u00eda Teresa Andrueto: <a rel=\"noreferrer noopener\" aria-label=\" (opens in a new tab)\" href=\"https:\/\/www.youtube.com\/watch?v=g26IAvhaAxw\" target=\"_blank\">\u00abEl \u00e1rbol de las Lilas\u00bb<\/a>.<\/li><li>Mar\u00eda Teresa Andrueto: <a rel=\"noreferrer noopener\" aria-label=\" (opens in a new tab)\" href=\"https:\/\/www.youtube.com\/watch?v=sOEW1FrR7cA\" target=\"_blank\">\u00abSolgo\u00bb<\/a> (para leer).<\/li><li><a href=\"http:\/\/j.mp\/Audioteca\">Mediateca CFI<\/a>.<\/li><li>Micaela Chirif: <a rel=\"noreferrer noopener\" aria-label=\" (opens in a new tab)\" href=\"https:\/\/www.youtube.com\/watch?v=hVqUtUefaQ0\" target=\"_blank\">\u00abD\u00f3nde est\u00e1 Tom\u00e1s\u00bb<\/a>.<\/li><li>Micaela Chirif: <a rel=\"noreferrer noopener\" aria-label=\" (opens in a new tab)\" href=\"https:\/\/www.youtube.com\/watch?v=AVwPLoaCk9s&amp;list=PL25oB55MOUKW4sTRUSHN5X14p3isjUp_3\" target=\"_blank\">\u00abMas te vale Mastodonte\u00bb<\/a>.<\/li><li>Micaela&nbsp;Chirif. Ilustraciones Carmen Cardemil: <a rel=\"noreferrer noopener\" href=\"https:\/\/www.adnradio.cl\/encasa\/2020\/04\/28\/escucha-aqui-niebla-de-micaela-chirif.html\" target=\"_blank\">\u201cNiebla\u201d<\/a><\/li><li>Pablo Bernasconi:&nbsp;<a rel=\"noreferrer noopener\" href=\"https:\/\/www.facebook.com\/bernasconipablo\/photos\/a.305154416242351\/2927829067308193\/?type=3\" target=\"_blank\">Un cuento por d\u00eda<\/a><\/li><li>Peter H. Reynolds: <a rel=\"noreferrer noopener\" aria-label=\" (opens in a new tab)\" href=\"https:\/\/www.youtube.com\/watch?v=GAze286PmAU\" target=\"_blank\">\u00abEl Punto\u00bb<\/a>.<\/li><li>Storytime con Andr\u00e9s: <a rel=\"noreferrer noopener\" href=\"https:\/\/www.facebook.com\/la.libreria.en.LA\/videos\/520744801940676\/?v=520744801940676\" target=\"_blank\">\u00abMi cara\u00bb<\/a><\/li><li>Storytime con Andr\u00e9s: <a rel=\"noreferrer noopener\" href=\"https:\/\/www.facebook.com\/la.libreria.en.LA\/videos\/185577995857283\/?v=185577995857283\" target=\"_blank\">\u00abEl escondite\u00bb<\/a><\/li><li>68voces: <a rel=\"noreferrer noopener\" href=\"https:\/\/68voces.mx\/tojolabal\" target=\"_blank\">\u00abTojolabal. El tigre y el grillo\u00bb<\/a>&nbsp;<\/li><li>Unicef Chile: <a href=\"https:\/\/www.adnradio.cl\/encasa\/?fbclid=IwAR3fUCMFGLCNTcIenJgsdDBlrZt0_vE7zrqCPrvNJLvv2DMG7rmt2mG7P1A\" target=\"_blank\" rel=\"noreferrer noopener\">En casa. Historias para ver y escuchar<\/a>.<\/li><\/ul>\n\n\n\n<h2 class=\"kolibridea-section wp-block-heading\" id=\"canales\">Canales<\/h2>\n\n\n\n<ul class=\"wp-block-list\"><li><a rel=\"noreferrer noopener\" href=\"https:\/\/www.youtube.com\/watch?v=nyI0iJRFCVk&amp;feature=youtu.be&amp;fbclid=IwAR3oTy9bIwGReHDLqttBCDDxfq6lmFXs-3itXL0ZdWkFDd8K7Bnvqp1Px50\" target=\"_blank\">Cantoalegre<\/a>: Karaoke &#8211; \u00abLa Tierra es la casa de Todos\u00bb<\/li><li><a rel=\"noreferrer noopener\" label=\" (opens in a new tab)\" href=\"http:\/\/kalandraka.tv\" target=\"_blank\">Kalandraka tv<\/a>: varias secciones interesantes.<\/li><li><a rel=\"noreferrer noopener\" href=\"https:\/\/www.youtube.com\/playlist?list=PL0YzeD6ouK2jDUSqzFkjN0ounHQgXDcLR\" target=\"_blank\">Kokoroc\u00f3<\/a>: programa musical animado para ni\u00f1os.<\/li><li><a rel=\"noreferrer noopener\" href=\"https:\/\/www.youtube.com\/playlist?list=PLvT-wUZ-8_1d3k3nNnlSd-cj4z3wx85GY\" target=\"_blank\">Pablo Bernasconi<\/a>: Un cuento por d\u00eda. <\/li><li><a rel=\"noreferrer noopener\" aria-label=\" (opens in a new tab)\" href=\"https:\/\/www.youtube.com\/user\/CanalPakapaka\" target=\"_blank\">Paka Paka<\/a>: muchas ideas, animaciones, series.<\/li><\/ul>\n\n\n\n<h2 class=\"kolibridea-section wp-block-heading\" id=\"visitas-virtuales-sin-salir-de-casa\">Visitas virtuales sin salir de casa<\/h2>\n\n\n\n<ul class=\"wp-block-list\"><li><a rel=\"noreferrer noopener\" aria-label=\" (opens in a new tab)\" href=\"https:\/\/www.franzabaleta.com\/index.php\/8-mundos-historicos\/290-como-viajar-sin-salir-de-casa-visitas-virtuales-a-lugares-historicos?fbclid=IwAR0WhU3gJSiyxNRYG-z0H7SNC6nJ3bONPchfv-XW9-JL7c7vR8yXJHfl2MY\" target=\"_blank\">Lugares hist\u00f3ricos<\/a>.<\/li><li><a rel=\"noreferrer noopener\" aria-label=\" (opens in a new tab)\" href=\"https:\/\/www.travelandleisure.com\/attractions\/museums-galleries\/museums-with-virtual-tours?utm_source=facebook.com&amp;utm_medium=social&amp;utm_campaign=social-share-article&amp;utm_content=20200313&amp;fbclid=IwAR3ATMVqEVJkRt7vb3cpCHwb2DtorBT-HB5Gs8k3YYSqR4LsDYmJoBYuAgs\" target=\"_blank\">Museos<\/a>.<\/li><li><a rel=\"noreferrer noopener\" href=\"https:\/\/www.recorridosvirtuales.com\/frida_kahlo\/museo_frida_kahlo.html?fbclid=IwAR2jTu3tAY2PlWeYr3I37dEXSc3lqreTTAoI7Mqa2hTnMX7jZkRLqyQWtD4\" target=\"_blank\">Museo Frida Kahlo<\/a>&nbsp;<\/li><li><a rel=\"noreferrer noopener\" href=\"https:\/\/www.agendamenuda.es\/planes-en-casa\/recursos-en-la-cuarentena\/2091-visita-online-al-museo-del-prado-para-ninos?f&amp;fbclid=IwAR04Cstj0WKyIrylUM9vMLD1ZXNyvxKew0f0VWZlTTN96D1s-5WDPmRAKG8\" target=\"_blank\">Museo del Prado.<\/a>&nbsp;Visita online para ni\u00f1os.<\/li><\/ul>\n\n\n\n<h2 class=\"kolibridea-section wp-block-heading\" id=\"teatro\">Teatro<\/h2>\n\n\n\n<ul class=\"wp-block-list\"><li><a rel=\"noreferrer noopener\" aria-label=\"Instituto Nacional de Artes Esc\u00e9nicas y de la M\u00fasica (opens in a new tab)\" href=\"http:\/\/teatroteca.teatro.es\/opac\/?locale=es#indice\" target=\"_blank\">Instituto Nacional de Artes Esc\u00e9nicas y de la M\u00fasica<\/a>, tiene una secci\u00f3n de obras de teatro infantil con&nbsp;contempor\u00e1neas&nbsp;y&nbsp;cl\u00e1sicas. S\u00f3lo es necesario inscribirse en la p\u00e1gina.&nbsp;<\/li><\/ul>\n\n\n\n<h2 class=\"kolibridea-section wp-block-heading\" id=\"circo\">Circo<\/h2>\n\n\n\n<ul class=\"wp-block-list\"><li><a rel=\"noreferrer noopener\" aria-label=\"Circo del Sol (opens in a new tab)\" href=\"https:\/\/www.cirquedusoleil.com\/cirqueconnect\" target=\"_blank\">Circo del Sol<\/a>:&nbsp;espect\u00e1culos&nbsp;y performances.<\/li><\/ul>\n\n\n\n<h2 class=\"kolibridea-section wp-block-heading\" id=\"sugerencias\">Sugerencias<\/h2>\n\n\n\n<p>Si deseas sumar otras ideas, escr\u00edbenos aqu\u00ed: <a href=\"https:\/\/www.kolibrifestivaali.org\/es\/kolibridea\/suggestions\/\">sugerencias para Kolibr\u00cdDEA<\/a><\/p>\n","protected":false},"excerpt":{"rendered":"<p>Para ver juntos Narraciones \u00a1\u00c2lbum! &#8211;&nbsp;Asoc.&nbsp;Editoriales&nbsp;Independientes&nbsp;LIJ.&nbsp;Narradores de Espa\u00f1a cuentan una historia \u00a1\u00c2LBUM! cada d\u00eda Alija Ibby Argentina: todos los d\u00edas [\u2026] <a href=\"https:\/\/www.kolibrifestivaali.org\/es\/kolibridea\/para-ver-juntos\/\">Lue lis\u00e4\u00e4 &raquo;<\/a><\/p>\n<div class='heateor_sss_sharing_container heateor_sss_vertical_sharing heateor_sss_bottom_sharing' style='width:34px;right: -10px;top: 100px;-webkit-box-shadow:none;box-shadow:none;' data-heateor-sss-href='https:\/\/www.kolibrifestivaali.org\/es\/wp-json\/wp\/v2\/pages\/9545'><div class=\"heateor_sss_sharing_ul\"><a aria-label=\"Facebook\" class=\"heateor_sss_facebook\" href=\"https:\/\/www.facebook.com\/sharer\/sharer.php?u=https%3A%2F%2Fwww.kolibrifestivaali.org%2Fes%2Fwp-json%2Fwp%2Fv2%2Fpages%2F9545\" title=\"Facebook\" rel=\"nofollow noopener\" target=\"_blank\" style=\"font-size:32px!important;box-shadow:none;display:inline-block;vertical-align:middle\"><span class=\"heateor_sss_svg\" style=\"background-color:#0765FE;width:30px;height:30px;border-radius:999px;display:inline-block;opacity:1;float:left;font-size:32px;box-shadow:none;display:inline-block;font-size:16px;padding:0 4px;vertical-align:middle;background-repeat:repeat;overflow:hidden;padding:0;cursor:pointer;box-sizing:content-box\"><svg style=\"display:block;border-radius:999px;\" focusable=\"false\" aria-hidden=\"true\" xmlns=\"http:\/\/www.w3.org\/2000\/svg\" width=\"100%\" height=\"100%\" viewBox=\"0 0 32 32\"><path fill=\"#fff\" d=\"M28 16c0-6.627-5.373-12-12-12S4 9.373 4 16c0 5.628 3.875 10.35 9.101 11.647v-7.98h-2.474V16H13.1v-1.58c0-4.085 1.849-5.978 5.859-5.978.76 0 2.072.15 2.608.298v3.325c-.283-.03-.775-.045-1.386-.045-1.967 0-2.728.745-2.728 2.683V16h3.92l-.673 3.667h-3.247v8.245C23.395 27.195 28 22.135 28 16Z\"><\/path><\/svg><\/span><\/a><a aria-label=\"X\" class=\"heateor_sss_button_x\" href=\"https:\/\/twitter.com\/intent\/tweet?text=Kolibri%20Festivaali%20-%20Kolibri%CC%81%20is%20a%20unique%20multicultural%2C%20free%20and%20open%20art%20festival%20for%20children%20and%20their%20families.&url=https%3A%2F%2Fwww.kolibrifestivaali.org%2Fes%2Fwp-json%2Fwp%2Fv2%2Fpages%2F9545\" title=\"X\" rel=\"nofollow noopener\" target=\"_blank\" style=\"font-size:32px!important;box-shadow:none;display:inline-block;vertical-align:middle\"><span class=\"heateor_sss_svg heateor_sss_s__default heateor_sss_s_x\" style=\"background-color:#2a2a2a;width:30px;height:30px;border-radius:999px;display:inline-block;opacity:1;float:left;font-size:32px;box-shadow:none;display:inline-block;font-size:16px;padding:0 4px;vertical-align:middle;background-repeat:repeat;overflow:hidden;padding:0;cursor:pointer;box-sizing:content-box\"><svg width=\"100%\" height=\"100%\" style=\"display:block;border-radius:999px;\" focusable=\"false\" aria-hidden=\"true\" xmlns=\"http:\/\/www.w3.org\/2000\/svg\" viewBox=\"0 0 32 32\"><path fill=\"#fff\" d=\"M21.751 7h3.067l-6.7 7.658L26 25.078h-6.172l-4.833-6.32-5.531 6.32h-3.07l7.167-8.19L6 7h6.328l4.37 5.777L21.75 7Zm-1.076 16.242h1.7L11.404 8.74H9.58l11.094 14.503Z\"><\/path><\/svg><\/span><\/a><a aria-label=\"Linkedin\" class=\"heateor_sss_button_linkedin\" href=\"https:\/\/www.linkedin.com\/sharing\/share-offsite\/?url=https%3A%2F%2Fwww.kolibrifestivaali.org%2Fes%2Fwp-json%2Fwp%2Fv2%2Fpages%2F9545\" title=\"Linkedin\" rel=\"nofollow noopener\" target=\"_blank\" style=\"font-size:32px!important;box-shadow:none;display:inline-block;vertical-align:middle\"><span class=\"heateor_sss_svg heateor_sss_s__default heateor_sss_s_linkedin\" style=\"background-color:#0077b5;width:30px;height:30px;border-radius:999px;display:inline-block;opacity:1;float:left;font-size:32px;box-shadow:none;display:inline-block;font-size:16px;padding:0 4px;vertical-align:middle;background-repeat:repeat;overflow:hidden;padding:0;cursor:pointer;box-sizing:content-box\"><svg style=\"display:block;border-radius:999px;\" focusable=\"false\" aria-hidden=\"true\" xmlns=\"http:\/\/www.w3.org\/2000\/svg\" width=\"100%\" height=\"100%\" viewBox=\"0 0 32 32\"><path d=\"M6.227 12.61h4.19v13.48h-4.19V12.61zm2.095-6.7a2.43 2.43 0 0 1 0 4.86c-1.344 0-2.428-1.09-2.428-2.43s1.084-2.43 2.428-2.43m4.72 6.7h4.02v1.84h.058c.56-1.058 1.927-2.176 3.965-2.176 4.238 0 5.02 2.792 5.02 6.42v7.395h-4.183v-6.56c0-1.564-.03-3.574-2.178-3.574-2.18 0-2.514 1.7-2.514 3.46v6.668h-4.187V12.61z\" fill=\"#fff\"><\/path><\/svg><\/span><\/a><a aria-label=\"Instagram\" class=\"heateor_sss_button_instagram\" href=\"https:\/\/www.instagram.com\/\" title=\"Instagram\" rel=\"nofollow noopener\" target=\"_blank\" style=\"font-size:32px!important;box-shadow:none;display:inline-block;vertical-align:middle\"><span class=\"heateor_sss_svg\" style=\"background-color:#53beee;width:30px;height:30px;border-radius:999px;display:inline-block;opacity:1;float:left;font-size:32px;box-shadow:none;display:inline-block;font-size:16px;padding:0 4px;vertical-align:middle;background-repeat:repeat;overflow:hidden;padding:0;cursor:pointer;box-sizing:content-box\"><svg style=\"display:block;border-radius:999px;\" version=\"1.1\" viewBox=\"-10 -10 148 148\" width=\"100%\" height=\"100%\" xml:space=\"preserve\" xmlns=\"http:\/\/www.w3.org\/2000\/svg\" xmlns:xlink=\"http:\/\/www.w3.org\/1999\/xlink\"><g><g><path d=\"M86,112H42c-14.336,0-26-11.663-26-26V42c0-14.337,11.664-26,26-26h44c14.337,0,26,11.663,26,26v44 C112,100.337,100.337,112,86,112z M42,24c-9.925,0-18,8.074-18,18v44c0,9.925,8.075,18,18,18h44c9.926,0,18-8.075,18-18V42 c0-9.926-8.074-18-18-18H42z\" fill=\"#fff\"><\/path><\/g><g><path d=\"M64,88c-13.234,0-24-10.767-24-24c0-13.234,10.766-24,24-24s24,10.766,24,24C88,77.233,77.234,88,64,88z M64,48c-8.822,0-16,7.178-16,16s7.178,16,16,16c8.822,0,16-7.178,16-16S72.822,48,64,48z\" fill=\"#fff\"><\/path><\/g><g><circle cx=\"89.5\" cy=\"38.5\" fill=\"#fff\" r=\"5.5\"><\/circle><\/g><\/g><\/svg><\/span><\/a><\/div><div class=\"heateorSssClear\"><\/div><\/div>","protected":false},"author":4,"featured_media":0,"parent":9542,"menu_order":0,"comment_status":"closed","ping_status":"closed","template":"","meta":{"_acf_changed":false,"footnotes":""},"class_list":["post-9545","page","type-page","status-publish","hentry"],"acf":[],"yoast_head":"<!-- This site is optimized with the Yoast SEO plugin v27.4 - https:\/\/yoast.com\/product\/yoast-seo-wordpress\/ -->\n<title>Para ver juntos - Kolibri Festivaali<\/title>\n<meta name=\"robots\" content=\"index, follow, max-snippet:-1, max-image-preview:large, max-video-preview:-1\" \/>\n<link rel=\"canonical\" href=\"https:\/\/www.kolibrifestivaali.org\/es\/kolibridea\/para-ver-juntos\/\" \/>\n<meta property=\"og:locale\" content=\"es_ES\" \/>\n<meta property=\"og:type\" content=\"article\" \/>\n<meta property=\"og:title\" content=\"Para ver juntos - Kolibri Festivaali\" \/>\n<meta property=\"og:description\" content=\"Para ver juntos Narraciones \u00a1\u00c2lbum! &#8211;&nbsp;Asoc.&nbsp;Editoriales&nbsp;Independientes&nbsp;LIJ.&nbsp;Narradores de Espa\u00f1a cuentan una historia \u00a1\u00c2LBUM! cada d\u00eda Alija Ibby Argentina: todos los d\u00edas [\u2026] Lue lis\u00e4\u00e4 &raquo;\" \/>\n<meta property=\"og:url\" content=\"https:\/\/www.kolibrifestivaali.org\/es\/kolibridea\/para-ver-juntos\/\" \/>\n<meta property=\"og:site_name\" content=\"Kolibri Festivaali\" \/>\n<meta property=\"article:modified_time\" content=\"2022-02-15T15:05:48+00:00\" \/>\n<meta name=\"twitter:card\" content=\"summary_large_image\" \/>\n<meta name=\"twitter:label1\" content=\"Tiempo de lectura\" \/>\n\t<meta name=\"twitter:data1\" content=\"2 minutos\" \/>\n<script type=\"application\/ld+json\" class=\"yoast-schema-graph\">{\"@context\":\"https:\\\/\\\/schema.org\",\"@graph\":[{\"@type\":\"WebPage\",\"@id\":\"https:\\\/\\\/www.kolibrifestivaali.org\\\/es\\\/kolibridea\\\/para-ver-juntos\\\/\",\"url\":\"https:\\\/\\\/www.kolibrifestivaali.org\\\/es\\\/kolibridea\\\/para-ver-juntos\\\/\",\"name\":\"Para ver juntos - Kolibri Festivaali\",\"isPartOf\":{\"@id\":\"https:\\\/\\\/www.kolibrifestivaali.org\\\/es\\\/#website\"},\"datePublished\":\"2022-02-12T16:31:17+00:00\",\"dateModified\":\"2022-02-15T15:05:48+00:00\",\"breadcrumb\":{\"@id\":\"https:\\\/\\\/www.kolibrifestivaali.org\\\/es\\\/kolibridea\\\/para-ver-juntos\\\/#breadcrumb\"},\"inLanguage\":\"es\",\"potentialAction\":[{\"@type\":\"ReadAction\",\"target\":[\"https:\\\/\\\/www.kolibrifestivaali.org\\\/es\\\/kolibridea\\\/para-ver-juntos\\\/\"]}]},{\"@type\":\"BreadcrumbList\",\"@id\":\"https:\\\/\\\/www.kolibrifestivaali.org\\\/es\\\/kolibridea\\\/para-ver-juntos\\\/#breadcrumb\",\"itemListElement\":[{\"@type\":\"ListItem\",\"position\":1,\"name\":\"Home\",\"item\":\"https:\\\/\\\/www.kolibrifestivaali.org\\\/es\\\/\"},{\"@type\":\"ListItem\",\"position\":2,\"name\":\"Kolibr\u00cdDEA\",\"item\":\"https:\\\/\\\/www.kolibrifestivaali.org\\\/es\\\/kolibridea\\\/\"},{\"@type\":\"ListItem\",\"position\":3,\"name\":\"Para ver juntos\"}]},{\"@type\":\"WebSite\",\"@id\":\"https:\\\/\\\/www.kolibrifestivaali.org\\\/es\\\/#website\",\"url\":\"https:\\\/\\\/www.kolibrifestivaali.org\\\/es\\\/\",\"name\":\"Kolibri Festivaali\",\"description\":\"Kolibri\u0301 is a unique multicultural, free and open art festival for children and their families.\",\"inLanguage\":\"es\"}]}<\/script>\n<!-- \/ Yoast SEO plugin. -->","yoast_head_json":{"title":"Para ver juntos - Kolibri Festivaali","robots":{"index":"index","follow":"follow","max-snippet":"max-snippet:-1","max-image-preview":"max-image-preview:large","max-video-preview":"max-video-preview:-1"},"canonical":"https:\/\/www.kolibrifestivaali.org\/es\/kolibridea\/para-ver-juntos\/","og_locale":"es_ES","og_type":"article","og_title":"Para ver juntos - Kolibri Festivaali","og_description":"Para ver juntos Narraciones \u00a1\u00c2lbum! &#8211;&nbsp;Asoc.&nbsp;Editoriales&nbsp;Independientes&nbsp;LIJ.&nbsp;Narradores de Espa\u00f1a cuentan una historia \u00a1\u00c2LBUM! cada d\u00eda Alija Ibby Argentina: todos los d\u00edas [\u2026] Lue lis\u00e4\u00e4 &raquo;","og_url":"https:\/\/www.kolibrifestivaali.org\/es\/kolibridea\/para-ver-juntos\/","og_site_name":"Kolibri Festivaali","article_modified_time":"2022-02-15T15:05:48+00:00","twitter_card":"summary_large_image","twitter_misc":{"Tiempo de lectura":"2 minutos"},"schema":{"@context":"https:\/\/schema.org","@graph":[{"@type":"WebPage","@id":"https:\/\/www.kolibrifestivaali.org\/es\/kolibridea\/para-ver-juntos\/","url":"https:\/\/www.kolibrifestivaali.org\/es\/kolibridea\/para-ver-juntos\/","name":"Para ver juntos - Kolibri Festivaali","isPartOf":{"@id":"https:\/\/www.kolibrifestivaali.org\/es\/#website"},"datePublished":"2022-02-12T16:31:17+00:00","dateModified":"2022-02-15T15:05:48+00:00","breadcrumb":{"@id":"https:\/\/www.kolibrifestivaali.org\/es\/kolibridea\/para-ver-juntos\/#breadcrumb"},"inLanguage":"es","potentialAction":[{"@type":"ReadAction","target":["https:\/\/www.kolibrifestivaali.org\/es\/kolibridea\/para-ver-juntos\/"]}]},{"@type":"BreadcrumbList","@id":"https:\/\/www.kolibrifestivaali.org\/es\/kolibridea\/para-ver-juntos\/#breadcrumb","itemListElement":[{"@type":"ListItem","position":1,"name":"Home","item":"https:\/\/www.kolibrifestivaali.org\/es\/"},{"@type":"ListItem","position":2,"name":"Kolibr\u00cdDEA","item":"https:\/\/www.kolibrifestivaali.org\/es\/kolibridea\/"},{"@type":"ListItem","position":3,"name":"Para ver juntos"}]},{"@type":"WebSite","@id":"https:\/\/www.kolibrifestivaali.org\/es\/#website","url":"https:\/\/www.kolibrifestivaali.org\/es\/","name":"Kolibri Festivaali","description":"Kolibri\u0301 is a unique multicultural, free and open art festival for children and their families.","inLanguage":"es"}]}},"_links":{"self":[{"href":"https:\/\/www.kolibrifestivaali.org\/es\/wp-json\/wp\/v2\/pages\/9545","targetHints":{"allow":["GET"]}}],"collection":[{"href":"https:\/\/www.kolibrifestivaali.org\/es\/wp-json\/wp\/v2\/pages"}],"about":[{"href":"https:\/\/www.kolibrifestivaali.org\/es\/wp-json\/wp\/v2\/types\/page"}],"author":[{"embeddable":true,"href":"https:\/\/www.kolibrifestivaali.org\/es\/wp-json\/wp\/v2\/users\/4"}],"replies":[{"embeddable":true,"href":"https:\/\/www.kolibrifestivaali.org\/es\/wp-json\/wp\/v2\/comments?post=9545"}],"version-history":[{"count":4,"href":"https:\/\/www.kolibrifestivaali.org\/es\/wp-json\/wp\/v2\/pages\/9545\/revisions"}],"predecessor-version":[{"id":9612,"href":"https:\/\/www.kolibrifestivaali.org\/es\/wp-json\/wp\/v2\/pages\/9545\/revisions\/9612"}],"up":[{"embeddable":true,"href":"https:\/\/www.kolibrifestivaali.org\/es\/wp-json\/wp\/v2\/pages\/9542"}],"wp:attachment":[{"href":"https:\/\/www.kolibrifestivaali.org\/es\/wp-json\/wp\/v2\/media?parent=9545"}],"curies":[{"name":"wp","href":"https:\/\/api.w.org\/{rel}","templated":true}]}}